{"id":100,"date":"2018-02-11T13:08:58","date_gmt":"2018-02-11T12:08:58","guid":{"rendered":"http:\/\/idateart.com\/?page_id=100"},"modified":"2022-07-23T14:55:49","modified_gmt":"2022-07-23T12:55:49","slug":"kunstberatung-expertise","status":"publish","type":"page","link":"https:\/\/idateart.com\/de_de\/kunstberatung-expertise\/","title":{"rendered":"Werk &#038; Wert | Kunstexpertise &#038; Gutachterservice"},"content":{"rendered":"<p style=\"text-align: justify;\"><a href=\"http:\/\/idateart.com\/wp-content\/uploads\/2018\/03\/IMG_20180301_105124.jpg\"><img loading=\"lazy\" decoding=\"async\" class=\"size-full wp-image-391\" src=\"http:\/\/idateart.com\/wp-content\/uploads\/2018\/03\/IMG_20180301_105124.jpg\" alt=\"\" width=\"2688\" height=\"1512\" srcset=\"https:\/\/idateart.com\/wp-content\/uploads\/2018\/03\/IMG_20180301_105124.jpg 2688w, https:\/\/idateart.com\/wp-content\/uploads\/2018\/03\/IMG_20180301_105124-300x169.jpg 300w, https:\/\/idateart.com\/wp-content\/uploads\/2018\/03\/IMG_20180301_105124-768x432.jpg 768w, https:\/\/idateart.com\/wp-content\/uploads\/2018\/03\/IMG_20180301_105124-1024x576.jpg 1024w\" sizes=\"auto, (max-width: 2688px) 100vw, 2688px\" \/><\/a><\/p>\n<p style=\"text-align: left;\">Die Kunstberatung bildet zusammen mit der fachlichen Expertise die Basis f\u00fcr eine erfolgreiche Konzeptionierung von Sammlungen, die monet\u00e4re Bewertung von Kunstwerken oder f\u00fcr die Erarbeitung und Realisierung von Projekten, die mit der Bildenden Kunst in Verbindung stehen. I date art<em>.<\/em>\u00ae bietet <strong>Evaluierungen und Bewertungen von Kunstwerken<\/strong> f\u00fcr <strong>Banken, Gerichte, Versicherungen, Nachlassverwaltungen<\/strong> und im Rahmen von <strong>Ank\u00e4ufen<\/strong> oder <strong>Ver\u00e4u\u00dferungen<\/strong>. Die Gutachten werden je nach Bedarf kompakt oder ausf\u00fchrlich geschrieben. Die pers\u00f6nliche Besichtigung des Werkes ist neben der Angabe von Provenienz, Ausstellungshistorie und den Grunddaten des Kunstwerkes ausschlaggebend f\u00fcr die Wertermittlung. Dabei ist es unerheblich, ob sich die Arbeit in einem Lager, Ausstellungshaus oder privaten Haushalt befindet.<\/p>\n<p style=\"text-align: left;\">Neben der Evaluierung lassen sich mit der I date art<em>.\u00ae<\/em> Expertise auch weiterf\u00fchrende Projekte umsetzen. So ist die <strong>Inventarisierung und Archivierung<\/strong> von Kunstwerken oder die Beratung beim <strong>Auf- und Ausbau von Sammlungen und Kunstfonds<\/strong> m\u00f6glich. Die verschiedenen W\u00fcnsche und Schwerpunkte, eine Sammlung bzw. einen Fonds zu gestalten, sind vielf\u00e4ltig. Von der Idee bis zur konkreten Umsetzung sind einige Zwischenschritte zu beachten. I date art.\u00ae ber\u00e4t, macht Vorschl\u00e4ge und erstellt die Konzeption in Absprache mit dem Interessenten.<\/p>\n<p style=\"text-align: left;\">Originale Kunst im \u00f6ffentlichen Raum ist heute gefragter denn je und hat die g\u00e4ngigen Kunstdrucke als B\u00fcroausstattung in Unternehmen abgel\u00f6st. <strong>Grand und Design Hotels<\/strong> setzen ganze <strong>Art Interior Konzepte<\/strong> um. <strong>Konzerne<\/strong> und zunehmend auch <strong>mittelst\u00e4ndische Unternehmen<\/strong> statten ihre <strong>B\u00fcror\u00e4umlichkeiten mit originaler Kunst<\/strong> aus. Vielfach werden Arbeiten der unternehmenseigenen Sammlung in den B\u00fcros der Mitarbeiter ausgestellt. Wir freuen uns, Sie dahingehend beraten zu d\u00fcrfen.<\/p>\n<p style=\"text-align: left;\">Die Vermittlung von Kontakten zu nationalen und international spezialisierten Restauratoren, Wissenschaftlern, Galeristen, Kuratoren, Logistikern, Versicherungsmaklern, K\u00fcnstlern und weiteren Teilnehmern des Kunstmarktes ist f\u00fcr uns selbstverst\u00e4ndlich, um Ihr Projekt zum Erfolg zu f\u00fchren.<\/p>\n","protected":false},"excerpt":{"rendered":"<p>Die Kunstberatung bildet zusammen mit der fachlichen Expertise die Basis f\u00fcr eine erfolgreiche Konzeptionierung von Sammlungen, die monet\u00e4re Bewertung von Kunstwerken oder f\u00fcr die Erarbeitung und Realisierung von Projekten, die mit der Bildenden Kunst in Verbindung stehen. I date art.\u00ae bietet Evaluierungen und Bewertungen von Kunstwerken f\u00fcr Banken, Gerichte, Versicherungen, Nachlassverwaltungen und im Rahmen von [&hellip;]<\/p>\n","protected":false},"author":1,"featured_media":0,"parent":0,"menu_order":0,"comment_status":"closed","ping_status":"closed","template":"","meta":{"jetpack_post_was_ever_published":false,"footnotes":""},"class_list":["post-100","page","type-page","status-publish","hentry"],"yoast_head":"<!-- This site is optimized with the Yoast SEO plugin v24.9 - https:\/\/yoast.com\/wordpress\/plugins\/seo\/ -->\n<title>Werk &amp; Wert | Kunstexpertise &amp; Gutachterservice - I date art.<\/title>\n<meta name=\"robots\" content=\"index, follow, max-snippet:-1, max-image-preview:large, max-video-preview:-1\" \/>\n<link rel=\"canonical\" href=\"https:\/\/idateart.com\/de_de\/kunstberatung-expertise\/\" \/>\n<meta property=\"og:locale\" content=\"de_DE\" \/>\n<meta property=\"og:type\" content=\"article\" \/>\n<meta property=\"og:title\" content=\"Werk &amp; Wert | Kunstexpertise &amp; Gutachterservice - I date art.\" \/>\n<meta property=\"og:description\" content=\"Die Kunstberatung bildet zusammen mit der fachlichen Expertise die Basis f\u00fcr eine erfolgreiche Konzeptionierung von Sammlungen, die monet\u00e4re Bewertung von Kunstwerken oder f\u00fcr die Erarbeitung und Realisierung von Projekten, die mit der Bildenden Kunst in Verbindung stehen. I date art.\u00ae bietet Evaluierungen und Bewertungen von Kunstwerken f\u00fcr Banken, Gerichte, Versicherungen, Nachlassverwaltungen und im Rahmen von [&hellip;]\" \/>\n<meta property=\"og:url\" content=\"https:\/\/idateart.com\/de_de\/kunstberatung-expertise\/\" \/>\n<meta property=\"og:site_name\" content=\"I date art.\" \/>\n<meta property=\"article:publisher\" content=\"https:\/\/www.facebook.com\/i.date.art.artconsulting\/\" \/>\n<meta property=\"article:modified_time\" content=\"2022-07-23T12:55:49+00:00\" \/>\n<meta property=\"og:image\" content=\"http:\/\/idateart.com\/wp-content\/uploads\/2018\/03\/IMG_20180301_105124.jpg\" \/>\n<meta name=\"twitter:card\" content=\"summary_large_image\" \/>\n<meta name=\"twitter:label1\" content=\"Gesch\u00e4tzte Lesezeit\" \/>\n\t<meta name=\"twitter:data1\" content=\"2\u00a0Minuten\" \/>\n<script type=\"application\/ld+json\" class=\"yoast-schema-graph\">{\"@context\":\"https:\/\/schema.org\",\"@graph\":[{\"@type\":\"WebPage\",\"@id\":\"https:\/\/idateart.com\/kunstberatung-expertise\/\",\"url\":\"https:\/\/idateart.com\/kunstberatung-expertise\/\",\"name\":\"Werk & Wert | Kunstexpertise & Gutachterservice - I date art.\",\"isPartOf\":{\"@id\":\"https:\/\/idateart.com\/#website\"},\"primaryImageOfPage\":{\"@id\":\"https:\/\/idateart.com\/kunstberatung-expertise\/#primaryimage\"},\"image\":{\"@id\":\"https:\/\/idateart.com\/kunstberatung-expertise\/#primaryimage\"},\"thumbnailUrl\":\"http:\/\/idateart.com\/wp-content\/uploads\/2018\/03\/IMG_20180301_105124.jpg\",\"datePublished\":\"2018-02-11T12:08:58+00:00\",\"dateModified\":\"2022-07-23T12:55:49+00:00\",\"breadcrumb\":{\"@id\":\"https:\/\/idateart.com\/kunstberatung-expertise\/#breadcrumb\"},\"inLanguage\":\"de\",\"potentialAction\":[{\"@type\":\"ReadAction\",\"target\":[\"https:\/\/idateart.com\/kunstberatung-expertise\/\"]}]},{\"@type\":\"ImageObject\",\"inLanguage\":\"de\",\"@id\":\"https:\/\/idateart.com\/kunstberatung-expertise\/#primaryimage\",\"url\":\"http:\/\/idateart.com\/wp-content\/uploads\/2018\/03\/IMG_20180301_105124.jpg\",\"contentUrl\":\"http:\/\/idateart.com\/wp-content\/uploads\/2018\/03\/IMG_20180301_105124.jpg\"},{\"@type\":\"BreadcrumbList\",\"@id\":\"https:\/\/idateart.com\/kunstberatung-expertise\/#breadcrumb\",\"itemListElement\":[{\"@type\":\"ListItem\",\"position\":1,\"name\":\"Startseite\",\"item\":\"https:\/\/idateart.com\/\"},{\"@type\":\"ListItem\",\"position\":2,\"name\":\"Werk &#038; Wert | Kunstexpertise &#038; Gutachterservice\"}]},{\"@type\":\"WebSite\",\"@id\":\"https:\/\/idateart.com\/#website\",\"url\":\"https:\/\/idateart.com\/\",\"name\":\"I date art.\",\"description\":\"ART CONSULTING \",\"publisher\":{\"@id\":\"https:\/\/idateart.com\/#organization\"},\"potentialAction\":[{\"@type\":\"SearchAction\",\"target\":{\"@type\":\"EntryPoint\",\"urlTemplate\":\"https:\/\/idateart.com\/?s={search_term_string}\"},\"query-input\":{\"@type\":\"PropertyValueSpecification\",\"valueRequired\":true,\"valueName\":\"search_term_string\"}}],\"inLanguage\":\"de\"},{\"@type\":\"Organization\",\"@id\":\"https:\/\/idateart.com\/#organization\",\"name\":\"I date art.\",\"url\":\"https:\/\/idateart.com\/\",\"logo\":{\"@type\":\"ImageObject\",\"inLanguage\":\"de\",\"@id\":\"https:\/\/idateart.com\/#\/schema\/logo\/image\/\",\"url\":\"https:\/\/idateart.com\/wp-content\/uploads\/2022\/07\/cropped-IMG_0565-1.jpg\",\"contentUrl\":\"https:\/\/idateart.com\/wp-content\/uploads\/2022\/07\/cropped-IMG_0565-1.jpg\",\"width\":2048,\"height\":594,\"caption\":\"I date art.\"},\"image\":{\"@id\":\"https:\/\/idateart.com\/#\/schema\/logo\/image\/\"},\"sameAs\":[\"https:\/\/www.facebook.com\/i.date.art.artconsulting\/\",\"http:\/\/i.date.art\",\"https:\/\/www.linkedin.com\/in\/dr-franziska-ida-neumann-978810134\/\"]}]}<\/script>\n<!-- \/ Yoast SEO plugin. -->","yoast_head_json":{"title":"Werk & Wert | Kunstexpertise & Gutachterservice - I date art.","robots":{"index":"index","follow":"follow","max-snippet":"max-snippet:-1","max-image-preview":"max-image-preview:large","max-video-preview":"max-video-preview:-1"},"canonical":"https:\/\/idateart.com\/de_de\/kunstberatung-expertise\/","og_locale":"de_DE","og_type":"article","og_title":"Werk & Wert | Kunstexpertise & Gutachterservice - I date art.","og_description":"Die Kunstberatung bildet zusammen mit der fachlichen Expertise die Basis f\u00fcr eine erfolgreiche Konzeptionierung von Sammlungen, die monet\u00e4re Bewertung von Kunstwerken oder f\u00fcr die Erarbeitung und Realisierung von Projekten, die mit der Bildenden Kunst in Verbindung stehen. I date art.\u00ae bietet Evaluierungen und Bewertungen von Kunstwerken f\u00fcr Banken, Gerichte, Versicherungen, Nachlassverwaltungen und im Rahmen von [&hellip;]","og_url":"https:\/\/idateart.com\/de_de\/kunstberatung-expertise\/","og_site_name":"I date art.","article_publisher":"https:\/\/www.facebook.com\/i.date.art.artconsulting\/","article_modified_time":"2022-07-23T12:55:49+00:00","og_image":[{"url":"http:\/\/idateart.com\/wp-content\/uploads\/2018\/03\/IMG_20180301_105124.jpg","type":"","width":"","height":""}],"twitter_card":"summary_large_image","twitter_misc":{"Gesch\u00e4tzte Lesezeit":"2\u00a0Minuten"},"schema":{"@context":"https:\/\/schema.org","@graph":[{"@type":"WebPage","@id":"https:\/\/idateart.com\/kunstberatung-expertise\/","url":"https:\/\/idateart.com\/kunstberatung-expertise\/","name":"Werk & Wert | Kunstexpertise & Gutachterservice - I date art.","isPartOf":{"@id":"https:\/\/idateart.com\/#website"},"primaryImageOfPage":{"@id":"https:\/\/idateart.com\/kunstberatung-expertise\/#primaryimage"},"image":{"@id":"https:\/\/idateart.com\/kunstberatung-expertise\/#primaryimage"},"thumbnailUrl":"http:\/\/idateart.com\/wp-content\/uploads\/2018\/03\/IMG_20180301_105124.jpg","datePublished":"2018-02-11T12:08:58+00:00","dateModified":"2022-07-23T12:55:49+00:00","breadcrumb":{"@id":"https:\/\/idateart.com\/kunstberatung-expertise\/#breadcrumb"},"inLanguage":"de","potentialAction":[{"@type":"ReadAction","target":["https:\/\/idateart.com\/kunstberatung-expertise\/"]}]},{"@type":"ImageObject","inLanguage":"de","@id":"https:\/\/idateart.com\/kunstberatung-expertise\/#primaryimage","url":"http:\/\/idateart.com\/wp-content\/uploads\/2018\/03\/IMG_20180301_105124.jpg","contentUrl":"http:\/\/idateart.com\/wp-content\/uploads\/2018\/03\/IMG_20180301_105124.jpg"},{"@type":"BreadcrumbList","@id":"https:\/\/idateart.com\/kunstberatung-expertise\/#breadcrumb","itemListElement":[{"@type":"ListItem","position":1,"name":"Startseite","item":"https:\/\/idateart.com\/"},{"@type":"ListItem","position":2,"name":"Werk &#038; Wert | Kunstexpertise &#038; Gutachterservice"}]},{"@type":"WebSite","@id":"https:\/\/idateart.com\/#website","url":"https:\/\/idateart.com\/","name":"I date art.","description":"ART CONSULTING ","publisher":{"@id":"https:\/\/idateart.com\/#organization"},"potentialAction":[{"@type":"SearchAction","target":{"@type":"EntryPoint","urlTemplate":"https:\/\/idateart.com\/?s={search_term_string}"},"query-input":{"@type":"PropertyValueSpecification","valueRequired":true,"valueName":"search_term_string"}}],"inLanguage":"de"},{"@type":"Organization","@id":"https:\/\/idateart.com\/#organization","name":"I date art.","url":"https:\/\/idateart.com\/","logo":{"@type":"ImageObject","inLanguage":"de","@id":"https:\/\/idateart.com\/#\/schema\/logo\/image\/","url":"https:\/\/idateart.com\/wp-content\/uploads\/2022\/07\/cropped-IMG_0565-1.jpg","contentUrl":"https:\/\/idateart.com\/wp-content\/uploads\/2022\/07\/cropped-IMG_0565-1.jpg","width":2048,"height":594,"caption":"I date art."},"image":{"@id":"https:\/\/idateart.com\/#\/schema\/logo\/image\/"},"sameAs":["https:\/\/www.facebook.com\/i.date.art.artconsulting\/","http:\/\/i.date.art","https:\/\/www.linkedin.com\/in\/dr-franziska-ida-neumann-978810134\/"]}]}},"jetpack_sharing_enabled":true,"jetpack_shortlink":"https:\/\/wp.me\/P9Efie-1C","_links":{"self":[{"href":"https:\/\/idateart.com\/de_de\/wp-json\/wp\/v2\/pages\/100","targetHints":{"allow":["GET"]}}],"collection":[{"href":"https:\/\/idateart.com\/de_de\/wp-json\/wp\/v2\/pages"}],"about":[{"href":"https:\/\/idateart.com\/de_de\/wp-json\/wp\/v2\/types\/page"}],"author":[{"embeddable":true,"href":"https:\/\/idateart.com\/de_de\/wp-json\/wp\/v2\/users\/1"}],"replies":[{"embeddable":true,"href":"https:\/\/idateart.com\/de_de\/wp-json\/wp\/v2\/comments?post=100"}],"version-history":[{"count":18,"href":"https:\/\/idateart.com\/de_de\/wp-json\/wp\/v2\/pages\/100\/revisions"}],"predecessor-version":[{"id":1567,"href":"https:\/\/idateart.com\/de_de\/wp-json\/wp\/v2\/pages\/100\/revisions\/1567"}],"wp:attachment":[{"href":"https:\/\/idateart.com\/de_de\/wp-json\/wp\/v2\/media?parent=100"}],"curies":[{"name":"wp","href":"https:\/\/api.w.org\/{rel}","templated":true}]}}