{"id":492,"date":"2018-03-05T14:33:11","date_gmt":"2018-03-05T13:33:11","guid":{"rendered":"http:\/\/idateart.com\/?page_id=492"},"modified":"2022-07-23T15:43:11","modified_gmt":"2022-07-23T13:43:11","slug":"ueber-uns","status":"publish","type":"page","link":"https:\/\/idateart.com\/de_de\/ueber-uns\/","title":{"rendered":"\u00dcber uns"},"content":{"rendered":"\t\t<div data-elementor-type=\"wp-page\" data-elementor-id=\"492\" class=\"elementor elementor-492\">\n\t\t\t\t\t\t\t\t\t<section class=\"elementor-section elementor-top-section elementor-element elementor-element-4846acc2 elementor-section-boxed elementor-section-height-default elementor-section-height-default\" data-id=\"4846acc2\" data-element_type=\"section\">\n\t\t\t\t\t\t<div class=\"elementor-container elementor-column-gap-default\">\n\t\t\t\t\t<div class=\"elementor-column elementor-col-100 elementor-top-column elementor-element elementor-element-59ec4b20\" data-id=\"59ec4b20\" data-element_type=\"column\">\n\t\t\t<div class=\"elementor-widget-wrap elementor-element-populated\">\n\t\t\t\t\t\t\t\t<div class=\"elementor-element elementor-element-f774ef1 elementor-widget elementor-widget-image\" data-id=\"f774ef1\" data-element_type=\"widget\" data-widget_type=\"image.default\">\n\t\t\t\t<div class=\"elementor-widget-container\">\n\t\t\t<style>\/*! elementor - v3.10.2 - 29-01-2023 *\/\n.elementor-widget-image{text-align:center}.elementor-widget-image a{display:inline-block}.elementor-widget-image a img[src$=\".svg\"]{width:48px}.elementor-widget-image img{vertical-align:middle;display:inline-block}<\/style>\t\t\t\t\t\t\t\t\t<figure class=\"wp-caption\">\n\t\t\t\t\t\t\t\t\t\t<img loading=\"lazy\" decoding=\"async\" width=\"550\" height=\"259\" src=\"https:\/\/idateart.com\/wp-content\/uploads\/2022\/07\/IMG_0736-1024x482.jpg\" class=\"attachment-large size-large wp-image-1574\" alt=\"\" srcset=\"https:\/\/idateart.com\/wp-content\/uploads\/2022\/07\/IMG_0736-1024x482.jpg 1024w, https:\/\/idateart.com\/wp-content\/uploads\/2022\/07\/IMG_0736-300x141.jpg 300w, https:\/\/idateart.com\/wp-content\/uploads\/2022\/07\/IMG_0736-768x361.jpg 768w, https:\/\/idateart.com\/wp-content\/uploads\/2022\/07\/IMG_0736-1536x722.jpg 1536w, https:\/\/idateart.com\/wp-content\/uploads\/2022\/07\/IMG_0736-18x8.jpg 18w, https:\/\/idateart.com\/wp-content\/uploads\/2022\/07\/IMG_0736.jpg 1822w\" sizes=\"auto, (max-width: 550px) 100vw, 550px\" \/>\t\t\t\t\t\t\t\t\t\t\t<figcaption class=\"widget-image-caption wp-caption-text\"><\/figcaption>\n\t\t\t\t\t\t\t\t\t\t<\/figure>\n\t\t\t\t\t\t\t\t\t<\/div>\n\t\t\t\t<\/div>\n\t\t\t\t<div class=\"elementor-element elementor-element-705941aa elementor-widget elementor-widget-text-editor\" data-id=\"705941aa\" data-element_type=\"widget\" data-widget_type=\"text-editor.default\">\n\t\t\t\t<div class=\"elementor-widget-container\">\n\t\t\t<style>\/*! elementor - v3.10.2 - 29-01-2023 *\/\n.elementor-widget-text-editor.elementor-drop-cap-view-stacked .elementor-drop-cap{background-color:#818a91;color:#fff}.elementor-widget-text-editor.elementor-drop-cap-view-framed .elementor-drop-cap{color:#818a91;border:3px solid;background-color:transparent}.elementor-widget-text-editor:not(.elementor-drop-cap-view-default) .elementor-drop-cap{margin-top:8px}.elementor-widget-text-editor:not(.elementor-drop-cap-view-default) .elementor-drop-cap-letter{width:1em;height:1em}.elementor-widget-text-editor .elementor-drop-cap{float:left;text-align:center;line-height:1;font-size:50px}.elementor-widget-text-editor .elementor-drop-cap-letter{display:inline-block}<\/style>\t\t\t\t<p><strong>Unser Service:<\/strong><\/p><ul><li>Consulting f\u00fcr Sammler, K\u00fcnstler, Unternehmer, Museen, Ausstellungsh\u00e4user und Start-Ups<\/li><li>Gutachten, Marktanalysen und -prognosen (Monet\u00e4re Evaluierung f\u00fcr Banken, Versicherungen, Logistik, Depots, Gerichte und von Sammlungen und Nachl\u00e4ssen)<\/li><li>Fachvortr\u00e4ge, Seminare &amp; Workshops zu den Themen Kunst &amp; Geld, Kunst als Asset\/ Investment, Kunstmarkt, Zeitgen\u00f6ssische Kunst &amp; Klassische Moderne, Wissenschaft<\/li><li>Konzepterstellung f\u00fcr Sammlungen, Ausstellungen &amp; Kunstvermittlung<\/li><li>Publikation von Fachartikeln in Print- und Onlinemedien sowie Ausstellungskatalogen<\/li><li>Berufsberatung f\u00fcr Universit\u00e4tsabsolventen und Firmengr\u00fcnder in den Bereichen Bildende Kunst, Kunstgeschichte und Kunstmarkt<\/li><\/ul><p style=\"text-align: left;\">Kunst bedeutet Leidenschaft, Idealismus, Hingabe und die Bereitschaft, zu sehen. Sie fungiert als Spiegel der Gesellschaft und ist weit mehr als ein \u00e4sthetisches Moment. Harald Szeemann, Kurator und Museumsleiter von internationalem Rang, gab einst der Sammlerin Ingvild Goetz den Ratschlag, dass, bevor sie sich f\u00fcr eine Strategie am Kunstmarkt entscheide, sie zun\u00e4chst einmal m\u00f6glichst viele Ausstellungen sehen und die Kunstwerke auf sich wirken lassen solle. I date art.\u00ae sammelt diese Erfahrungen im Bereich Kunst und Kunstmarkt seit 2007. Die Gr\u00fcndung der I date art. ART CONSULTING &amp; LECTURING UG &amp; Co. KG als Kunstberatungsgesellschaft im M\u00e4rz 2018 war die logische Konsequenz des zusammengetragenen Know-hows aus den Bereichen Art Lending, Gro\u00dfkundenberatung im Bereich Bankenwesen, Kulturpolitik, Wirtschaft, Auktionshaus, Galeriewesen, Versicherung, Logistik und Wissenschaft.<\/p><p style=\"text-align: left;\">Kunst schafft Werte. Werte, die im Rahmen von privaten Sammlungen, Museen, Fonds oder Investitionen monet\u00e4r bewertet werden. Die Evaluierung von Kunstwerken und die Strukturen auf dem Kunstmarkt sind f\u00fcr Au\u00dfenstehende selten nachvollziehbar. St\u00e4ndige Praxis und ein fundiertes Fach- sowie Hintergrundwissen sind ausschlaggebend, um Werte objektiv aufzeigen und Entwicklungen auf dem Markt einsch\u00e4tzen zu k\u00f6nnen. Unabh\u00e4ngige Kunstberater und Sachverst\u00e4ndige schlagen heute die Br\u00fccke zwischen den Kunstwerken und der Wirtschaft. Eine fundierte Beratung, die Zusammenh\u00e4nge verdeutlicht, \u00f6ffnet den Blick f\u00fcr einen Markt, auf dem auch heute noch per Handschlag K\u00e4ufe und Verk\u00e4ufe besiegelt werden \u2013 im HNWI Bereich selbstverst\u00e4ndlich. Diskret und unter Ausschluss der \u00d6ffentlichkeit.<\/p><p style=\"text-align: left;\">Kunst ist ein risikobehaftetes Spekulationsobjekt und bedingt ein Vertrauensverh\u00e4ltnis zwischen Experten und Interessenten, um zuverl\u00e4ssige Investitionsentscheidungen treffen und Kunstwerke als Anlageobjekte, Sammlungserweiterung und im Rahmen von Nachl\u00e4ssen bewerten zu k\u00f6nnen. I date art.\u00ae versteht sich als beratendes Unternehmen f\u00fcr die Belange des Kunstmarktes und als Kontaktvermittler f\u00fcr die verschiedenen Bereiche der Branche. Fokussiert auf Zeitgen\u00f6ssische Kunst und Klassische Moderne arbeiten wir national sowie international und auf die Bed\u00fcrfnisse unserer Kunden abgestimmt. Die Konzepterstellung f\u00fcr Sammler und Unternehmen, die didaktische Vermittlung von Kunst in Ausstellungen und die Evaluierungen von Kunstwerken im Rahmen einer gutachterlichen T\u00e4tigkeit geh\u00f6ren ebenso zu unseren Aufgaben wie die Verpflichtung, das vorhandene Wissen in Form von wissenschaftlicher Lehre und Vortr\u00e4gen weiterzugeben.<\/p><p style=\"text-align: left;\">\u00a0<\/p>\t\t\t\t\t\t<\/div>\n\t\t\t\t<\/div>\n\t\t\t\t\t<\/div>\n\t\t<\/div>\n\t\t\t\t\t\t\t<\/div>\n\t\t<\/section>\n\t\t\t\t\t\t\t<\/div>\n\t\t","protected":false},"excerpt":{"rendered":"<p>Unser Service: Consulting f\u00fcr Sammler, K\u00fcnstler, Unternehmer, Museen, Ausstellungsh\u00e4user und Start-Ups Gutachten, Marktanalysen und -prognosen (Monet\u00e4re Evaluierung f\u00fcr Banken, Versicherungen, Logistik, Depots, Gerichte und von Sammlungen und Nachl\u00e4ssen) Fachvortr\u00e4ge, Seminare &amp; Workshops zu den Themen Kunst &amp; Geld, Kunst als Asset\/ Investment, Kunstmarkt, Zeitgen\u00f6ssische Kunst &amp; Klassische Moderne, Wissenschaft Konzepterstellung f\u00fcr Sammlungen, Ausstellungen &amp; Kunstvermittlung [&hellip;]<\/p>\n","protected":false},"author":1,"featured_media":0,"parent":0,"menu_order":0,"comment_status":"closed","ping_status":"closed","template":"","meta":{"jetpack_post_was_ever_published":false,"footnotes":""},"class_list":["post-492","page","type-page","status-publish","hentry"],"yoast_head":"<!-- This site is optimized with the Yoast SEO plugin v24.9 - https:\/\/yoast.com\/wordpress\/plugins\/seo\/ -->\n<title>\u00dcber uns - I date art.<\/title>\n<meta name=\"description\" content=\"Wer wir sind, Vorstellung, Kunst, Unternehmensgr\u00fcndung, Beratungsgesellschaft, Kunstprojekte, Kunstfinanzierung, I date art\" \/>\n<meta name=\"robots\" content=\"index, follow, max-snippet:-1, max-image-preview:large, max-video-preview:-1\" \/>\n<link rel=\"canonical\" href=\"https:\/\/idateart.com\/de_de\/ueber-uns\/\" \/>\n<meta property=\"og:locale\" content=\"de_DE\" \/>\n<meta property=\"og:type\" content=\"article\" \/>\n<meta property=\"og:title\" content=\"\u00dcber uns - I date art.\" \/>\n<meta property=\"og:description\" content=\"Wer wir sind, Vorstellung, Kunst, Unternehmensgr\u00fcndung, Beratungsgesellschaft, Kunstprojekte, Kunstfinanzierung, I date art\" \/>\n<meta property=\"og:url\" content=\"https:\/\/idateart.com\/de_de\/ueber-uns\/\" \/>\n<meta property=\"og:site_name\" content=\"I date art.\" \/>\n<meta property=\"article:publisher\" content=\"https:\/\/www.facebook.com\/i.date.art.artconsulting\/\" \/>\n<meta property=\"article:modified_time\" content=\"2022-07-23T13:43:11+00:00\" \/>\n<meta property=\"og:image\" content=\"https:\/\/idateart.com\/wp-content\/uploads\/2022\/07\/IMG_0736-1024x482.jpg\" \/>\n<meta name=\"twitter:card\" content=\"summary_large_image\" \/>\n<meta name=\"twitter:label1\" content=\"Gesch\u00e4tzte Lesezeit\" \/>\n\t<meta name=\"twitter:data1\" content=\"3\u00a0Minuten\" \/>\n<script type=\"application\/ld+json\" class=\"yoast-schema-graph\">{\"@context\":\"https:\/\/schema.org\",\"@graph\":[{\"@type\":\"WebPage\",\"@id\":\"https:\/\/idateart.com\/de_de\/ueber-uns\/\",\"url\":\"https:\/\/idateart.com\/de_de\/ueber-uns\/\",\"name\":\"\u00dcber uns - I date art.\",\"isPartOf\":{\"@id\":\"https:\/\/idateart.com\/#website\"},\"primaryImageOfPage\":{\"@id\":\"https:\/\/idateart.com\/de_de\/ueber-uns\/#primaryimage\"},\"image\":{\"@id\":\"https:\/\/idateart.com\/de_de\/ueber-uns\/#primaryimage\"},\"thumbnailUrl\":\"https:\/\/idateart.com\/wp-content\/uploads\/2022\/07\/IMG_0736-1024x482.jpg\",\"datePublished\":\"2018-03-05T13:33:11+00:00\",\"dateModified\":\"2022-07-23T13:43:11+00:00\",\"description\":\"Wer wir sind, Vorstellung, Kunst, Unternehmensgr\u00fcndung, Beratungsgesellschaft, Kunstprojekte, Kunstfinanzierung, I date art\",\"breadcrumb\":{\"@id\":\"https:\/\/idateart.com\/de_de\/ueber-uns\/#breadcrumb\"},\"inLanguage\":\"de\",\"potentialAction\":[{\"@type\":\"ReadAction\",\"target\":[\"https:\/\/idateart.com\/de_de\/ueber-uns\/\"]}]},{\"@type\":\"ImageObject\",\"inLanguage\":\"de\",\"@id\":\"https:\/\/idateart.com\/de_de\/ueber-uns\/#primaryimage\",\"url\":\"https:\/\/idateart.com\/wp-content\/uploads\/2022\/07\/IMG_0736-1024x482.jpg\",\"contentUrl\":\"https:\/\/idateart.com\/wp-content\/uploads\/2022\/07\/IMG_0736-1024x482.jpg\"},{\"@type\":\"BreadcrumbList\",\"@id\":\"https:\/\/idateart.com\/de_de\/ueber-uns\/#breadcrumb\",\"itemListElement\":[{\"@type\":\"ListItem\",\"position\":1,\"name\":\"Startseite\",\"item\":\"https:\/\/idateart.com\/\"},{\"@type\":\"ListItem\",\"position\":2,\"name\":\"\u00dcber uns\"}]},{\"@type\":\"WebSite\",\"@id\":\"https:\/\/idateart.com\/#website\",\"url\":\"https:\/\/idateart.com\/\",\"name\":\"I date art.\",\"description\":\"ART CONSULTING \",\"publisher\":{\"@id\":\"https:\/\/idateart.com\/#organization\"},\"potentialAction\":[{\"@type\":\"SearchAction\",\"target\":{\"@type\":\"EntryPoint\",\"urlTemplate\":\"https:\/\/idateart.com\/?s={search_term_string}\"},\"query-input\":{\"@type\":\"PropertyValueSpecification\",\"valueRequired\":true,\"valueName\":\"search_term_string\"}}],\"inLanguage\":\"de\"},{\"@type\":\"Organization\",\"@id\":\"https:\/\/idateart.com\/#organization\",\"name\":\"I date art.\",\"url\":\"https:\/\/idateart.com\/\",\"logo\":{\"@type\":\"ImageObject\",\"inLanguage\":\"de\",\"@id\":\"https:\/\/idateart.com\/#\/schema\/logo\/image\/\",\"url\":\"https:\/\/idateart.com\/wp-content\/uploads\/2022\/07\/cropped-IMG_0565-1.jpg\",\"contentUrl\":\"https:\/\/idateart.com\/wp-content\/uploads\/2022\/07\/cropped-IMG_0565-1.jpg\",\"width\":2048,\"height\":594,\"caption\":\"I date art.\"},\"image\":{\"@id\":\"https:\/\/idateart.com\/#\/schema\/logo\/image\/\"},\"sameAs\":[\"https:\/\/www.facebook.com\/i.date.art.artconsulting\/\",\"http:\/\/i.date.art\",\"https:\/\/www.linkedin.com\/in\/dr-franziska-ida-neumann-978810134\/\"]}]}<\/script>\n<!-- \/ Yoast SEO plugin. -->","yoast_head_json":{"title":"\u00dcber uns - I date art.","description":"Wer wir sind, Vorstellung, Kunst, Unternehmensgr\u00fcndung, Beratungsgesellschaft, Kunstprojekte, Kunstfinanzierung, I date art","robots":{"index":"index","follow":"follow","max-snippet":"max-snippet:-1","max-image-preview":"max-image-preview:large","max-video-preview":"max-video-preview:-1"},"canonical":"https:\/\/idateart.com\/de_de\/ueber-uns\/","og_locale":"de_DE","og_type":"article","og_title":"\u00dcber uns - I date art.","og_description":"Wer wir sind, Vorstellung, Kunst, Unternehmensgr\u00fcndung, Beratungsgesellschaft, Kunstprojekte, Kunstfinanzierung, I date art","og_url":"https:\/\/idateart.com\/de_de\/ueber-uns\/","og_site_name":"I date art.","article_publisher":"https:\/\/www.facebook.com\/i.date.art.artconsulting\/","article_modified_time":"2022-07-23T13:43:11+00:00","og_image":[{"url":"https:\/\/idateart.com\/wp-content\/uploads\/2022\/07\/IMG_0736-1024x482.jpg","type":"","width":"","height":""}],"twitter_card":"summary_large_image","twitter_misc":{"Gesch\u00e4tzte Lesezeit":"3\u00a0Minuten"},"schema":{"@context":"https:\/\/schema.org","@graph":[{"@type":"WebPage","@id":"https:\/\/idateart.com\/de_de\/ueber-uns\/","url":"https:\/\/idateart.com\/de_de\/ueber-uns\/","name":"\u00dcber uns - I date art.","isPartOf":{"@id":"https:\/\/idateart.com\/#website"},"primaryImageOfPage":{"@id":"https:\/\/idateart.com\/de_de\/ueber-uns\/#primaryimage"},"image":{"@id":"https:\/\/idateart.com\/de_de\/ueber-uns\/#primaryimage"},"thumbnailUrl":"https:\/\/idateart.com\/wp-content\/uploads\/2022\/07\/IMG_0736-1024x482.jpg","datePublished":"2018-03-05T13:33:11+00:00","dateModified":"2022-07-23T13:43:11+00:00","description":"Wer wir sind, Vorstellung, Kunst, Unternehmensgr\u00fcndung, Beratungsgesellschaft, Kunstprojekte, Kunstfinanzierung, I date art","breadcrumb":{"@id":"https:\/\/idateart.com\/de_de\/ueber-uns\/#breadcrumb"},"inLanguage":"de","potentialAction":[{"@type":"ReadAction","target":["https:\/\/idateart.com\/de_de\/ueber-uns\/"]}]},{"@type":"ImageObject","inLanguage":"de","@id":"https:\/\/idateart.com\/de_de\/ueber-uns\/#primaryimage","url":"https:\/\/idateart.com\/wp-content\/uploads\/2022\/07\/IMG_0736-1024x482.jpg","contentUrl":"https:\/\/idateart.com\/wp-content\/uploads\/2022\/07\/IMG_0736-1024x482.jpg"},{"@type":"BreadcrumbList","@id":"https:\/\/idateart.com\/de_de\/ueber-uns\/#breadcrumb","itemListElement":[{"@type":"ListItem","position":1,"name":"Startseite","item":"https:\/\/idateart.com\/"},{"@type":"ListItem","position":2,"name":"\u00dcber uns"}]},{"@type":"WebSite","@id":"https:\/\/idateart.com\/#website","url":"https:\/\/idateart.com\/","name":"I date art.","description":"ART CONSULTING ","publisher":{"@id":"https:\/\/idateart.com\/#organization"},"potentialAction":[{"@type":"SearchAction","target":{"@type":"EntryPoint","urlTemplate":"https:\/\/idateart.com\/?s={search_term_string}"},"query-input":{"@type":"PropertyValueSpecification","valueRequired":true,"valueName":"search_term_string"}}],"inLanguage":"de"},{"@type":"Organization","@id":"https:\/\/idateart.com\/#organization","name":"I date art.","url":"https:\/\/idateart.com\/","logo":{"@type":"ImageObject","inLanguage":"de","@id":"https:\/\/idateart.com\/#\/schema\/logo\/image\/","url":"https:\/\/idateart.com\/wp-content\/uploads\/2022\/07\/cropped-IMG_0565-1.jpg","contentUrl":"https:\/\/idateart.com\/wp-content\/uploads\/2022\/07\/cropped-IMG_0565-1.jpg","width":2048,"height":594,"caption":"I date art."},"image":{"@id":"https:\/\/idateart.com\/#\/schema\/logo\/image\/"},"sameAs":["https:\/\/www.facebook.com\/i.date.art.artconsulting\/","http:\/\/i.date.art","https:\/\/www.linkedin.com\/in\/dr-franziska-ida-neumann-978810134\/"]}]}},"jetpack_sharing_enabled":true,"jetpack_shortlink":"https:\/\/wp.me\/P9Efie-7W","_links":{"self":[{"href":"https:\/\/idateart.com\/de_de\/wp-json\/wp\/v2\/pages\/492","targetHints":{"allow":["GET"]}}],"collection":[{"href":"https:\/\/idateart.com\/de_de\/wp-json\/wp\/v2\/pages"}],"about":[{"href":"https:\/\/idateart.com\/de_de\/wp-json\/wp\/v2\/types\/page"}],"author":[{"embeddable":true,"href":"https:\/\/idateart.com\/de_de\/wp-json\/wp\/v2\/users\/1"}],"replies":[{"embeddable":true,"href":"https:\/\/idateart.com\/de_de\/wp-json\/wp\/v2\/comments?post=492"}],"version-history":[{"count":20,"href":"https:\/\/idateart.com\/de_de\/wp-json\/wp\/v2\/pages\/492\/revisions"}],"predecessor-version":[{"id":1598,"href":"https:\/\/idateart.com\/de_de\/wp-json\/wp\/v2\/pages\/492\/revisions\/1598"}],"wp:attachment":[{"href":"https:\/\/idateart.com\/de_de\/wp-json\/wp\/v2\/media?parent=492"}],"curies":[{"name":"wp","href":"https:\/\/api.w.org\/{rel}","templated":true}]}}