{"id":577,"date":"2018-03-09T11:05:17","date_gmt":"2018-03-09T10:05:17","guid":{"rendered":"http:\/\/idateart.com\/?page_id=577"},"modified":"2022-07-23T16:17:15","modified_gmt":"2022-07-23T14:17:15","slug":"kunstinvestment","status":"publish","type":"page","link":"https:\/\/idateart.com\/de_de\/kunstinvestment\/","title":{"rendered":"Artinvestment for Beginners | Investieren in Kunst"},"content":{"rendered":"\t\t<div data-elementor-type=\"wp-page\" data-elementor-id=\"577\" class=\"elementor elementor-577\">\n\t\t\t\t\t\t\t\t\t<section class=\"elementor-section elementor-top-section elementor-element elementor-element-30e7a530 elementor-section-boxed elementor-section-height-default elementor-section-height-default\" data-id=\"30e7a530\" data-element_type=\"section\">\n\t\t\t\t\t\t<div class=\"elementor-container elementor-column-gap-default\">\n\t\t\t\t\t<div class=\"elementor-column elementor-col-100 elementor-top-column elementor-element elementor-element-122db354\" data-id=\"122db354\" data-element_type=\"column\">\n\t\t\t<div class=\"elementor-widget-wrap elementor-element-populated\">\n\t\t\t\t\t\t\t\t<div class=\"elementor-element elementor-element-8f1a42c elementor-widget elementor-widget-image\" data-id=\"8f1a42c\" data-element_type=\"widget\" data-widget_type=\"image.default\">\n\t\t\t\t<div class=\"elementor-widget-container\">\n\t\t\t<style>\/*! elementor - v3.10.2 - 29-01-2023 *\/\n.elementor-widget-image{text-align:center}.elementor-widget-image a{display:inline-block}.elementor-widget-image a img[src$=\".svg\"]{width:48px}.elementor-widget-image img{vertical-align:middle;display:inline-block}<\/style>\t\t\t\t\t\t\t\t\t\t\t\t<img loading=\"lazy\" decoding=\"async\" width=\"550\" height=\"386\" src=\"https:\/\/idateart.com\/wp-content\/uploads\/2022\/07\/IMG_20180310_1502491-1024x718.jpg\" class=\"attachment-large size-large wp-image-1621\" alt=\"\" srcset=\"https:\/\/idateart.com\/wp-content\/uploads\/2022\/07\/IMG_20180310_1502491-1024x718.jpg 1024w, https:\/\/idateart.com\/wp-content\/uploads\/2022\/07\/IMG_20180310_1502491-300x210.jpg 300w, https:\/\/idateart.com\/wp-content\/uploads\/2022\/07\/IMG_20180310_1502491-768x539.jpg 768w, https:\/\/idateart.com\/wp-content\/uploads\/2022\/07\/IMG_20180310_1502491-18x12.jpg 18w, https:\/\/idateart.com\/wp-content\/uploads\/2022\/07\/IMG_20180310_1502491.jpg 1119w\" sizes=\"auto, (max-width: 550px) 100vw, 550px\" \/>\t\t\t\t\t\t\t\t\t\t\t\t\t\t\t<\/div>\n\t\t\t\t<\/div>\n\t\t\t\t<div class=\"elementor-element elementor-element-8dc766a elementor-widget elementor-widget-spacer\" data-id=\"8dc766a\" data-element_type=\"widget\" data-widget_type=\"spacer.default\">\n\t\t\t\t<div class=\"elementor-widget-container\">\n\t\t\t<style>\/*! elementor - v3.10.2 - 29-01-2023 *\/\n.elementor-column .elementor-spacer-inner{height:var(--spacer-size)}.e-con{--container-widget-width:100%}.e-con-inner>.elementor-widget-spacer,.e-con>.elementor-widget-spacer{width:var(--container-widget-width,var(--spacer-size));--align-self:var(--container-widget-align-self,initial);--flex-shrink:0}.e-con-inner>.elementor-widget-spacer>.elementor-widget-container,.e-con-inner>.elementor-widget-spacer>.elementor-widget-container>.elementor-spacer,.e-con>.elementor-widget-spacer>.elementor-widget-container,.e-con>.elementor-widget-spacer>.elementor-widget-container>.elementor-spacer{height:100%}.e-con-inner>.elementor-widget-spacer>.elementor-widget-container>.elementor-spacer>.elementor-spacer-inner,.e-con>.elementor-widget-spacer>.elementor-widget-container>.elementor-spacer>.elementor-spacer-inner{height:var(--container-widget-height,var(--spacer-size))}<\/style>\t\t<div class=\"elementor-spacer\">\n\t\t\t<div class=\"elementor-spacer-inner\"><\/div>\n\t\t<\/div>\n\t\t\t\t<\/div>\n\t\t\t\t<\/div>\n\t\t\t\t<div class=\"elementor-element elementor-element-29513a2 elementor-widget elementor-widget-heading\" data-id=\"29513a2\" data-element_type=\"widget\" data-widget_type=\"heading.default\">\n\t\t\t\t<div class=\"elementor-widget-container\">\n\t\t\t<style>\/*! elementor - v3.10.2 - 29-01-2023 *\/\n.elementor-heading-title{padding:0;margin:0;line-height:1}.elementor-widget-heading .elementor-heading-title[class*=elementor-size-]>a{color:inherit;font-size:inherit;line-height:inherit}.elementor-widget-heading .elementor-heading-title.elementor-size-small{font-size:15px}.elementor-widget-heading .elementor-heading-title.elementor-size-medium{font-size:19px}.elementor-widget-heading .elementor-heading-title.elementor-size-large{font-size:29px}.elementor-widget-heading .elementor-heading-title.elementor-size-xl{font-size:39px}.elementor-widget-heading .elementor-heading-title.elementor-size-xxl{font-size:59px}<\/style><h3 class=\"elementor-heading-title elementor-size-default\">Sie m\u00f6chten finanziell nachhaltig in Kunst investieren? <\/h3>\t\t<\/div>\n\t\t\t\t<\/div>\n\t\t\t\t<div class=\"elementor-element elementor-element-b29018f elementor-widget elementor-widget-spacer\" data-id=\"b29018f\" data-element_type=\"widget\" data-widget_type=\"spacer.default\">\n\t\t\t\t<div class=\"elementor-widget-container\">\n\t\t\t\t\t<div class=\"elementor-spacer\">\n\t\t\t<div class=\"elementor-spacer-inner\"><\/div>\n\t\t<\/div>\n\t\t\t\t<\/div>\n\t\t\t\t<\/div>\n\t\t\t\t<div class=\"elementor-element elementor-element-6b54016 elementor-widget elementor-widget-text-editor\" data-id=\"6b54016\" data-element_type=\"widget\" data-widget_type=\"text-editor.default\">\n\t\t\t\t<div class=\"elementor-widget-container\">\n\t\t\t<style>\/*! elementor - v3.10.2 - 29-01-2023 *\/\n.elementor-widget-text-editor.elementor-drop-cap-view-stacked .elementor-drop-cap{background-color:#818a91;color:#fff}.elementor-widget-text-editor.elementor-drop-cap-view-framed .elementor-drop-cap{color:#818a91;border:3px solid;background-color:transparent}.elementor-widget-text-editor:not(.elementor-drop-cap-view-default) .elementor-drop-cap{margin-top:8px}.elementor-widget-text-editor:not(.elementor-drop-cap-view-default) .elementor-drop-cap-letter{width:1em;height:1em}.elementor-widget-text-editor .elementor-drop-cap{float:left;text-align:center;line-height:1;font-size:50px}.elementor-widget-text-editor .elementor-drop-cap-letter{display:inline-block}<\/style>\t\t\t\t<p>W<i>ie funktioniert das Kunstinvestment? Welche H\u00fcrden gibt es? Welche Kunst soll ich kaufen? Wo kaufe ich? Kaufe ich ein einelnes Werk oder muss ich eine ganze Sammlung aufbauen? Wie kann ich meine wertvolle Kunst versichern?<br \/><\/i><\/p><p>Seit 2022 bietet I date art.\u00ae die Plattform <a href=\"https:\/\/www.artinvestmentforbeginners.com\"><strong>Art Investment for Beginners<\/strong><\/a> speziell f\u00fcr Interessenten, die sich seri\u00f6s \u00fcber den Bereich Kunstinvestment informieren m\u00f6chten:\u00a0<\/p>\t\t\t\t\t\t<\/div>\n\t\t\t\t<\/div>\n\t\t\t\t<div class=\"elementor-element elementor-element-7b89424 elementor-widget elementor-widget-spacer\" data-id=\"7b89424\" data-element_type=\"widget\" data-widget_type=\"spacer.default\">\n\t\t\t\t<div class=\"elementor-widget-container\">\n\t\t\t\t\t<div class=\"elementor-spacer\">\n\t\t\t<div class=\"elementor-spacer-inner\"><\/div>\n\t\t<\/div>\n\t\t\t\t<\/div>\n\t\t\t\t<\/div>\n\t\t\t\t<div class=\"elementor-element elementor-element-090d51e elementor-align-center elementor-widget elementor-widget-button\" data-id=\"090d51e\" data-element_type=\"widget\" data-widget_type=\"button.default\">\n\t\t\t\t<div class=\"elementor-widget-container\">\n\t\t\t\t\t<div class=\"elementor-button-wrapper\">\n\t\t\t<a href=\"https:\/\/www.artinvestmentforbeginners.com\" class=\"elementor-button-link elementor-button elementor-size-lg\" role=\"button\">\n\t\t\t\t\t\t<span class=\"elementor-button-content-wrapper\">\n\t\t\t\t\t\t<span class=\"elementor-button-text\">NEU! artinvestmentforbeginners.com<\/span>\n\t\t<\/span>\n\t\t\t\t\t<\/a>\n\t\t<\/div>\n\t\t\t\t<\/div>\n\t\t\t\t<\/div>\n\t\t\t\t<div class=\"elementor-element elementor-element-ed7637a elementor-widget elementor-widget-spacer\" data-id=\"ed7637a\" data-element_type=\"widget\" data-widget_type=\"spacer.default\">\n\t\t\t\t<div class=\"elementor-widget-container\">\n\t\t\t\t\t<div class=\"elementor-spacer\">\n\t\t\t<div class=\"elementor-spacer-inner\"><\/div>\n\t\t<\/div>\n\t\t\t\t<\/div>\n\t\t\t\t<\/div>\n\t\t\t\t<div class=\"elementor-element elementor-element-6ceb9a4d elementor-widget elementor-widget-text-editor\" data-id=\"6ceb9a4d\" data-element_type=\"widget\" data-widget_type=\"text-editor.default\">\n\t\t\t\t<div class=\"elementor-widget-container\">\n\t\t\t\t\t\t\t<p style=\"text-align: left;\">Kunst ist Kapital, nur eben illiquider Art. Auf dieses Klientel spezialisiert, bildet sich in Anlehnung an internationale Ma\u00dfst\u00e4be seit wenigen Jahren ein Gesch\u00e4ftsmodell auf dem europ\u00e4ischen Markt heraus: die Beleihung von Kunstwerken im hochpreisigen Segment. Als Vorbild dient der amerikanische Markt f\u00fcr kunstbesicherte Kredite. Die M\u00f6glichkeit, Kunst vor\u00fcbergehend in Geld zu wandeln, ohne sie ver\u00e4u\u00dfern zu m\u00fcssen, ist in Zeiten eines wachsenden Kunstmarktes und niedriger Zinsen, die Kunst als Anlageklasse immer interessanter werden lassen, eine wichtige Option. Wer Teile seines Portfolios nicht verkaufen m\u00f6chte, aber kurzfristig Liquidit\u00e4t ben\u00f6tigt, findet zunehmend auch auf dem europ\u00e4ischen Markt ein individuell auf ihn zugeschnittenes Angebot. Das zu beleihende Kunstwerk wird in Abstimmung mit dem Kunden f\u00fcr das Finanzinstitut in ein professionelles Kunstlager eingeliefert und verbleibt dort im Falle einer Beleihung.<\/p><p style=\"text-align: left;\">Nach amerikanischem Vorbild sind in Deutschland und Europa seit vielen Jahren bereits Pfandleihh\u00e4user auf dem Gebiet der Kunstbeleihung t\u00e4tig. Fraglich war daher lange Zeit, welche Institution und welches Konzept die Kunstbeleihung im hochpreisigen Segment bei zeitgleich dauerhafter Kundenbindung und angemessenen Zinsen in Europa anbieten kann. Im internationalen Vergleich finden sich hier Unternehmen wie z.B. die Art Capital Group, Inc. oder die Emigrant Bank Fine Art Finance, LLC. Hinzu kommen Gro\u00df- und Privatbanken, die entsprechende Finanzierungen in erster Linie f\u00fcr ihre verm\u00f6gende Privatkundschaft anbieten sowie gro\u00dfe Auktionsh\u00e4user, die Finanzierungsangebote auch zur Stimulation ihres Kerngesch\u00e4fts nutzen. Weitere Anbieter, z.B. Athena oder die WestendArt Bank folgen inzwischen diesem Modell.<\/p><p style=\"text-align: left;\">Neben dem Art Lending beraten wir Sie auch gerne zum Themenbereich Kunstinvestment. Ob im Rahmen eines Kunstfonds oder als individueller Anleger &#8211; Kunst als Anlageobjekt zur Portfoliodiversifikation ist immer eine Option. Sprechen Sie uns gern an.<\/p>\t\t\t\t\t\t<\/div>\n\t\t\t\t<\/div>\n\t\t\t\t\t<\/div>\n\t\t<\/div>\n\t\t\t\t\t\t\t<\/div>\n\t\t<\/section>\n\t\t\t\t\t\t\t<\/div>\n\t\t","protected":false},"excerpt":{"rendered":"<p>Sie m\u00f6chten finanziell nachhaltig in Kunst investieren? Wie funktioniert das Kunstinvestment? Welche H\u00fcrden gibt es? Welche Kunst soll ich kaufen? Wo kaufe ich? Kaufe ich ein einelnes Werk oder muss ich eine ganze Sammlung aufbauen? Wie kann ich meine wertvolle Kunst versichern? Seit 2022 bietet I date art.\u00ae die Plattform Art Investment for Beginners speziell [&hellip;]<\/p>\n","protected":false},"author":1,"featured_media":0,"parent":0,"menu_order":0,"comment_status":"closed","ping_status":"closed","template":"","meta":{"jetpack_post_was_ever_published":false,"footnotes":""},"class_list":["post-577","page","type-page","status-publish","hentry"],"yoast_head":"<!-- This site is optimized with the Yoast SEO plugin v24.9 - https:\/\/yoast.com\/wordpress\/plugins\/seo\/ -->\n<title>Artinvestment for Beginners | Investieren in Kunst - I date art.<\/title>\n<meta name=\"description\" content=\"Invesitieren in Kunst, Kunst, Anlageobjekt, Anlageklasse, Investment, Geld, Rendite, ROI, Zinsen, Finanzierung, Beleihung, Liquidit\u00e4t, Bank\" \/>\n<meta name=\"robots\" content=\"index, follow, max-snippet:-1, max-image-preview:large, max-video-preview:-1\" \/>\n<link rel=\"canonical\" href=\"https:\/\/idateart.com\/de_de\/kunstinvestment\/\" \/>\n<meta property=\"og:locale\" content=\"de_DE\" \/>\n<meta property=\"og:type\" content=\"article\" \/>\n<meta property=\"og:title\" content=\"Artinvestment for Beginners | Investieren in Kunst - I date art.\" \/>\n<meta property=\"og:description\" content=\"Invesitieren in Kunst, Kunst, Anlageobjekt, Anlageklasse, Investment, Geld, Rendite, ROI, Zinsen, Finanzierung, Beleihung, Liquidit\u00e4t, Bank\" \/>\n<meta property=\"og:url\" content=\"https:\/\/idateart.com\/de_de\/kunstinvestment\/\" \/>\n<meta property=\"og:site_name\" content=\"I date art.\" \/>\n<meta property=\"article:publisher\" content=\"https:\/\/www.facebook.com\/i.date.art.artconsulting\/\" \/>\n<meta property=\"article:modified_time\" content=\"2022-07-23T14:17:15+00:00\" \/>\n<meta property=\"og:image\" content=\"https:\/\/idateart.com\/wp-content\/uploads\/2022\/07\/IMG_20180310_1502491-1024x718.jpg\" \/>\n<meta name=\"twitter:card\" content=\"summary_large_image\" \/>\n<meta name=\"twitter:label1\" content=\"Gesch\u00e4tzte Lesezeit\" \/>\n\t<meta name=\"twitter:data1\" content=\"3\u00a0Minuten\" \/>\n<script type=\"application\/ld+json\" class=\"yoast-schema-graph\">{\"@context\":\"https:\/\/schema.org\",\"@graph\":[{\"@type\":\"WebPage\",\"@id\":\"https:\/\/idateart.com\/kunstinvestment\/\",\"url\":\"https:\/\/idateart.com\/kunstinvestment\/\",\"name\":\"Artinvestment for Beginners | Investieren in Kunst - I date art.\",\"isPartOf\":{\"@id\":\"https:\/\/idateart.com\/#website\"},\"primaryImageOfPage\":{\"@id\":\"https:\/\/idateart.com\/kunstinvestment\/#primaryimage\"},\"image\":{\"@id\":\"https:\/\/idateart.com\/kunstinvestment\/#primaryimage\"},\"thumbnailUrl\":\"https:\/\/idateart.com\/wp-content\/uploads\/2022\/07\/IMG_20180310_1502491-1024x718.jpg\",\"datePublished\":\"2018-03-09T10:05:17+00:00\",\"dateModified\":\"2022-07-23T14:17:15+00:00\",\"description\":\"Invesitieren in Kunst, Kunst, Anlageobjekt, Anlageklasse, Investment, Geld, Rendite, ROI, Zinsen, Finanzierung, Beleihung, Liquidit\u00e4t, Bank\",\"breadcrumb\":{\"@id\":\"https:\/\/idateart.com\/kunstinvestment\/#breadcrumb\"},\"inLanguage\":\"de\",\"potentialAction\":[{\"@type\":\"ReadAction\",\"target\":[\"https:\/\/idateart.com\/kunstinvestment\/\"]}]},{\"@type\":\"ImageObject\",\"inLanguage\":\"de\",\"@id\":\"https:\/\/idateart.com\/kunstinvestment\/#primaryimage\",\"url\":\"https:\/\/idateart.com\/wp-content\/uploads\/2022\/07\/IMG_20180310_1502491-1024x718.jpg\",\"contentUrl\":\"https:\/\/idateart.com\/wp-content\/uploads\/2022\/07\/IMG_20180310_1502491-1024x718.jpg\"},{\"@type\":\"BreadcrumbList\",\"@id\":\"https:\/\/idateart.com\/kunstinvestment\/#breadcrumb\",\"itemListElement\":[{\"@type\":\"ListItem\",\"position\":1,\"name\":\"Startseite\",\"item\":\"https:\/\/idateart.com\/\"},{\"@type\":\"ListItem\",\"position\":2,\"name\":\"Artinvestment for Beginners | Investieren in Kunst\"}]},{\"@type\":\"WebSite\",\"@id\":\"https:\/\/idateart.com\/#website\",\"url\":\"https:\/\/idateart.com\/\",\"name\":\"I date art.\",\"description\":\"ART CONSULTING \",\"publisher\":{\"@id\":\"https:\/\/idateart.com\/#organization\"},\"potentialAction\":[{\"@type\":\"SearchAction\",\"target\":{\"@type\":\"EntryPoint\",\"urlTemplate\":\"https:\/\/idateart.com\/?s={search_term_string}\"},\"query-input\":{\"@type\":\"PropertyValueSpecification\",\"valueRequired\":true,\"valueName\":\"search_term_string\"}}],\"inLanguage\":\"de\"},{\"@type\":\"Organization\",\"@id\":\"https:\/\/idateart.com\/#organization\",\"name\":\"I date art.\",\"url\":\"https:\/\/idateart.com\/\",\"logo\":{\"@type\":\"ImageObject\",\"inLanguage\":\"de\",\"@id\":\"https:\/\/idateart.com\/#\/schema\/logo\/image\/\",\"url\":\"https:\/\/idateart.com\/wp-content\/uploads\/2022\/07\/cropped-IMG_0565-1.jpg\",\"contentUrl\":\"https:\/\/idateart.com\/wp-content\/uploads\/2022\/07\/cropped-IMG_0565-1.jpg\",\"width\":2048,\"height\":594,\"caption\":\"I date art.\"},\"image\":{\"@id\":\"https:\/\/idateart.com\/#\/schema\/logo\/image\/\"},\"sameAs\":[\"https:\/\/www.facebook.com\/i.date.art.artconsulting\/\",\"http:\/\/i.date.art\",\"https:\/\/www.linkedin.com\/in\/dr-franziska-ida-neumann-978810134\/\"]}]}<\/script>\n<!-- \/ Yoast SEO plugin. -->","yoast_head_json":{"title":"Artinvestment for Beginners | Investieren in Kunst - I date art.","description":"Invesitieren in Kunst, Kunst, Anlageobjekt, Anlageklasse, Investment, Geld, Rendite, ROI, Zinsen, Finanzierung, Beleihung, Liquidit\u00e4t, Bank","robots":{"index":"index","follow":"follow","max-snippet":"max-snippet:-1","max-image-preview":"max-image-preview:large","max-video-preview":"max-video-preview:-1"},"canonical":"https:\/\/idateart.com\/de_de\/kunstinvestment\/","og_locale":"de_DE","og_type":"article","og_title":"Artinvestment for Beginners | Investieren in Kunst - I date art.","og_description":"Invesitieren in Kunst, Kunst, Anlageobjekt, Anlageklasse, Investment, Geld, Rendite, ROI, Zinsen, Finanzierung, Beleihung, Liquidit\u00e4t, Bank","og_url":"https:\/\/idateart.com\/de_de\/kunstinvestment\/","og_site_name":"I date art.","article_publisher":"https:\/\/www.facebook.com\/i.date.art.artconsulting\/","article_modified_time":"2022-07-23T14:17:15+00:00","og_image":[{"url":"https:\/\/idateart.com\/wp-content\/uploads\/2022\/07\/IMG_20180310_1502491-1024x718.jpg","type":"","width":"","height":""}],"twitter_card":"summary_large_image","twitter_misc":{"Gesch\u00e4tzte Lesezeit":"3\u00a0Minuten"},"schema":{"@context":"https:\/\/schema.org","@graph":[{"@type":"WebPage","@id":"https:\/\/idateart.com\/kunstinvestment\/","url":"https:\/\/idateart.com\/kunstinvestment\/","name":"Artinvestment for Beginners | Investieren in Kunst - I date art.","isPartOf":{"@id":"https:\/\/idateart.com\/#website"},"primaryImageOfPage":{"@id":"https:\/\/idateart.com\/kunstinvestment\/#primaryimage"},"image":{"@id":"https:\/\/idateart.com\/kunstinvestment\/#primaryimage"},"thumbnailUrl":"https:\/\/idateart.com\/wp-content\/uploads\/2022\/07\/IMG_20180310_1502491-1024x718.jpg","datePublished":"2018-03-09T10:05:17+00:00","dateModified":"2022-07-23T14:17:15+00:00","description":"Invesitieren in Kunst, Kunst, Anlageobjekt, Anlageklasse, Investment, Geld, Rendite, ROI, Zinsen, Finanzierung, Beleihung, Liquidit\u00e4t, Bank","breadcrumb":{"@id":"https:\/\/idateart.com\/kunstinvestment\/#breadcrumb"},"inLanguage":"de","potentialAction":[{"@type":"ReadAction","target":["https:\/\/idateart.com\/kunstinvestment\/"]}]},{"@type":"ImageObject","inLanguage":"de","@id":"https:\/\/idateart.com\/kunstinvestment\/#primaryimage","url":"https:\/\/idateart.com\/wp-content\/uploads\/2022\/07\/IMG_20180310_1502491-1024x718.jpg","contentUrl":"https:\/\/idateart.com\/wp-content\/uploads\/2022\/07\/IMG_20180310_1502491-1024x718.jpg"},{"@type":"BreadcrumbList","@id":"https:\/\/idateart.com\/kunstinvestment\/#breadcrumb","itemListElement":[{"@type":"ListItem","position":1,"name":"Startseite","item":"https:\/\/idateart.com\/"},{"@type":"ListItem","position":2,"name":"Artinvestment for Beginners | Investieren in Kunst"}]},{"@type":"WebSite","@id":"https:\/\/idateart.com\/#website","url":"https:\/\/idateart.com\/","name":"I date art.","description":"ART CONSULTING ","publisher":{"@id":"https:\/\/idateart.com\/#organization"},"potentialAction":[{"@type":"SearchAction","target":{"@type":"EntryPoint","urlTemplate":"https:\/\/idateart.com\/?s={search_term_string}"},"query-input":{"@type":"PropertyValueSpecification","valueRequired":true,"valueName":"search_term_string"}}],"inLanguage":"de"},{"@type":"Organization","@id":"https:\/\/idateart.com\/#organization","name":"I date art.","url":"https:\/\/idateart.com\/","logo":{"@type":"ImageObject","inLanguage":"de","@id":"https:\/\/idateart.com\/#\/schema\/logo\/image\/","url":"https:\/\/idateart.com\/wp-content\/uploads\/2022\/07\/cropped-IMG_0565-1.jpg","contentUrl":"https:\/\/idateart.com\/wp-content\/uploads\/2022\/07\/cropped-IMG_0565-1.jpg","width":2048,"height":594,"caption":"I date art."},"image":{"@id":"https:\/\/idateart.com\/#\/schema\/logo\/image\/"},"sameAs":["https:\/\/www.facebook.com\/i.date.art.artconsulting\/","http:\/\/i.date.art","https:\/\/www.linkedin.com\/in\/dr-franziska-ida-neumann-978810134\/"]}]}},"jetpack_sharing_enabled":true,"jetpack_shortlink":"https:\/\/wp.me\/P9Efie-9j","_links":{"self":[{"href":"https:\/\/idateart.com\/de_de\/wp-json\/wp\/v2\/pages\/577","targetHints":{"allow":["GET"]}}],"collection":[{"href":"https:\/\/idateart.com\/de_de\/wp-json\/wp\/v2\/pages"}],"about":[{"href":"https:\/\/idateart.com\/de_de\/wp-json\/wp\/v2\/types\/page"}],"author":[{"embeddable":true,"href":"https:\/\/idateart.com\/de_de\/wp-json\/wp\/v2\/users\/1"}],"replies":[{"embeddable":true,"href":"https:\/\/idateart.com\/de_de\/wp-json\/wp\/v2\/comments?post=577"}],"version-history":[{"count":37,"href":"https:\/\/idateart.com\/de_de\/wp-json\/wp\/v2\/pages\/577\/revisions"}],"predecessor-version":[{"id":1625,"href":"https:\/\/idateart.com\/de_de\/wp-json\/wp\/v2\/pages\/577\/revisions\/1625"}],"wp:attachment":[{"href":"https:\/\/idateart.com\/de_de\/wp-json\/wp\/v2\/media?parent=577"}],"curies":[{"name":"wp","href":"https:\/\/api.w.org\/{rel}","templated":true}]}}