{"id":967,"date":"2020-05-15T14:24:08","date_gmt":"2020-05-15T12:24:08","guid":{"rendered":"https:\/\/idateart.com\/?page_id=967"},"modified":"2022-08-07T16:14:57","modified_gmt":"2022-08-07T14:14:57","slug":"kontakt","status":"publish","type":"page","link":"https:\/\/idateart.com\/de_de\/kontakt\/","title":{"rendered":"Fragen? Anregungen? Kontakt!"},"content":{"rendered":"\t\t<div data-elementor-type=\"wp-page\" data-elementor-id=\"967\" class=\"elementor elementor-967\">\n\t\t\t\t\t\t\t\t\t<section class=\"elementor-section elementor-top-section elementor-element elementor-element-2a57cad4 elementor-section-boxed elementor-section-height-default elementor-section-height-default\" data-id=\"2a57cad4\" data-element_type=\"section\">\n\t\t\t\t\t\t<div class=\"elementor-container elementor-column-gap-default\">\n\t\t\t\t\t<div class=\"elementor-column elementor-col-100 elementor-top-column elementor-element elementor-element-19fbbecc\" data-id=\"19fbbecc\" data-element_type=\"column\">\n\t\t\t<div class=\"elementor-widget-wrap elementor-element-populated\">\n\t\t\t\t\t\t\t\t<div class=\"elementor-element elementor-element-107a11e elementor-widget elementor-widget-text-editor\" data-id=\"107a11e\" data-element_type=\"widget\" data-widget_type=\"text-editor.default\">\n\t\t\t\t<div class=\"elementor-widget-container\">\n\t\t\t<style>\/*! elementor - v3.10.2 - 29-01-2023 *\/\n.elementor-widget-text-editor.elementor-drop-cap-view-stacked .elementor-drop-cap{background-color:#818a91;color:#fff}.elementor-widget-text-editor.elementor-drop-cap-view-framed .elementor-drop-cap{color:#818a91;border:3px solid;background-color:transparent}.elementor-widget-text-editor:not(.elementor-drop-cap-view-default) .elementor-drop-cap{margin-top:8px}.elementor-widget-text-editor:not(.elementor-drop-cap-view-default) .elementor-drop-cap-letter{width:1em;height:1em}.elementor-widget-text-editor .elementor-drop-cap{float:left;text-align:center;line-height:1;font-size:50px}.elementor-widget-text-editor .elementor-drop-cap-letter{display:inline-block}<\/style>\t\t\t\t<p>Sie haben Fragen, Anregungen oder m\u00f6chten mit uns kooperieren? Wir d\u00fcrfen ein Event f\u00fcr Sie moderieren, auf ihrer Veranstaltung sprechen oder Sie in Bezug auf Kunst und den Kunstmarkt beraten? Dann freuen wir uns \u00fcber Ihre Kontaktaufnahme. <\/p>\t\t\t\t\t\t<\/div>\n\t\t\t\t<\/div>\n\t\t\t\t<div class=\"elementor-element elementor-element-eb882bc elementor-widget elementor-widget-text-editor\" data-id=\"eb882bc\" data-element_type=\"widget\" data-widget_type=\"text-editor.default\">\n\t\t\t\t<div class=\"elementor-widget-container\">\n\t\t\t\t\t\t\t<p><!-- wp:paragraph --><\/p>\n<h4 style=\"text-align: center;\"><strong>I date art.\u00ae<br \/><\/strong><\/h4>\n<p style=\"text-align: center;\">Dr. Franziska Ida Neumann<\/p>\n<p style=\"text-align: center;\"><!-- \/wp:paragraph --><\/p>\n<p style=\"text-align: center;\"><!-- wp:paragraph --><\/p>\n<p style=\"text-align: center;\">Karl-Marx-Platz 17<\/p>\n<p style=\"text-align: center;\"><!-- \/wp:paragraph --><\/p>\n<p style=\"text-align: center;\"><!-- wp:paragraph --><\/p>\n<p style=\"text-align: center;\">17489 Greifswald<\/p>\n<p style=\"text-align: center;\"><!-- \/wp:paragraph --><\/p>\n<p style=\"text-align: center;\"><!-- wp:paragraph --><\/p>\n<p style=\"text-align: center;\">Deutschland<\/p>\n<p style=\"text-align: center;\"><!-- \/wp:paragraph --><\/p>\n<p style=\"text-align: center;\"><!-- wp:paragraph --><\/p>\n<p style=\"text-align: center;\">E-Mail: ida@idateart.com<\/p>\n<p><br \/><!-- \/wp:paragraph --><\/p>\n<p><!-- wp:paragraph --><\/p>\n<p><!-- \/wp:paragraph --><\/p>\t\t\t\t\t\t<\/div>\n\t\t\t\t<\/div>\n\t\t\t\t\t<\/div>\n\t\t<\/div>\n\t\t\t\t\t\t\t<\/div>\n\t\t<\/section>\n\t\t\t\t<section class=\"elementor-section elementor-top-section elementor-element elementor-element-f5a60e3 elementor-section-boxed elementor-section-height-default elementor-section-height-default\" data-id=\"f5a60e3\" data-element_type=\"section\">\n\t\t\t\t\t\t<div class=\"elementor-container elementor-column-gap-default\">\n\t\t\t\t\t<div class=\"elementor-column elementor-col-100 elementor-top-column elementor-element elementor-element-5d2bf5f\" data-id=\"5d2bf5f\" data-element_type=\"column\">\n\t\t\t<div class=\"elementor-widget-wrap elementor-element-populated\">\n\t\t\t\t\t\t\t\t<div class=\"elementor-element elementor-element-8aa8ad3 elementor-widget elementor-widget-image\" data-id=\"8aa8ad3\" data-element_type=\"widget\" data-widget_type=\"image.default\">\n\t\t\t\t<div class=\"elementor-widget-container\">\n\t\t\t<style>\/*! elementor - v3.10.2 - 29-01-2023 *\/\n.elementor-widget-image{text-align:center}.elementor-widget-image a{display:inline-block}.elementor-widget-image a img[src$=\".svg\"]{width:48px}.elementor-widget-image img{vertical-align:middle;display:inline-block}<\/style>\t\t\t\t\t\t\t\t\t<figure class=\"wp-caption\">\n\t\t\t\t\t\t\t\t\t\t<img loading=\"lazy\" decoding=\"async\" width=\"550\" height=\"719\" src=\"https:\/\/idateart.com\/wp-content\/uploads\/2022\/07\/Franziska-Ida-Neumann-Loft--scaled-e1658579874348-783x1024.jpg\" class=\"attachment-large size-large wp-image-1558\" alt=\"\" srcset=\"https:\/\/idateart.com\/wp-content\/uploads\/2022\/07\/Franziska-Ida-Neumann-Loft--scaled-e1658579874348-783x1024.jpg 783w, https:\/\/idateart.com\/wp-content\/uploads\/2022\/07\/Franziska-Ida-Neumann-Loft--scaled-e1658579874348-229x300.jpg 229w, https:\/\/idateart.com\/wp-content\/uploads\/2022\/07\/Franziska-Ida-Neumann-Loft--scaled-e1658579874348-768x1004.jpg 768w, https:\/\/idateart.com\/wp-content\/uploads\/2022\/07\/Franziska-Ida-Neumann-Loft--scaled-e1658579874348-1175x1536.jpg 1175w, https:\/\/idateart.com\/wp-content\/uploads\/2022\/07\/Franziska-Ida-Neumann-Loft--scaled-e1658579874348-1566x2048.jpg 1566w, https:\/\/idateart.com\/wp-content\/uploads\/2022\/07\/Franziska-Ida-Neumann-Loft--scaled-e1658579874348-9x12.jpg 9w, https:\/\/idateart.com\/wp-content\/uploads\/2022\/07\/Franziska-Ida-Neumann-Loft--scaled-e1658579874348.jpg 1708w\" sizes=\"auto, (max-width: 550px) 100vw, 550px\" \/>\t\t\t\t\t\t\t\t\t\t\t<figcaption class=\"widget-image-caption wp-caption-text\">Dr. Franziska Ida Neumann <\/figcaption>\n\t\t\t\t\t\t\t\t\t\t<\/figure>\n\t\t\t\t\t\t\t\t\t<\/div>\n\t\t\t\t<\/div>\n\t\t\t\t\t<\/div>\n\t\t<\/div>\n\t\t\t\t\t\t\t<\/div>\n\t\t<\/section>\n\t\t\t\t\t\t\t<\/div>\n\t\t","protected":false},"excerpt":{"rendered":"<p>Sie haben Fragen, Anregungen oder m\u00f6chten mit uns kooperieren? Wir d\u00fcrfen ein Event f\u00fcr Sie moderieren, auf ihrer Veranstaltung sprechen oder Sie in Bezug auf Kunst und den Kunstmarkt beraten? Dann freuen wir uns \u00fcber Ihre Kontaktaufnahme. I date art.\u00ae Dr. Franziska Ida Neumann Karl-Marx-Platz 17 17489 Greifswald Deutschland E-Mail: ida@idateart.com Dr. Franziska Ida Neumann<\/p>\n","protected":false},"author":1,"featured_media":0,"parent":0,"menu_order":0,"comment_status":"closed","ping_status":"closed","template":"","meta":{"jetpack_post_was_ever_published":false,"footnotes":""},"class_list":["post-967","page","type-page","status-publish","hentry"],"yoast_head":"<!-- This site is optimized with the Yoast SEO plugin v24.9 - https:\/\/yoast.com\/wordpress\/plugins\/seo\/ -->\n<title>Fragen? Anregungen? Kontakt! - I date art.<\/title>\n<meta name=\"description\" content=\"Kontakt, Fragen, Anregungen, Kunstprojekt, Telefon, E-Mail, anrufen, Projektidee, Franziska Ida Neumann, Kunst, Art\" \/>\n<meta name=\"robots\" content=\"index, follow, max-snippet:-1, max-image-preview:large, max-video-preview:-1\" \/>\n<link rel=\"canonical\" href=\"https:\/\/idateart.com\/de_de\/kontakt\/\" \/>\n<meta property=\"og:locale\" content=\"de_DE\" \/>\n<meta property=\"og:type\" content=\"article\" \/>\n<meta property=\"og:title\" content=\"Fragen? Anregungen? Kontakt! - I date art.\" \/>\n<meta property=\"og:description\" content=\"Kontakt, Fragen, Anregungen, Kunstprojekt, Telefon, E-Mail, anrufen, Projektidee, Franziska Ida Neumann, Kunst, Art\" \/>\n<meta property=\"og:url\" content=\"https:\/\/idateart.com\/de_de\/kontakt\/\" \/>\n<meta property=\"og:site_name\" content=\"I date art.\" \/>\n<meta property=\"article:publisher\" content=\"https:\/\/www.facebook.com\/i.date.art.artconsulting\/\" \/>\n<meta property=\"article:modified_time\" content=\"2022-08-07T14:14:57+00:00\" \/>\n<meta property=\"og:image\" content=\"https:\/\/idateart.com\/wp-content\/uploads\/2022\/07\/Franziska-Ida-Neumann-Loft--scaled-e1658579874348-783x1024.jpg\" \/>\n<meta name=\"twitter:card\" content=\"summary_large_image\" \/>\n<meta name=\"twitter:label1\" content=\"Gesch\u00e4tzte Lesezeit\" \/>\n\t<meta name=\"twitter:data1\" content=\"1\u00a0Minute\" \/>\n<script type=\"application\/ld+json\" class=\"yoast-schema-graph\">{\"@context\":\"https:\/\/schema.org\",\"@graph\":[{\"@type\":\"WebPage\",\"@id\":\"https:\/\/idateart.com\/kontakt\/\",\"url\":\"https:\/\/idateart.com\/kontakt\/\",\"name\":\"Fragen? Anregungen? Kontakt! - I date art.\",\"isPartOf\":{\"@id\":\"https:\/\/idateart.com\/#website\"},\"primaryImageOfPage\":{\"@id\":\"https:\/\/idateart.com\/kontakt\/#primaryimage\"},\"image\":{\"@id\":\"https:\/\/idateart.com\/kontakt\/#primaryimage\"},\"thumbnailUrl\":\"https:\/\/idateart.com\/wp-content\/uploads\/2022\/07\/Franziska-Ida-Neumann-Loft--scaled-e1658579874348-783x1024.jpg\",\"datePublished\":\"2020-05-15T12:24:08+00:00\",\"dateModified\":\"2022-08-07T14:14:57+00:00\",\"description\":\"Kontakt, Fragen, Anregungen, Kunstprojekt, Telefon, E-Mail, anrufen, Projektidee, Franziska Ida Neumann, Kunst, Art\",\"breadcrumb\":{\"@id\":\"https:\/\/idateart.com\/kontakt\/#breadcrumb\"},\"inLanguage\":\"de\",\"potentialAction\":[{\"@type\":\"ReadAction\",\"target\":[\"https:\/\/idateart.com\/kontakt\/\"]}]},{\"@type\":\"ImageObject\",\"inLanguage\":\"de\",\"@id\":\"https:\/\/idateart.com\/kontakt\/#primaryimage\",\"url\":\"https:\/\/idateart.com\/wp-content\/uploads\/2022\/07\/Franziska-Ida-Neumann-Loft--scaled-e1658579874348-783x1024.jpg\",\"contentUrl\":\"https:\/\/idateart.com\/wp-content\/uploads\/2022\/07\/Franziska-Ida-Neumann-Loft--scaled-e1658579874348-783x1024.jpg\"},{\"@type\":\"BreadcrumbList\",\"@id\":\"https:\/\/idateart.com\/kontakt\/#breadcrumb\",\"itemListElement\":[{\"@type\":\"ListItem\",\"position\":1,\"name\":\"Startseite\",\"item\":\"https:\/\/idateart.com\/\"},{\"@type\":\"ListItem\",\"position\":2,\"name\":\"Fragen? Anregungen? Kontakt!\"}]},{\"@type\":\"WebSite\",\"@id\":\"https:\/\/idateart.com\/#website\",\"url\":\"https:\/\/idateart.com\/\",\"name\":\"I date art.\",\"description\":\"ART CONSULTING \",\"publisher\":{\"@id\":\"https:\/\/idateart.com\/#organization\"},\"potentialAction\":[{\"@type\":\"SearchAction\",\"target\":{\"@type\":\"EntryPoint\",\"urlTemplate\":\"https:\/\/idateart.com\/?s={search_term_string}\"},\"query-input\":{\"@type\":\"PropertyValueSpecification\",\"valueRequired\":true,\"valueName\":\"search_term_string\"}}],\"inLanguage\":\"de\"},{\"@type\":\"Organization\",\"@id\":\"https:\/\/idateart.com\/#organization\",\"name\":\"I date art.\",\"url\":\"https:\/\/idateart.com\/\",\"logo\":{\"@type\":\"ImageObject\",\"inLanguage\":\"de\",\"@id\":\"https:\/\/idateart.com\/#\/schema\/logo\/image\/\",\"url\":\"https:\/\/idateart.com\/wp-content\/uploads\/2022\/07\/cropped-IMG_0565-1.jpg\",\"contentUrl\":\"https:\/\/idateart.com\/wp-content\/uploads\/2022\/07\/cropped-IMG_0565-1.jpg\",\"width\":2048,\"height\":594,\"caption\":\"I date art.\"},\"image\":{\"@id\":\"https:\/\/idateart.com\/#\/schema\/logo\/image\/\"},\"sameAs\":[\"https:\/\/www.facebook.com\/i.date.art.artconsulting\/\",\"http:\/\/i.date.art\",\"https:\/\/www.linkedin.com\/in\/dr-franziska-ida-neumann-978810134\/\"]}]}<\/script>\n<!-- \/ Yoast SEO plugin. -->","yoast_head_json":{"title":"Fragen? Anregungen? Kontakt! - I date art.","description":"Kontakt, Fragen, Anregungen, Kunstprojekt, Telefon, E-Mail, anrufen, Projektidee, Franziska Ida Neumann, Kunst, Art","robots":{"index":"index","follow":"follow","max-snippet":"max-snippet:-1","max-image-preview":"max-image-preview:large","max-video-preview":"max-video-preview:-1"},"canonical":"https:\/\/idateart.com\/de_de\/kontakt\/","og_locale":"de_DE","og_type":"article","og_title":"Fragen? Anregungen? Kontakt! - I date art.","og_description":"Kontakt, Fragen, Anregungen, Kunstprojekt, Telefon, E-Mail, anrufen, Projektidee, Franziska Ida Neumann, Kunst, Art","og_url":"https:\/\/idateart.com\/de_de\/kontakt\/","og_site_name":"I date art.","article_publisher":"https:\/\/www.facebook.com\/i.date.art.artconsulting\/","article_modified_time":"2022-08-07T14:14:57+00:00","og_image":[{"url":"https:\/\/idateart.com\/wp-content\/uploads\/2022\/07\/Franziska-Ida-Neumann-Loft--scaled-e1658579874348-783x1024.jpg","type":"","width":"","height":""}],"twitter_card":"summary_large_image","twitter_misc":{"Gesch\u00e4tzte Lesezeit":"1\u00a0Minute"},"schema":{"@context":"https:\/\/schema.org","@graph":[{"@type":"WebPage","@id":"https:\/\/idateart.com\/kontakt\/","url":"https:\/\/idateart.com\/kontakt\/","name":"Fragen? Anregungen? Kontakt! - I date art.","isPartOf":{"@id":"https:\/\/idateart.com\/#website"},"primaryImageOfPage":{"@id":"https:\/\/idateart.com\/kontakt\/#primaryimage"},"image":{"@id":"https:\/\/idateart.com\/kontakt\/#primaryimage"},"thumbnailUrl":"https:\/\/idateart.com\/wp-content\/uploads\/2022\/07\/Franziska-Ida-Neumann-Loft--scaled-e1658579874348-783x1024.jpg","datePublished":"2020-05-15T12:24:08+00:00","dateModified":"2022-08-07T14:14:57+00:00","description":"Kontakt, Fragen, Anregungen, Kunstprojekt, Telefon, E-Mail, anrufen, Projektidee, Franziska Ida Neumann, Kunst, Art","breadcrumb":{"@id":"https:\/\/idateart.com\/kontakt\/#breadcrumb"},"inLanguage":"de","potentialAction":[{"@type":"ReadAction","target":["https:\/\/idateart.com\/kontakt\/"]}]},{"@type":"ImageObject","inLanguage":"de","@id":"https:\/\/idateart.com\/kontakt\/#primaryimage","url":"https:\/\/idateart.com\/wp-content\/uploads\/2022\/07\/Franziska-Ida-Neumann-Loft--scaled-e1658579874348-783x1024.jpg","contentUrl":"https:\/\/idateart.com\/wp-content\/uploads\/2022\/07\/Franziska-Ida-Neumann-Loft--scaled-e1658579874348-783x1024.jpg"},{"@type":"BreadcrumbList","@id":"https:\/\/idateart.com\/kontakt\/#breadcrumb","itemListElement":[{"@type":"ListItem","position":1,"name":"Startseite","item":"https:\/\/idateart.com\/"},{"@type":"ListItem","position":2,"name":"Fragen? Anregungen? Kontakt!"}]},{"@type":"WebSite","@id":"https:\/\/idateart.com\/#website","url":"https:\/\/idateart.com\/","name":"I date art.","description":"ART CONSULTING ","publisher":{"@id":"https:\/\/idateart.com\/#organization"},"potentialAction":[{"@type":"SearchAction","target":{"@type":"EntryPoint","urlTemplate":"https:\/\/idateart.com\/?s={search_term_string}"},"query-input":{"@type":"PropertyValueSpecification","valueRequired":true,"valueName":"search_term_string"}}],"inLanguage":"de"},{"@type":"Organization","@id":"https:\/\/idateart.com\/#organization","name":"I date art.","url":"https:\/\/idateart.com\/","logo":{"@type":"ImageObject","inLanguage":"de","@id":"https:\/\/idateart.com\/#\/schema\/logo\/image\/","url":"https:\/\/idateart.com\/wp-content\/uploads\/2022\/07\/cropped-IMG_0565-1.jpg","contentUrl":"https:\/\/idateart.com\/wp-content\/uploads\/2022\/07\/cropped-IMG_0565-1.jpg","width":2048,"height":594,"caption":"I date art."},"image":{"@id":"https:\/\/idateart.com\/#\/schema\/logo\/image\/"},"sameAs":["https:\/\/www.facebook.com\/i.date.art.artconsulting\/","http:\/\/i.date.art","https:\/\/www.linkedin.com\/in\/dr-franziska-ida-neumann-978810134\/"]}]}},"jetpack_sharing_enabled":true,"jetpack_shortlink":"https:\/\/wp.me\/P9Efie-fB","_links":{"self":[{"href":"https:\/\/idateart.com\/de_de\/wp-json\/wp\/v2\/pages\/967","targetHints":{"allow":["GET"]}}],"collection":[{"href":"https:\/\/idateart.com\/de_de\/wp-json\/wp\/v2\/pages"}],"about":[{"href":"https:\/\/idateart.com\/de_de\/wp-json\/wp\/v2\/types\/page"}],"author":[{"embeddable":true,"href":"https:\/\/idateart.com\/de_de\/wp-json\/wp\/v2\/users\/1"}],"replies":[{"embeddable":true,"href":"https:\/\/idateart.com\/de_de\/wp-json\/wp\/v2\/comments?post=967"}],"version-history":[{"count":31,"href":"https:\/\/idateart.com\/de_de\/wp-json\/wp\/v2\/pages\/967\/revisions"}],"predecessor-version":[{"id":1676,"href":"https:\/\/idateart.com\/de_de\/wp-json\/wp\/v2\/pages\/967\/revisions\/1676"}],"wp:attachment":[{"href":"https:\/\/idateart.com\/de_de\/wp-json\/wp\/v2\/media?parent=967"}],"curies":[{"name":"wp","href":"https:\/\/api.w.org\/{rel}","templated":true}]}}