{"id":99,"date":"2018-02-11T13:08:58","date_gmt":"2018-02-11T12:08:58","guid":{"rendered":"http:\/\/idateart.com\/?page_id=99"},"modified":"2022-07-23T15:30:01","modified_gmt":"2022-07-23T13:30:01","slug":"vortraege-lehre","status":"publish","type":"page","link":"https:\/\/idateart.com\/de_de\/vortraege-lehre\/","title":{"rendered":"Kongresse, Vortr\u00e4ge &#038; Lehre"},"content":{"rendered":"\t\t<div data-elementor-type=\"wp-page\" data-elementor-id=\"99\" class=\"elementor elementor-99\">\n\t\t\t\t\t\t\t\t\t<section class=\"elementor-section elementor-top-section elementor-element elementor-element-6b419d81 elementor-section-boxed elementor-section-height-default elementor-section-height-default\" data-id=\"6b419d81\" data-element_type=\"section\">\n\t\t\t\t\t\t<div class=\"elementor-container elementor-column-gap-default\">\n\t\t\t\t\t<div class=\"elementor-column elementor-col-100 elementor-top-column elementor-element elementor-element-6c47522d\" data-id=\"6c47522d\" data-element_type=\"column\">\n\t\t\t<div class=\"elementor-widget-wrap elementor-element-populated\">\n\t\t\t\t\t\t\t\t<div class=\"elementor-element elementor-element-35998df3 elementor-widget elementor-widget-text-editor\" data-id=\"35998df3\" data-element_type=\"widget\" data-widget_type=\"text-editor.default\">\n\t\t\t\t<div class=\"elementor-widget-container\">\n\t\t\t<style>\/*! elementor - v3.10.2 - 29-01-2023 *\/\n.elementor-widget-text-editor.elementor-drop-cap-view-stacked .elementor-drop-cap{background-color:#818a91;color:#fff}.elementor-widget-text-editor.elementor-drop-cap-view-framed .elementor-drop-cap{color:#818a91;border:3px solid;background-color:transparent}.elementor-widget-text-editor:not(.elementor-drop-cap-view-default) .elementor-drop-cap{margin-top:8px}.elementor-widget-text-editor:not(.elementor-drop-cap-view-default) .elementor-drop-cap-letter{width:1em;height:1em}.elementor-widget-text-editor .elementor-drop-cap{float:left;text-align:center;line-height:1;font-size:50px}.elementor-widget-text-editor .elementor-drop-cap-letter{display:inline-block}<\/style>\t\t\t\t<p style=\"text-align: left;\">Der Leistungsumfang von I date art.\u00ae umfasst neben der Berater- und Gutachtert\u00e4tigkeit auch das Angebot, thematisch an den Kunstmarkt angelehnte Seminare, universit\u00e4re Lehrveranstaltungen und Workshops durchzuf\u00fchren.\u00a0 Die Veranstaltungen werden in Deutsch und Englisch angeboten und finden weltweit statt.<\/p><p style=\"text-align: left;\"><strong>F\u00fcr Hochschulen &amp; Absolventen:<\/strong><\/p><p style=\"text-align: left;\">Zusammen mit dem Caspar-David-Friedrich-Institut in Greifswald und anderen Bildungsinstitutionen bietet I date art.\u00ae die Seminare<\/p><ul><li style=\"text-align: left;\"><h5><strong>Geld &amp; Kunst. Berufsfeld Kunstmarkt<\/strong><\/h5><\/li><li><h5><strong>Mein Haus, mein Auto, meine Kunstsammlung. Kunstsammeln als Ausdruck des Prestigebegehrens und zeitgen\u00f6ssischen M\u00e4zenatentums<\/strong><\/h5><\/li><li><h5><strong>The piece is sold! US$450 Millionen in 19 Minuten. Der Internationale Kunstmarkt<\/strong><\/h5><\/li><li><h5><strong>Der K\u00fcnstler als Unternehmer<\/strong><\/h5><\/li><li><h5><strong>Das politische Deutschland im Spiegel zeitgen\u00f6ssischer Kunst. Der K\u00fcnstler als kritischer Zeitzeuge?<\/strong><\/h5><\/li><li><h5><strong>Blaues Gold. Farbpigmente als Ursprung k\u00fcnstlerischen Audrucks<\/strong><\/h5><\/li><\/ul><p style=\"text-align: left;\">f\u00fcr interessierte Studierende der Universit\u00e4t an. Die Besch\u00e4ftigungsm\u00f6glichkeiten nach dem Studium der Kunstgeschichte und Bildenden Kunst sind vielf\u00e4ltig und keineswegs auf eine Laufbahn im Museum beschr\u00e4nkt. Die freie Wirtschaft und insbesondere der Kunstmarkt bieten jungen Absolventen auch in Kombination mit F\u00e4chern wie Jura und Betriebswirtschaft eine Vielzahl von Einstiegsm\u00f6glichkeiten. Die Veranstaltung f\u00fchrt die Interessenten an verschiedene berufliche Felder wie zB. Kunstlogistik, Kunstgutachter\/ Sachverst\u00e4ndige, Kunstversicherung, Galerist, Sammlungsassistenz, Kurator, Verm\u00f6gensverwaltung\/ Asset Management heran und zeigt auf, dass auch in der Finanzwelt spannende Einstiegsfelder m\u00f6glich sind.<\/p><p style=\"text-align: left;\"><strong>F\u00fcr Serviceclubs, Lobby &amp; Vereine: <\/strong><\/p><p style=\"text-align: left;\">Welchen Marktwert hat die Mona Lisa? Warum sollte Kunst als Investitionsobjekt f\u00fcr mein Portfolio interessant sein? Warum landen einmal im Jahr innerhalb von 3 Tagen 275 Privatjets auf dem Regionalflughafen in Maastricht, Niederlande und was hat das mit Kunst zu tun? Diese und andere spannende Fragen lassen sich im Rahmen von Fachvortr\u00e4ge u.a. zu den Themenbereichen Kunsthandel und Messen, Methoden und Erkennen von Kunstf\u00e4lschungen, Authentizit\u00e4t, Werkverzeichnis, Unterschied zwischen Sachverst\u00e4ndigen und Experten, Kunst als Assetklasse\/ Investition\/ Finanzierungsobjekt\/ Prestigeobjekt, Zeitgen\u00f6ssische Kunst und Klassische Moderne diskutieren. Die Vortr\u00e4ge k\u00f6nnen je nach Bedarf wissenschaftlich anspruchsvoll oder unterhaltsam, als Vertiefung des vorhandenen Wissens oder als Auffrischung angelegt sein. In jedem Fall sind sie eine Bereicherung f\u00fcr interdisziplin\u00e4re Denkans\u00e4tze und anregende Diskussionen sowohl im privaten Rahmen als auch im gesellschaftlichen Raum.<\/p><p style=\"text-align: left;\"><strong>F\u00fcr Unternehmen &amp; Unternehmensgr\u00fcnder: <\/strong><\/p><p style=\"text-align: left;\">Innovation durch interdisziplin\u00e4res Denken. I date art.\u00ae\u00a0 bietet Workshops und Votr\u00e4ge f\u00fcr Teilnehmer des Kunstmarktes und Unternehmen anderer Branchen an, die ihren fachlichen Horizont durch einen Blick \u00fcber den Tellerrand erweitern oder aus den kunstfachspezifischen Mechanismen Erkenntnisse f\u00fcr ihre Unternehmenskultur und -struktur ableiten m\u00f6chten. Die Veranstaltungen werden als teambildende Ma\u00dfnahme oder als Seminar zum Perspektivwechsel auf Managementebene angeboten.<\/p><p style=\"text-align: left;\">Der zeitliche Rahmen und die Schwerpunkte der Workshops, Seminare und Vortr\u00e4ge werden individuell auf die Bed\u00fcrfnisse der Interessenten abgestimmt und vorab besprochen. So bleibt viel Raum f\u00fcr die individuelle Ausrichtung, um Wissen und neue Ans\u00e4tze zielgerichtet vermitteln zu k\u00f6nnen.<\/p>\t\t\t\t\t\t<\/div>\n\t\t\t\t<\/div>\n\t\t\t\t\t<\/div>\n\t\t<\/div>\n\t\t\t\t\t\t\t<\/div>\n\t\t<\/section>\n\t\t\t\t\t\t\t<\/div>\n\t\t","protected":false},"excerpt":{"rendered":"<p>Der Leistungsumfang von I date art.\u00ae umfasst neben der Berater- und Gutachtert\u00e4tigkeit auch das Angebot, thematisch an den Kunstmarkt angelehnte Seminare, universit\u00e4re Lehrveranstaltungen und Workshops durchzuf\u00fchren.\u00a0 Die Veranstaltungen werden in Deutsch und Englisch angeboten und finden weltweit statt. F\u00fcr Hochschulen &amp; Absolventen: Zusammen mit dem Caspar-David-Friedrich-Institut in Greifswald und anderen Bildungsinstitutionen bietet I date art.\u00ae [&hellip;]<\/p>\n","protected":false},"author":1,"featured_media":0,"parent":0,"menu_order":0,"comment_status":"closed","ping_status":"closed","template":"","meta":{"jetpack_post_was_ever_published":false,"footnotes":""},"class_list":["post-99","page","type-page","status-publish","hentry"],"yoast_head":"<!-- This site is optimized with the Yoast SEO plugin v24.9 - https:\/\/yoast.com\/wordpress\/plugins\/seo\/ -->\n<title>Kongresse, Vortr\u00e4ge &amp; Lehre - I date art.<\/title>\n<meta name=\"robots\" content=\"index, follow, max-snippet:-1, max-image-preview:large, max-video-preview:-1\" \/>\n<link rel=\"canonical\" href=\"https:\/\/idateart.com\/de_de\/vortraege-lehre\/\" \/>\n<meta property=\"og:locale\" content=\"de_DE\" \/>\n<meta property=\"og:type\" content=\"article\" \/>\n<meta property=\"og:title\" content=\"Kongresse, Vortr\u00e4ge &amp; Lehre - I date art.\" \/>\n<meta property=\"og:description\" content=\"Der Leistungsumfang von I date art.\u00ae umfasst neben der Berater- und Gutachtert\u00e4tigkeit auch das Angebot, thematisch an den Kunstmarkt angelehnte Seminare, universit\u00e4re Lehrveranstaltungen und Workshops durchzuf\u00fchren.\u00a0 Die Veranstaltungen werden in Deutsch und Englisch angeboten und finden weltweit statt. F\u00fcr Hochschulen &amp; Absolventen: Zusammen mit dem Caspar-David-Friedrich-Institut in Greifswald und anderen Bildungsinstitutionen bietet I date art.\u00ae [&hellip;]\" \/>\n<meta property=\"og:url\" content=\"https:\/\/idateart.com\/de_de\/vortraege-lehre\/\" \/>\n<meta property=\"og:site_name\" content=\"I date art.\" \/>\n<meta property=\"article:publisher\" content=\"https:\/\/www.facebook.com\/i.date.art.artconsulting\/\" \/>\n<meta property=\"article:modified_time\" content=\"2022-07-23T13:30:01+00:00\" \/>\n<meta name=\"twitter:card\" content=\"summary_large_image\" \/>\n<meta name=\"twitter:label1\" content=\"Gesch\u00e4tzte Lesezeit\" \/>\n\t<meta name=\"twitter:data1\" content=\"3\u00a0Minuten\" \/>\n<script type=\"application\/ld+json\" class=\"yoast-schema-graph\">{\"@context\":\"https:\/\/schema.org\",\"@graph\":[{\"@type\":\"WebPage\",\"@id\":\"https:\/\/idateart.com\/vortraege-lehre\/\",\"url\":\"https:\/\/idateart.com\/vortraege-lehre\/\",\"name\":\"Kongresse, Vortr\u00e4ge & Lehre - I date art.\",\"isPartOf\":{\"@id\":\"https:\/\/idateart.com\/#website\"},\"datePublished\":\"2018-02-11T12:08:58+00:00\",\"dateModified\":\"2022-07-23T13:30:01+00:00\",\"breadcrumb\":{\"@id\":\"https:\/\/idateart.com\/vortraege-lehre\/#breadcrumb\"},\"inLanguage\":\"de\",\"potentialAction\":[{\"@type\":\"ReadAction\",\"target\":[\"https:\/\/idateart.com\/vortraege-lehre\/\"]}]},{\"@type\":\"BreadcrumbList\",\"@id\":\"https:\/\/idateart.com\/vortraege-lehre\/#breadcrumb\",\"itemListElement\":[{\"@type\":\"ListItem\",\"position\":1,\"name\":\"Startseite\",\"item\":\"https:\/\/idateart.com\/\"},{\"@type\":\"ListItem\",\"position\":2,\"name\":\"Kongresse, Vortr\u00e4ge &#038; Lehre\"}]},{\"@type\":\"WebSite\",\"@id\":\"https:\/\/idateart.com\/#website\",\"url\":\"https:\/\/idateart.com\/\",\"name\":\"I date art.\",\"description\":\"ART CONSULTING \",\"publisher\":{\"@id\":\"https:\/\/idateart.com\/#organization\"},\"potentialAction\":[{\"@type\":\"SearchAction\",\"target\":{\"@type\":\"EntryPoint\",\"urlTemplate\":\"https:\/\/idateart.com\/?s={search_term_string}\"},\"query-input\":{\"@type\":\"PropertyValueSpecification\",\"valueRequired\":true,\"valueName\":\"search_term_string\"}}],\"inLanguage\":\"de\"},{\"@type\":\"Organization\",\"@id\":\"https:\/\/idateart.com\/#organization\",\"name\":\"I date art.\",\"url\":\"https:\/\/idateart.com\/\",\"logo\":{\"@type\":\"ImageObject\",\"inLanguage\":\"de\",\"@id\":\"https:\/\/idateart.com\/#\/schema\/logo\/image\/\",\"url\":\"https:\/\/idateart.com\/wp-content\/uploads\/2022\/07\/cropped-IMG_0565-1.jpg\",\"contentUrl\":\"https:\/\/idateart.com\/wp-content\/uploads\/2022\/07\/cropped-IMG_0565-1.jpg\",\"width\":2048,\"height\":594,\"caption\":\"I date art.\"},\"image\":{\"@id\":\"https:\/\/idateart.com\/#\/schema\/logo\/image\/\"},\"sameAs\":[\"https:\/\/www.facebook.com\/i.date.art.artconsulting\/\",\"http:\/\/i.date.art\",\"https:\/\/www.linkedin.com\/in\/dr-franziska-ida-neumann-978810134\/\"]}]}<\/script>\n<!-- \/ Yoast SEO plugin. -->","yoast_head_json":{"title":"Kongresse, Vortr\u00e4ge & Lehre - I date art.","robots":{"index":"index","follow":"follow","max-snippet":"max-snippet:-1","max-image-preview":"max-image-preview:large","max-video-preview":"max-video-preview:-1"},"canonical":"https:\/\/idateart.com\/de_de\/vortraege-lehre\/","og_locale":"de_DE","og_type":"article","og_title":"Kongresse, Vortr\u00e4ge & Lehre - I date art.","og_description":"Der Leistungsumfang von I date art.\u00ae umfasst neben der Berater- und Gutachtert\u00e4tigkeit auch das Angebot, thematisch an den Kunstmarkt angelehnte Seminare, universit\u00e4re Lehrveranstaltungen und Workshops durchzuf\u00fchren.\u00a0 Die Veranstaltungen werden in Deutsch und Englisch angeboten und finden weltweit statt. F\u00fcr Hochschulen &amp; Absolventen: Zusammen mit dem Caspar-David-Friedrich-Institut in Greifswald und anderen Bildungsinstitutionen bietet I date art.\u00ae [&hellip;]","og_url":"https:\/\/idateart.com\/de_de\/vortraege-lehre\/","og_site_name":"I date art.","article_publisher":"https:\/\/www.facebook.com\/i.date.art.artconsulting\/","article_modified_time":"2022-07-23T13:30:01+00:00","twitter_card":"summary_large_image","twitter_misc":{"Gesch\u00e4tzte Lesezeit":"3\u00a0Minuten"},"schema":{"@context":"https:\/\/schema.org","@graph":[{"@type":"WebPage","@id":"https:\/\/idateart.com\/vortraege-lehre\/","url":"https:\/\/idateart.com\/vortraege-lehre\/","name":"Kongresse, Vortr\u00e4ge & Lehre - I date art.","isPartOf":{"@id":"https:\/\/idateart.com\/#website"},"datePublished":"2018-02-11T12:08:58+00:00","dateModified":"2022-07-23T13:30:01+00:00","breadcrumb":{"@id":"https:\/\/idateart.com\/vortraege-lehre\/#breadcrumb"},"inLanguage":"de","potentialAction":[{"@type":"ReadAction","target":["https:\/\/idateart.com\/vortraege-lehre\/"]}]},{"@type":"BreadcrumbList","@id":"https:\/\/idateart.com\/vortraege-lehre\/#breadcrumb","itemListElement":[{"@type":"ListItem","position":1,"name":"Startseite","item":"https:\/\/idateart.com\/"},{"@type":"ListItem","position":2,"name":"Kongresse, Vortr\u00e4ge &#038; Lehre"}]},{"@type":"WebSite","@id":"https:\/\/idateart.com\/#website","url":"https:\/\/idateart.com\/","name":"I date art.","description":"ART CONSULTING ","publisher":{"@id":"https:\/\/idateart.com\/#organization"},"potentialAction":[{"@type":"SearchAction","target":{"@type":"EntryPoint","urlTemplate":"https:\/\/idateart.com\/?s={search_term_string}"},"query-input":{"@type":"PropertyValueSpecification","valueRequired":true,"valueName":"search_term_string"}}],"inLanguage":"de"},{"@type":"Organization","@id":"https:\/\/idateart.com\/#organization","name":"I date art.","url":"https:\/\/idateart.com\/","logo":{"@type":"ImageObject","inLanguage":"de","@id":"https:\/\/idateart.com\/#\/schema\/logo\/image\/","url":"https:\/\/idateart.com\/wp-content\/uploads\/2022\/07\/cropped-IMG_0565-1.jpg","contentUrl":"https:\/\/idateart.com\/wp-content\/uploads\/2022\/07\/cropped-IMG_0565-1.jpg","width":2048,"height":594,"caption":"I date art."},"image":{"@id":"https:\/\/idateart.com\/#\/schema\/logo\/image\/"},"sameAs":["https:\/\/www.facebook.com\/i.date.art.artconsulting\/","http:\/\/i.date.art","https:\/\/www.linkedin.com\/in\/dr-franziska-ida-neumann-978810134\/"]}]}},"jetpack_sharing_enabled":true,"jetpack_shortlink":"https:\/\/wp.me\/P9Efie-1B","_links":{"self":[{"href":"https:\/\/idateart.com\/de_de\/wp-json\/wp\/v2\/pages\/99","targetHints":{"allow":["GET"]}}],"collection":[{"href":"https:\/\/idateart.com\/de_de\/wp-json\/wp\/v2\/pages"}],"about":[{"href":"https:\/\/idateart.com\/de_de\/wp-json\/wp\/v2\/types\/page"}],"author":[{"embeddable":true,"href":"https:\/\/idateart.com\/de_de\/wp-json\/wp\/v2\/users\/1"}],"replies":[{"embeddable":true,"href":"https:\/\/idateart.com\/de_de\/wp-json\/wp\/v2\/comments?post=99"}],"version-history":[{"count":18,"href":"https:\/\/idateart.com\/de_de\/wp-json\/wp\/v2\/pages\/99\/revisions"}],"predecessor-version":[{"id":1595,"href":"https:\/\/idateart.com\/de_de\/wp-json\/wp\/v2\/pages\/99\/revisions\/1595"}],"wp:attachment":[{"href":"https:\/\/idateart.com\/de_de\/wp-json\/wp\/v2\/media?parent=99"}],"curies":[{"name":"wp","href":"https:\/\/api.w.org\/{rel}","templated":true}]}}