{"id":100,"date":"2018-02-11T13:08:58","date_gmt":"2018-02-11T12:08:58","guid":{"rendered":"http:\/\/idateart.com\/?page_id=100"},"modified":"2022-07-23T14:55:49","modified_gmt":"2022-07-23T12:55:49","slug":"kunstberatung-expertise","status":"publish","type":"page","link":"https:\/\/idateart.com\/en\/kunstberatung-expertise\/","title":{"rendered":"Art Expertise &amp; Appraisal Service"},"content":{"rendered":"<p style=\"text-align: justify;\"><a href=\"http:\/\/idateart.com\/wp-content\/uploads\/2018\/03\/IMG_20180301_105124.jpg\"><img loading=\"lazy\" decoding=\"async\" class=\"size-full wp-image-391\" src=\"http:\/\/idateart.com\/wp-content\/uploads\/2018\/03\/IMG_20180301_105124.jpg\" alt=\"\" width=\"2688\" height=\"1512\" srcset=\"https:\/\/idateart.com\/wp-content\/uploads\/2018\/03\/IMG_20180301_105124.jpg 2688w, https:\/\/idateart.com\/wp-content\/uploads\/2018\/03\/IMG_20180301_105124-300x169.jpg 300w, https:\/\/idateart.com\/wp-content\/uploads\/2018\/03\/IMG_20180301_105124-768x432.jpg 768w, https:\/\/idateart.com\/wp-content\/uploads\/2018\/03\/IMG_20180301_105124-1024x576.jpg 1024w\" sizes=\"auto, (max-width: 2688px) 100vw, 2688px\" \/><\/a><\/p>\n<p style=\"text-align: left;\" class=\" translation-block\">Art consulting and evidence-based expertise is a compelling combination to successfully draft art business concepts, evaluate art works or create fine art projects. I date art.\u00ae offers evaluations and appraisals for the special needs of banks, insurances, courts and legal issues, estates or concerning purchase decisions. Besides the provenance, exhibition history and the basic facts of the artworks it is important to examine the items on site (e.g. in a storage, exhibition space or private) for an extensive and precise appraisal.<\/p>\n<p style=\"text-align: left;\" class=\" translation-block\">In addition to the appraisal service I date art.\u00ae offers its knowledge for a wide range of art projects, e.g. archiving and inventory of art works, building and extending art collections and art funds. The idea and focus of each project is different. Authentic art in public spaces is in great demand and did replace usual prints as part of the common office equipment. By now Grand and Design Hotels are characterized by their individual art interior concepts. Large and even medium-sized enterprises mandate art consultants to advise them in building a collection or to furnish their offices and representative spaces.<\/p>\n<p style=\"text-align: left;\" class=\" translation-block\">We would be pleased to support your ideas and are always happy to provide advisory support.<\/p>\n<p style=\"text-align: left;\">To work with and even connect you with national and international restorers, scientists, gallery manager, curators, logisticians, artists, insurance broker and further participants of the art market is one of our tools to successfully realize your project.<\/p>","protected":false},"excerpt":{"rendered":"<p>Die Kunstberatung bildet zusammen mit der fachlichen Expertise die Basis f\u00fcr eine erfolgreiche Konzeptionierung von Sammlungen, die monet\u00e4re Bewertung von Kunstwerken oder f\u00fcr die Erarbeitung und Realisierung von Projekten, die mit der Bildenden Kunst in Verbindung stehen. I date art.\u00ae bietet Evaluierungen und Bewertungen von Kunstwerken f\u00fcr Banken, Gerichte, Versicherungen, Nachlassverwaltungen und im Rahmen von [&hellip;]<\/p>","protected":false},"author":1,"featured_media":0,"parent":0,"menu_order":0,"comment_status":"closed","ping_status":"closed","template":"","meta":{"jetpack_post_was_ever_published":false,"footnotes":""},"class_list":["post-100","page","type-page","status-publish","hentry"],"yoast_head":"<!-- This site is optimized with the Yoast SEO plugin v24.9 - https:\/\/yoast.com\/wordpress\/plugins\/seo\/ -->\n<title>Werk &amp; Wert | Kunstexpertise &amp; Gutachterservice - I date art.<\/title>\n<meta name=\"robots\" content=\"index, follow, max-snippet:-1, max-image-preview:large, max-video-preview:-1\" \/>\n<link rel=\"canonical\" href=\"https:\/\/idateart.com\/en\/kunstberatung-expertise\/\" \/>\n<meta property=\"og:locale\" content=\"en_US\" \/>\n<meta property=\"og:type\" content=\"article\" \/>\n<meta property=\"og:title\" content=\"Werk &amp; Wert | Kunstexpertise &amp; Gutachterservice - I date art.\" \/>\n<meta property=\"og:description\" content=\"Die Kunstberatung bildet zusammen mit der fachlichen Expertise die Basis f\u00fcr eine erfolgreiche Konzeptionierung von Sammlungen, die monet\u00e4re Bewertung von Kunstwerken oder f\u00fcr die Erarbeitung und Realisierung von Projekten, die mit der Bildenden Kunst in Verbindung stehen. I date art.\u00ae bietet Evaluierungen und Bewertungen von Kunstwerken f\u00fcr Banken, Gerichte, Versicherungen, Nachlassverwaltungen und im Rahmen von [&hellip;]\" \/>\n<meta property=\"og:url\" content=\"https:\/\/idateart.com\/en\/kunstberatung-expertise\/\" \/>\n<meta property=\"og:site_name\" content=\"I date art.\" \/>\n<meta property=\"article:publisher\" content=\"https:\/\/www.facebook.com\/i.date.art.artconsulting\/\" \/>\n<meta property=\"article:modified_time\" content=\"2022-07-23T12:55:49+00:00\" \/>\n<meta property=\"og:image\" content=\"http:\/\/idateart.com\/wp-content\/uploads\/2018\/03\/IMG_20180301_105124.jpg\" \/>\n<meta name=\"twitter:card\" content=\"summary_large_image\" \/>\n<meta name=\"twitter:label1\" content=\"Est. reading time\" \/>\n\t<meta name=\"twitter:data1\" content=\"2 minutes\" \/>\n<script type=\"application\/ld+json\" class=\"yoast-schema-graph\">{\"@context\":\"https:\/\/schema.org\",\"@graph\":[{\"@type\":\"WebPage\",\"@id\":\"https:\/\/idateart.com\/kunstberatung-expertise\/\",\"url\":\"https:\/\/idateart.com\/kunstberatung-expertise\/\",\"name\":\"Werk & Wert | Kunstexpertise & Gutachterservice - I date art.\",\"isPartOf\":{\"@id\":\"https:\/\/idateart.com\/#website\"},\"primaryImageOfPage\":{\"@id\":\"https:\/\/idateart.com\/kunstberatung-expertise\/#primaryimage\"},\"image\":{\"@id\":\"https:\/\/idateart.com\/kunstberatung-expertise\/#primaryimage\"},\"thumbnailUrl\":\"http:\/\/idateart.com\/wp-content\/uploads\/2018\/03\/IMG_20180301_105124.jpg\",\"datePublished\":\"2018-02-11T12:08:58+00:00\",\"dateModified\":\"2022-07-23T12:55:49+00:00\",\"breadcrumb\":{\"@id\":\"https:\/\/idateart.com\/kunstberatung-expertise\/#breadcrumb\"},\"inLanguage\":\"en-US\",\"potentialAction\":[{\"@type\":\"ReadAction\",\"target\":[\"https:\/\/idateart.com\/kunstberatung-expertise\/\"]}]},{\"@type\":\"ImageObject\",\"inLanguage\":\"en-US\",\"@id\":\"https:\/\/idateart.com\/kunstberatung-expertise\/#primaryimage\",\"url\":\"http:\/\/idateart.com\/wp-content\/uploads\/2018\/03\/IMG_20180301_105124.jpg\",\"contentUrl\":\"http:\/\/idateart.com\/wp-content\/uploads\/2018\/03\/IMG_20180301_105124.jpg\"},{\"@type\":\"BreadcrumbList\",\"@id\":\"https:\/\/idateart.com\/kunstberatung-expertise\/#breadcrumb\",\"itemListElement\":[{\"@type\":\"ListItem\",\"position\":1,\"name\":\"Home\",\"item\":\"https:\/\/idateart.com\/\"},{\"@type\":\"ListItem\",\"position\":2,\"name\":\"Werk &#038; Wert | Kunstexpertise &#038; Gutachterservice\"}]},{\"@type\":\"WebSite\",\"@id\":\"https:\/\/idateart.com\/#website\",\"url\":\"https:\/\/idateart.com\/\",\"name\":\"I date art.\",\"description\":\"ART CONSULTING \",\"publisher\":{\"@id\":\"https:\/\/idateart.com\/#organization\"},\"potentialAction\":[{\"@type\":\"SearchAction\",\"target\":{\"@type\":\"EntryPoint\",\"urlTemplate\":\"https:\/\/idateart.com\/?s={search_term_string}\"},\"query-input\":{\"@type\":\"PropertyValueSpecification\",\"valueRequired\":true,\"valueName\":\"search_term_string\"}}],\"inLanguage\":\"en-US\"},{\"@type\":\"Organization\",\"@id\":\"https:\/\/idateart.com\/#organization\",\"name\":\"I date art.\",\"url\":\"https:\/\/idateart.com\/\",\"logo\":{\"@type\":\"ImageObject\",\"inLanguage\":\"en-US\",\"@id\":\"https:\/\/idateart.com\/#\/schema\/logo\/image\/\",\"url\":\"https:\/\/idateart.com\/wp-content\/uploads\/2022\/07\/cropped-IMG_0565-1.jpg\",\"contentUrl\":\"https:\/\/idateart.com\/wp-content\/uploads\/2022\/07\/cropped-IMG_0565-1.jpg\",\"width\":2048,\"height\":594,\"caption\":\"I date art.\"},\"image\":{\"@id\":\"https:\/\/idateart.com\/#\/schema\/logo\/image\/\"},\"sameAs\":[\"https:\/\/www.facebook.com\/i.date.art.artconsulting\/\",\"http:\/\/i.date.art\",\"https:\/\/www.linkedin.com\/in\/dr-franziska-ida-neumann-978810134\/\"]}]}<\/script>\n<!-- \/ Yoast SEO plugin. -->","yoast_head_json":{"title":"Werk & Wert | Kunstexpertise & Gutachterservice - I date art.","robots":{"index":"index","follow":"follow","max-snippet":"max-snippet:-1","max-image-preview":"max-image-preview:large","max-video-preview":"max-video-preview:-1"},"canonical":"https:\/\/idateart.com\/en\/kunstberatung-expertise\/","og_locale":"en_US","og_type":"article","og_title":"Werk & Wert | Kunstexpertise & Gutachterservice - I date art.","og_description":"Die Kunstberatung bildet zusammen mit der fachlichen Expertise die Basis f\u00fcr eine erfolgreiche Konzeptionierung von Sammlungen, die monet\u00e4re Bewertung von Kunstwerken oder f\u00fcr die Erarbeitung und Realisierung von Projekten, die mit der Bildenden Kunst in Verbindung stehen. I date art.\u00ae bietet Evaluierungen und Bewertungen von Kunstwerken f\u00fcr Banken, Gerichte, Versicherungen, Nachlassverwaltungen und im Rahmen von [&hellip;]","og_url":"https:\/\/idateart.com\/en\/kunstberatung-expertise\/","og_site_name":"I date art.","article_publisher":"https:\/\/www.facebook.com\/i.date.art.artconsulting\/","article_modified_time":"2022-07-23T12:55:49+00:00","og_image":[{"url":"http:\/\/idateart.com\/wp-content\/uploads\/2018\/03\/IMG_20180301_105124.jpg","type":"","width":"","height":""}],"twitter_card":"summary_large_image","twitter_misc":{"Est. reading time":"2 minutes"},"schema":{"@context":"https:\/\/schema.org","@graph":[{"@type":"WebPage","@id":"https:\/\/idateart.com\/kunstberatung-expertise\/","url":"https:\/\/idateart.com\/kunstberatung-expertise\/","name":"Werk & Wert | Kunstexpertise & Gutachterservice - I date art.","isPartOf":{"@id":"https:\/\/idateart.com\/#website"},"primaryImageOfPage":{"@id":"https:\/\/idateart.com\/kunstberatung-expertise\/#primaryimage"},"image":{"@id":"https:\/\/idateart.com\/kunstberatung-expertise\/#primaryimage"},"thumbnailUrl":"http:\/\/idateart.com\/wp-content\/uploads\/2018\/03\/IMG_20180301_105124.jpg","datePublished":"2018-02-11T12:08:58+00:00","dateModified":"2022-07-23T12:55:49+00:00","breadcrumb":{"@id":"https:\/\/idateart.com\/kunstberatung-expertise\/#breadcrumb"},"inLanguage":"en-US","potentialAction":[{"@type":"ReadAction","target":["https:\/\/idateart.com\/kunstberatung-expertise\/"]}]},{"@type":"ImageObject","inLanguage":"en-US","@id":"https:\/\/idateart.com\/kunstberatung-expertise\/#primaryimage","url":"http:\/\/idateart.com\/wp-content\/uploads\/2018\/03\/IMG_20180301_105124.jpg","contentUrl":"http:\/\/idateart.com\/wp-content\/uploads\/2018\/03\/IMG_20180301_105124.jpg"},{"@type":"BreadcrumbList","@id":"https:\/\/idateart.com\/kunstberatung-expertise\/#breadcrumb","itemListElement":[{"@type":"ListItem","position":1,"name":"Home","item":"https:\/\/idateart.com\/"},{"@type":"ListItem","position":2,"name":"Werk &#038; Wert | Kunstexpertise &#038; Gutachterservice"}]},{"@type":"WebSite","@id":"https:\/\/idateart.com\/#website","url":"https:\/\/idateart.com\/","name":"I date art.","description":"ART CONSULTING ","publisher":{"@id":"https:\/\/idateart.com\/#organization"},"potentialAction":[{"@type":"SearchAction","target":{"@type":"EntryPoint","urlTemplate":"https:\/\/idateart.com\/?s={search_term_string}"},"query-input":{"@type":"PropertyValueSpecification","valueRequired":true,"valueName":"search_term_string"}}],"inLanguage":"en-US"},{"@type":"Organization","@id":"https:\/\/idateart.com\/#organization","name":"I date art.","url":"https:\/\/idateart.com\/","logo":{"@type":"ImageObject","inLanguage":"en-US","@id":"https:\/\/idateart.com\/#\/schema\/logo\/image\/","url":"https:\/\/idateart.com\/wp-content\/uploads\/2022\/07\/cropped-IMG_0565-1.jpg","contentUrl":"https:\/\/idateart.com\/wp-content\/uploads\/2022\/07\/cropped-IMG_0565-1.jpg","width":2048,"height":594,"caption":"I date art."},"image":{"@id":"https:\/\/idateart.com\/#\/schema\/logo\/image\/"},"sameAs":["https:\/\/www.facebook.com\/i.date.art.artconsulting\/","http:\/\/i.date.art","https:\/\/www.linkedin.com\/in\/dr-franziska-ida-neumann-978810134\/"]}]}},"jetpack_sharing_enabled":true,"jetpack_shortlink":"https:\/\/wp.me\/P9Efie-1C","_links":{"self":[{"href":"https:\/\/idateart.com\/en\/wp-json\/wp\/v2\/pages\/100","targetHints":{"allow":["GET"]}}],"collection":[{"href":"https:\/\/idateart.com\/en\/wp-json\/wp\/v2\/pages"}],"about":[{"href":"https:\/\/idateart.com\/en\/wp-json\/wp\/v2\/types\/page"}],"author":[{"embeddable":true,"href":"https:\/\/idateart.com\/en\/wp-json\/wp\/v2\/users\/1"}],"replies":[{"embeddable":true,"href":"https:\/\/idateart.com\/en\/wp-json\/wp\/v2\/comments?post=100"}],"version-history":[{"count":18,"href":"https:\/\/idateart.com\/en\/wp-json\/wp\/v2\/pages\/100\/revisions"}],"predecessor-version":[{"id":1567,"href":"https:\/\/idateart.com\/en\/wp-json\/wp\/v2\/pages\/100\/revisions\/1567"}],"wp:attachment":[{"href":"https:\/\/idateart.com\/en\/wp-json\/wp\/v2\/media?parent=100"}],"curies":[{"name":"wp","href":"https:\/\/api.w.org\/{rel}","templated":true}]}}