{"id":492,"date":"2018-03-05T14:33:11","date_gmt":"2018-03-05T13:33:11","guid":{"rendered":"http:\/\/idateart.com\/?page_id=492"},"modified":"2022-07-23T15:43:11","modified_gmt":"2022-07-23T13:43:11","slug":"ueber-uns","status":"publish","type":"page","link":"https:\/\/idateart.com\/en\/ueber-uns\/","title":{"rendered":"About us"},"content":{"rendered":"<div data-elementor-type=\"wp-page\" data-elementor-id=\"492\" class=\"elementor elementor-492\">\n\t\t\t\t\t\t\t\t\t<section class=\"elementor-section elementor-top-section elementor-element elementor-element-4846acc2 elementor-section-boxed elementor-section-height-default elementor-section-height-default\" data-id=\"4846acc2\" data-element_type=\"section\">\n\t\t\t\t\t\t<div class=\"elementor-container elementor-column-gap-default\">\n\t\t\t\t\t<div class=\"elementor-column elementor-col-100 elementor-top-column elementor-element elementor-element-59ec4b20\" data-id=\"59ec4b20\" data-element_type=\"column\">\n\t\t\t<div class=\"elementor-widget-wrap elementor-element-populated\">\n\t\t\t\t\t\t\t\t<div class=\"elementor-element elementor-element-f774ef1 elementor-widget elementor-widget-image\" data-id=\"f774ef1\" data-element_type=\"widget\" data-widget_type=\"image.default\">\n\t\t\t\t<div class=\"elementor-widget-container\">\n\t\t\t<style>\/*! elementor - v3.10.2 - 29-01-2023 *\/\n.elementor-widget-image{text-align:center}.elementor-widget-image a{display:inline-block}.elementor-widget-image a img[src$=\".svg\"]{width:48px}.elementor-widget-image img{vertical-align:middle;display:inline-block}<\/style>\t\t\t\t\t\t\t\t\t<figure class=\"wp-caption\">\n\t\t\t\t\t\t\t\t\t\t<img loading=\"lazy\" decoding=\"async\" width=\"550\" height=\"259\" src=\"https:\/\/idateart.com\/wp-content\/uploads\/2022\/07\/IMG_0736-1024x482.jpg\" class=\"attachment-large size-large wp-image-1574\" alt=\"\" srcset=\"https:\/\/idateart.com\/wp-content\/uploads\/2022\/07\/IMG_0736-1024x482.jpg 1024w, https:\/\/idateart.com\/wp-content\/uploads\/2022\/07\/IMG_0736-300x141.jpg 300w, https:\/\/idateart.com\/wp-content\/uploads\/2022\/07\/IMG_0736-768x361.jpg 768w, https:\/\/idateart.com\/wp-content\/uploads\/2022\/07\/IMG_0736-1536x722.jpg 1536w, https:\/\/idateart.com\/wp-content\/uploads\/2022\/07\/IMG_0736-18x8.jpg 18w, https:\/\/idateart.com\/wp-content\/uploads\/2022\/07\/IMG_0736.jpg 1822w\" sizes=\"auto, (max-width: 550px) 100vw, 550px\" \/>\t\t\t\t\t\t\t\t\t\t\t<figcaption class=\"widget-image-caption wp-caption-text\"><\/figcaption>\n\t\t\t\t\t\t\t\t\t\t<\/figure>\n\t\t\t\t\t\t\t\t\t<\/div>\n\t\t\t\t<\/div>\n\t\t\t\t<div class=\"elementor-element elementor-element-705941aa elementor-widget elementor-widget-text-editor\" data-id=\"705941aa\" data-element_type=\"widget\" data-widget_type=\"text-editor.default\">\n\t\t\t\t<div class=\"elementor-widget-container\">\n\t\t\t<style>\/*! elementor - v3.10.2 - 29-01-2023 *\/\n.elementor-widget-text-editor.elementor-drop-cap-view-stacked .elementor-drop-cap{background-color:#818a91;color:#fff}.elementor-widget-text-editor.elementor-drop-cap-view-framed .elementor-drop-cap{color:#818a91;border:3px solid;background-color:transparent}.elementor-widget-text-editor:not(.elementor-drop-cap-view-default) .elementor-drop-cap{margin-top:8px}.elementor-widget-text-editor:not(.elementor-drop-cap-view-default) .elementor-drop-cap-letter{width:1em;height:1em}.elementor-widget-text-editor .elementor-drop-cap{float:left;text-align:center;line-height:1;font-size:50px}.elementor-widget-text-editor .elementor-drop-cap-letter{display:inline-block}<\/style>\t\t\t\t<p><strong>Our services:<\/strong><\/p><ul><li>consulting for collectors, artists, companies, start-ups, museums and art venues<\/li><li>appraisals, market analysis und forecasts (evaluations for banks, insurance companies, logistics, depots, courts and for collections and inheritances)<\/li><li>lectures, papers, workshops relating to the topics Art &amp; Money, Art as an Asset\/ Investment, Art Market, Contemporary Art &amp; Classic Modern, Science<\/li><li>concept development for collections, exhibitions &amp; art education<\/li><li>writing and publishing of articles and texts in print- &amp; online media as well as exhibition catalogues<\/li><li>career counselling for graduates, companies &amp; founders relating to the fields of art history, fine art and the art market (also to relating sectors as economics, logistics, insurance, tax and law)<\/li><\/ul><p style=\"text-align: left;\">Art means passion, idealism, dedication and the willingness to see. It functions as a mirror of society and is far more than an aesthetic moment. Harald Szeemann, curator and museum director of international standing, once advised collector Ingvild Goetz that before deciding on a strategy in the art market, she should first see as many exhibitions as possible and let the works of art have an effect on her. I date art.\u00ae has been gathering this experience in the field of art and the art market since 2007. The foundation of I date art. ART CONSULTING &amp; LECTURING UG &amp; Co. KG as an art consulting company in March 2018 was the logical consequence of the accumulated know-how from the fields of art lending, key account consulting in banking, cultural policy, economy, auction house, gallery business, insurance, logistics and science.<\/p><p style=\"text-align: left;\">Art creates values. Values that are monetarily evaluated in the context of private collections, museums, funds or investments. The evaluation of artworks and the structures on the art market are rarely comprehensible to outsiders. Constant practice and a profound professional as well as background knowledge are crucial to be able to objectively point out values and assess developments on the market. Today, independent art advisors and appraisers bridge the gap between art and business. Well-founded advice that clarifies interrelationships opens the view for a market in which even today purchases and sales are sealed with a handshake - in the HNWI sector as a matter of course. Discreetly and under exclusion of the public.<\/p><p style=\"text-align: left;\">Art is a risky speculative object and requires a relationship of trust between experts and interested parties in order to be able to make reliable investment decisions and to value works of art as investment objects, collection extensions and in the context of estates. I date art.\u00ae sees itself as a consulting company for the needs of the art market and as a contact broker for the various sectors of the industry. Focusing on Contemporary Art and Classical Modern Art, we work nationally as well as internationally and in accordance with the needs of our clients. The creation of concepts for collectors and companies, the didactic mediation of art in exhibitions and the evaluations of works of art in the context of an expert opinion are as much a part of our tasks as the obligation to pass on the available knowledge in the form of scientific teaching and lectures.<\/p><p style=\"text-align: left;\">\u00a0<\/p>\t\t\t\t\t\t<\/div>\n\t\t\t\t<\/div>\n\t\t\t\t\t<\/div>\n\t\t<\/div>\n\t\t\t\t\t\t\t<\/div>\n\t\t<\/section>\n\t\t\t\t\t\t\t<\/div>","protected":false},"excerpt":{"rendered":"<p>Unser Service: Consulting f\u00fcr Sammler, K\u00fcnstler, Unternehmer, Museen, Ausstellungsh\u00e4user und Start-Ups Gutachten, Marktanalysen und -prognosen (Monet\u00e4re Evaluierung f\u00fcr Banken, Versicherungen, Logistik, Depots, Gerichte und von Sammlungen und Nachl\u00e4ssen) Fachvortr\u00e4ge, Seminare &amp; Workshops zu den Themen Kunst &amp; Geld, Kunst als Asset\/ Investment, Kunstmarkt, Zeitgen\u00f6ssische Kunst &amp; Klassische Moderne, Wissenschaft Konzepterstellung f\u00fcr Sammlungen, Ausstellungen &amp; Kunstvermittlung [&hellip;]<\/p>","protected":false},"author":1,"featured_media":0,"parent":0,"menu_order":0,"comment_status":"closed","ping_status":"closed","template":"","meta":{"jetpack_post_was_ever_published":false,"footnotes":""},"class_list":["post-492","page","type-page","status-publish","hentry"],"yoast_head":"<!-- This site is optimized with the Yoast SEO plugin v24.9 - https:\/\/yoast.com\/wordpress\/plugins\/seo\/ -->\n<title>\u00dcber uns - I date art.<\/title>\n<meta name=\"description\" content=\"Wer wir sind, Vorstellung, Kunst, Unternehmensgr\u00fcndung, Beratungsgesellschaft, Kunstprojekte, Kunstfinanzierung, I date art\" \/>\n<meta name=\"robots\" content=\"index, follow, max-snippet:-1, max-image-preview:large, max-video-preview:-1\" \/>\n<link rel=\"canonical\" href=\"https:\/\/idateart.com\/en\/ueber-uns\/\" \/>\n<meta property=\"og:locale\" content=\"en_US\" \/>\n<meta property=\"og:type\" content=\"article\" \/>\n<meta property=\"og:title\" content=\"\u00dcber uns - I date art.\" \/>\n<meta property=\"og:description\" content=\"Wer wir sind, Vorstellung, Kunst, Unternehmensgr\u00fcndung, Beratungsgesellschaft, Kunstprojekte, Kunstfinanzierung, I date art\" \/>\n<meta property=\"og:url\" content=\"https:\/\/idateart.com\/en\/ueber-uns\/\" \/>\n<meta property=\"og:site_name\" content=\"I date art.\" \/>\n<meta property=\"article:publisher\" content=\"https:\/\/www.facebook.com\/i.date.art.artconsulting\/\" \/>\n<meta property=\"article:modified_time\" content=\"2022-07-23T13:43:11+00:00\" \/>\n<meta property=\"og:image\" content=\"https:\/\/idateart.com\/wp-content\/uploads\/2022\/07\/IMG_0736-1024x482.jpg\" \/>\n<meta name=\"twitter:card\" content=\"summary_large_image\" \/>\n<meta name=\"twitter:label1\" content=\"Est. reading time\" \/>\n\t<meta name=\"twitter:data1\" content=\"3 minutes\" \/>\n<script type=\"application\/ld+json\" class=\"yoast-schema-graph\">{\"@context\":\"https:\/\/schema.org\",\"@graph\":[{\"@type\":\"WebPage\",\"@id\":\"https:\/\/idateart.com\/de_de\/ueber-uns\/\",\"url\":\"https:\/\/idateart.com\/de_de\/ueber-uns\/\",\"name\":\"\u00dcber uns - I date art.\",\"isPartOf\":{\"@id\":\"https:\/\/idateart.com\/#website\"},\"primaryImageOfPage\":{\"@id\":\"https:\/\/idateart.com\/de_de\/ueber-uns\/#primaryimage\"},\"image\":{\"@id\":\"https:\/\/idateart.com\/de_de\/ueber-uns\/#primaryimage\"},\"thumbnailUrl\":\"https:\/\/idateart.com\/wp-content\/uploads\/2022\/07\/IMG_0736-1024x482.jpg\",\"datePublished\":\"2018-03-05T13:33:11+00:00\",\"dateModified\":\"2022-07-23T13:43:11+00:00\",\"description\":\"Wer wir sind, Vorstellung, Kunst, Unternehmensgr\u00fcndung, Beratungsgesellschaft, Kunstprojekte, Kunstfinanzierung, I date art\",\"breadcrumb\":{\"@id\":\"https:\/\/idateart.com\/de_de\/ueber-uns\/#breadcrumb\"},\"inLanguage\":\"en-US\",\"potentialAction\":[{\"@type\":\"ReadAction\",\"target\":[\"https:\/\/idateart.com\/de_de\/ueber-uns\/\"]}]},{\"@type\":\"ImageObject\",\"inLanguage\":\"en-US\",\"@id\":\"https:\/\/idateart.com\/de_de\/ueber-uns\/#primaryimage\",\"url\":\"https:\/\/idateart.com\/wp-content\/uploads\/2022\/07\/IMG_0736-1024x482.jpg\",\"contentUrl\":\"https:\/\/idateart.com\/wp-content\/uploads\/2022\/07\/IMG_0736-1024x482.jpg\"},{\"@type\":\"BreadcrumbList\",\"@id\":\"https:\/\/idateart.com\/de_de\/ueber-uns\/#breadcrumb\",\"itemListElement\":[{\"@type\":\"ListItem\",\"position\":1,\"name\":\"Home\",\"item\":\"https:\/\/idateart.com\/\"},{\"@type\":\"ListItem\",\"position\":2,\"name\":\"\u00dcber uns\"}]},{\"@type\":\"WebSite\",\"@id\":\"https:\/\/idateart.com\/#website\",\"url\":\"https:\/\/idateart.com\/\",\"name\":\"I date art.\",\"description\":\"ART CONSULTING \",\"publisher\":{\"@id\":\"https:\/\/idateart.com\/#organization\"},\"potentialAction\":[{\"@type\":\"SearchAction\",\"target\":{\"@type\":\"EntryPoint\",\"urlTemplate\":\"https:\/\/idateart.com\/?s={search_term_string}\"},\"query-input\":{\"@type\":\"PropertyValueSpecification\",\"valueRequired\":true,\"valueName\":\"search_term_string\"}}],\"inLanguage\":\"en-US\"},{\"@type\":\"Organization\",\"@id\":\"https:\/\/idateart.com\/#organization\",\"name\":\"I date art.\",\"url\":\"https:\/\/idateart.com\/\",\"logo\":{\"@type\":\"ImageObject\",\"inLanguage\":\"en-US\",\"@id\":\"https:\/\/idateart.com\/#\/schema\/logo\/image\/\",\"url\":\"https:\/\/idateart.com\/wp-content\/uploads\/2022\/07\/cropped-IMG_0565-1.jpg\",\"contentUrl\":\"https:\/\/idateart.com\/wp-content\/uploads\/2022\/07\/cropped-IMG_0565-1.jpg\",\"width\":2048,\"height\":594,\"caption\":\"I date art.\"},\"image\":{\"@id\":\"https:\/\/idateart.com\/#\/schema\/logo\/image\/\"},\"sameAs\":[\"https:\/\/www.facebook.com\/i.date.art.artconsulting\/\",\"http:\/\/i.date.art\",\"https:\/\/www.linkedin.com\/in\/dr-franziska-ida-neumann-978810134\/\"]}]}<\/script>\n<!-- \/ Yoast SEO plugin. -->","yoast_head_json":{"title":"\u00dcber uns - I date art.","description":"Wer wir sind, Vorstellung, Kunst, Unternehmensgr\u00fcndung, Beratungsgesellschaft, Kunstprojekte, Kunstfinanzierung, I date art","robots":{"index":"index","follow":"follow","max-snippet":"max-snippet:-1","max-image-preview":"max-image-preview:large","max-video-preview":"max-video-preview:-1"},"canonical":"https:\/\/idateart.com\/en\/ueber-uns\/","og_locale":"en_US","og_type":"article","og_title":"\u00dcber uns - I date art.","og_description":"Wer wir sind, Vorstellung, Kunst, Unternehmensgr\u00fcndung, Beratungsgesellschaft, Kunstprojekte, Kunstfinanzierung, I date art","og_url":"https:\/\/idateart.com\/en\/ueber-uns\/","og_site_name":"I date art.","article_publisher":"https:\/\/www.facebook.com\/i.date.art.artconsulting\/","article_modified_time":"2022-07-23T13:43:11+00:00","og_image":[{"url":"https:\/\/idateart.com\/wp-content\/uploads\/2022\/07\/IMG_0736-1024x482.jpg","type":"","width":"","height":""}],"twitter_card":"summary_large_image","twitter_misc":{"Est. reading time":"3 minutes"},"schema":{"@context":"https:\/\/schema.org","@graph":[{"@type":"WebPage","@id":"https:\/\/idateart.com\/de_de\/ueber-uns\/","url":"https:\/\/idateart.com\/de_de\/ueber-uns\/","name":"\u00dcber uns - I date art.","isPartOf":{"@id":"https:\/\/idateart.com\/#website"},"primaryImageOfPage":{"@id":"https:\/\/idateart.com\/de_de\/ueber-uns\/#primaryimage"},"image":{"@id":"https:\/\/idateart.com\/de_de\/ueber-uns\/#primaryimage"},"thumbnailUrl":"https:\/\/idateart.com\/wp-content\/uploads\/2022\/07\/IMG_0736-1024x482.jpg","datePublished":"2018-03-05T13:33:11+00:00","dateModified":"2022-07-23T13:43:11+00:00","description":"Wer wir sind, Vorstellung, Kunst, Unternehmensgr\u00fcndung, Beratungsgesellschaft, Kunstprojekte, Kunstfinanzierung, I date art","breadcrumb":{"@id":"https:\/\/idateart.com\/de_de\/ueber-uns\/#breadcrumb"},"inLanguage":"en-US","potentialAction":[{"@type":"ReadAction","target":["https:\/\/idateart.com\/de_de\/ueber-uns\/"]}]},{"@type":"ImageObject","inLanguage":"en-US","@id":"https:\/\/idateart.com\/de_de\/ueber-uns\/#primaryimage","url":"https:\/\/idateart.com\/wp-content\/uploads\/2022\/07\/IMG_0736-1024x482.jpg","contentUrl":"https:\/\/idateart.com\/wp-content\/uploads\/2022\/07\/IMG_0736-1024x482.jpg"},{"@type":"BreadcrumbList","@id":"https:\/\/idateart.com\/de_de\/ueber-uns\/#breadcrumb","itemListElement":[{"@type":"ListItem","position":1,"name":"Home","item":"https:\/\/idateart.com\/"},{"@type":"ListItem","position":2,"name":"\u00dcber uns"}]},{"@type":"WebSite","@id":"https:\/\/idateart.com\/#website","url":"https:\/\/idateart.com\/","name":"I date art.","description":"ART CONSULTING ","publisher":{"@id":"https:\/\/idateart.com\/#organization"},"potentialAction":[{"@type":"SearchAction","target":{"@type":"EntryPoint","urlTemplate":"https:\/\/idateart.com\/?s={search_term_string}"},"query-input":{"@type":"PropertyValueSpecification","valueRequired":true,"valueName":"search_term_string"}}],"inLanguage":"en-US"},{"@type":"Organization","@id":"https:\/\/idateart.com\/#organization","name":"I date art.","url":"https:\/\/idateart.com\/","logo":{"@type":"ImageObject","inLanguage":"en-US","@id":"https:\/\/idateart.com\/#\/schema\/logo\/image\/","url":"https:\/\/idateart.com\/wp-content\/uploads\/2022\/07\/cropped-IMG_0565-1.jpg","contentUrl":"https:\/\/idateart.com\/wp-content\/uploads\/2022\/07\/cropped-IMG_0565-1.jpg","width":2048,"height":594,"caption":"I date art."},"image":{"@id":"https:\/\/idateart.com\/#\/schema\/logo\/image\/"},"sameAs":["https:\/\/www.facebook.com\/i.date.art.artconsulting\/","http:\/\/i.date.art","https:\/\/www.linkedin.com\/in\/dr-franziska-ida-neumann-978810134\/"]}]}},"jetpack_sharing_enabled":true,"jetpack_shortlink":"https:\/\/wp.me\/P9Efie-7W","_links":{"self":[{"href":"https:\/\/idateart.com\/en\/wp-json\/wp\/v2\/pages\/492","targetHints":{"allow":["GET"]}}],"collection":[{"href":"https:\/\/idateart.com\/en\/wp-json\/wp\/v2\/pages"}],"about":[{"href":"https:\/\/idateart.com\/en\/wp-json\/wp\/v2\/types\/page"}],"author":[{"embeddable":true,"href":"https:\/\/idateart.com\/en\/wp-json\/wp\/v2\/users\/1"}],"replies":[{"embeddable":true,"href":"https:\/\/idateart.com\/en\/wp-json\/wp\/v2\/comments?post=492"}],"version-history":[{"count":20,"href":"https:\/\/idateart.com\/en\/wp-json\/wp\/v2\/pages\/492\/revisions"}],"predecessor-version":[{"id":1598,"href":"https:\/\/idateart.com\/en\/wp-json\/wp\/v2\/pages\/492\/revisions\/1598"}],"wp:attachment":[{"href":"https:\/\/idateart.com\/en\/wp-json\/wp\/v2\/media?parent=492"}],"curies":[{"name":"wp","href":"https:\/\/api.w.org\/{rel}","templated":true}]}}