{"id":626,"date":"2018-03-29T19:32:30","date_gmt":"2018-03-29T17:32:30","guid":{"rendered":"https:\/\/idateart.com\/?page_id=626"},"modified":"2022-07-23T16:39:06","modified_gmt":"2022-07-23T14:39:06","slug":"kunst-startups-it-beratung","status":"publish","type":"page","link":"https:\/\/idateart.com\/en\/kunst-startups-it-beratung\/","title":{"rendered":"Your start in the art industry? We're happy to guide you!"},"content":{"rendered":"<div data-elementor-type=\"wp-page\" data-elementor-id=\"626\" class=\"elementor elementor-626\">\n\t\t\t\t\t\t\t\t\t<section class=\"elementor-section elementor-top-section elementor-element elementor-element-4d2de963 elementor-section-boxed elementor-section-height-default elementor-section-height-default\" data-id=\"4d2de963\" data-element_type=\"section\">\n\t\t\t\t\t\t<div class=\"elementor-container elementor-column-gap-default\">\n\t\t\t\t\t<div class=\"elementor-column elementor-col-100 elementor-top-column elementor-element elementor-element-73369993\" data-id=\"73369993\" data-element_type=\"column\">\n\t\t\t<div class=\"elementor-widget-wrap elementor-element-populated\">\n\t\t\t\t\t\t\t\t<div class=\"elementor-element elementor-element-a792fb3 elementor-widget elementor-widget-image\" data-id=\"a792fb3\" data-element_type=\"widget\" data-widget_type=\"image.default\">\n\t\t\t\t<div class=\"elementor-widget-container\">\n\t\t\t<style>\/*! elementor - v3.10.2 - 29-01-2023 *\/\n.elementor-widget-image{text-align:center}.elementor-widget-image a{display:inline-block}.elementor-widget-image a img[src$=\".svg\"]{width:48px}.elementor-widget-image img{vertical-align:middle;display:inline-block}<\/style>\t\t\t\t\t\t\t\t\t\t\t\t<img loading=\"lazy\" decoding=\"async\" width=\"550\" height=\"259\" src=\"https:\/\/idateart.com\/wp-content\/uploads\/2022\/07\/bulletin-board-g25e3b5340_1920-1024x482.jpg\" class=\"attachment-large size-large wp-image-1636\" alt=\"\" srcset=\"https:\/\/idateart.com\/wp-content\/uploads\/2022\/07\/bulletin-board-g25e3b5340_1920-1024x482.jpg 1024w, https:\/\/idateart.com\/wp-content\/uploads\/2022\/07\/bulletin-board-g25e3b5340_1920-300x141.jpg 300w, https:\/\/idateart.com\/wp-content\/uploads\/2022\/07\/bulletin-board-g25e3b5340_1920-768x362.jpg 768w, https:\/\/idateart.com\/wp-content\/uploads\/2022\/07\/bulletin-board-g25e3b5340_1920-1536x723.jpg 1536w, https:\/\/idateart.com\/wp-content\/uploads\/2022\/07\/bulletin-board-g25e3b5340_1920-18x8.jpg 18w, https:\/\/idateart.com\/wp-content\/uploads\/2022\/07\/bulletin-board-g25e3b5340_1920.jpg 1920w\" sizes=\"auto, (max-width: 550px) 100vw, 550px\" \/>\t\t\t\t\t\t\t\t\t\t\t\t\t\t\t<\/div>\n\t\t\t\t<\/div>\n\t\t\t\t<div class=\"elementor-element elementor-element-12cf913 elementor-widget elementor-widget-spacer\" data-id=\"12cf913\" data-element_type=\"widget\" data-widget_type=\"spacer.default\">\n\t\t\t\t<div class=\"elementor-widget-container\">\n\t\t\t<style>\/*! elementor - v3.10.2 - 29-01-2023 *\/\n.elementor-column .elementor-spacer-inner{height:var(--spacer-size)}.e-con{--container-widget-width:100%}.e-con-inner>.elementor-widget-spacer,.e-con>.elementor-widget-spacer{width:var(--container-widget-width,var(--spacer-size));--align-self:var(--container-widget-align-self,initial);--flex-shrink:0}.e-con-inner>.elementor-widget-spacer>.elementor-widget-container,.e-con-inner>.elementor-widget-spacer>.elementor-widget-container>.elementor-spacer,.e-con>.elementor-widget-spacer>.elementor-widget-container,.e-con>.elementor-widget-spacer>.elementor-widget-container>.elementor-spacer{height:100%}.e-con-inner>.elementor-widget-spacer>.elementor-widget-container>.elementor-spacer>.elementor-spacer-inner,.e-con>.elementor-widget-spacer>.elementor-widget-container>.elementor-spacer>.elementor-spacer-inner{height:var(--container-widget-height,var(--spacer-size))}<\/style>\t\t<div class=\"elementor-spacer\">\n\t\t\t<div class=\"elementor-spacer-inner\"><\/div>\n\t\t<\/div>\n\t\t\t\t<\/div>\n\t\t\t\t<\/div>\n\t\t\t\t<div class=\"elementor-element elementor-element-3001e01c elementor-widget elementor-widget-text-editor\" data-id=\"3001e01c\" data-element_type=\"widget\" data-widget_type=\"text-editor.default\">\n\t\t\t\t<div class=\"elementor-widget-container\">\n\t\t\t<style>\/*! elementor - v3.10.2 - 29-01-2023 *\/\n.elementor-widget-text-editor.elementor-drop-cap-view-stacked .elementor-drop-cap{background-color:#818a91;color:#fff}.elementor-widget-text-editor.elementor-drop-cap-view-framed .elementor-drop-cap{color:#818a91;border:3px solid;background-color:transparent}.elementor-widget-text-editor:not(.elementor-drop-cap-view-default) .elementor-drop-cap{margin-top:8px}.elementor-widget-text-editor:not(.elementor-drop-cap-view-default) .elementor-drop-cap-letter{width:1em;height:1em}.elementor-widget-text-editor .elementor-drop-cap{float:left;text-align:center;line-height:1;font-size:50px}.elementor-widget-text-editor .elementor-drop-cap-letter{display:inline-block}<\/style>\t\t\t\t<p style=\"text-align: left;\">Good ideas need a strong support and an interdisciplinary approach. Setting up a new company is hard work. I date art.\u00ae can tell from its own experience.  Therefor we believe in sharing our know-how. Do you like our concept and website? We would be thrilled to accompany you step by step starting from a first brainstorming to the final launch of your venture.<\/p><p style=\"text-align: left;\" class=\" translation-block\">I date art.\u00ae offers a detailed consulting service for early stage ventures or freelance workers in art related businesses. Before setting up a new business, decisions have to be made: corporate form and concept, budgeting, set-up and development of the future client base, needs analysis, matters of bank\/ tax\/ marketing\/ law issues. To get a first overview I date art. offers workshops or direct consultations for interested people and teams. In addition, we support our clients by sharing our international contacts to get you the biggest benefit.<\/p><p style=\"text-align: left;\" class=\" translation-block\">A company\u2018s website is an essential part of the extensive public awareness. Our IT Service reaches from saving domain addresses towards the conceptual and technical realization of websites, email configuration and GoogleBusiness registration.<\/p><p style=\"text-align: left;\">Viele der Fotos auf idateart.com, das Design, Textbeitr\u00e4ge sowie das dazugeh\u00f6rige Instagram Profil stammen aus einer Hand und sind dementsprechend aufeinander abgestimmt. Wir freuen uns, Ihre Ideen f\u00fcr Sie umsetzen oder erste Entw\u00fcrfe mit Ihnen zusammen erarbeiten zu d\u00fcrfen.<\/p><p style=\"text-align: left;\">We are available via Skype, Zoom, phone, e-mail or social media: Feel free to contact us at any time.<\/p>\t\t\t\t\t\t<\/div>\n\t\t\t\t<\/div>\n\t\t\t\t\t<\/div>\n\t\t<\/div>\n\t\t\t\t\t\t\t<\/div>\n\t\t<\/section>\n\t\t\t\t\t\t\t<\/div>","protected":false},"excerpt":{"rendered":"<p>Gute Ideen brauchen Unterst\u00fctzung und manchmal auch einen Blick von au\u00dfen. Wie arbeitsintensiv der Launch eines neuen Unternehmens ist, wissen wir von I date art.\u00ae nur zu gut. Deshalb m\u00f6chten wir unser Wissen teilen. Gef\u00e4llt Ihnen das Konzept und der Webauftritt von I date art.\u00ae? Gerne begleiten wir Sie von der ersten Skizze bis zum [&hellip;]<\/p>","protected":false},"author":1,"featured_media":0,"parent":0,"menu_order":0,"comment_status":"closed","ping_status":"closed","template":"","meta":{"jetpack_post_was_ever_published":false,"footnotes":""},"class_list":["post-626","page","type-page","status-publish","hentry"],"yoast_head":"<!-- This site is optimized with the Yoast SEO plugin v24.9 - https:\/\/yoast.com\/wordpress\/plugins\/seo\/ -->\n<title>Ihr Start in die Kunstbranche? Wir beraten Sie! - I date art.<\/title>\n<meta name=\"robots\" content=\"index, follow, max-snippet:-1, max-image-preview:large, max-video-preview:-1\" \/>\n<link rel=\"canonical\" href=\"https:\/\/idateart.com\/en\/kunst-startups-it-beratung\/\" \/>\n<meta property=\"og:locale\" content=\"en_US\" \/>\n<meta property=\"og:type\" content=\"article\" \/>\n<meta property=\"og:title\" content=\"Ihr Start in die Kunstbranche? Wir beraten Sie! - I date art.\" \/>\n<meta property=\"og:description\" content=\"Gute Ideen brauchen Unterst\u00fctzung und manchmal auch einen Blick von au\u00dfen. Wie arbeitsintensiv der Launch eines neuen Unternehmens ist, wissen wir von I date art.\u00ae nur zu gut. Deshalb m\u00f6chten wir unser Wissen teilen. Gef\u00e4llt Ihnen das Konzept und der Webauftritt von I date art.\u00ae? Gerne begleiten wir Sie von der ersten Skizze bis zum [&hellip;]\" \/>\n<meta property=\"og:url\" content=\"https:\/\/idateart.com\/en\/kunst-startups-it-beratung\/\" \/>\n<meta property=\"og:site_name\" content=\"I date art.\" \/>\n<meta property=\"article:publisher\" content=\"https:\/\/www.facebook.com\/i.date.art.artconsulting\/\" \/>\n<meta property=\"article:modified_time\" content=\"2022-07-23T14:39:06+00:00\" \/>\n<meta property=\"og:image\" content=\"https:\/\/idateart.com\/wp-content\/uploads\/2022\/07\/bulletin-board-g25e3b5340_1920-1024x482.jpg\" \/>\n<meta name=\"twitter:card\" content=\"summary_large_image\" \/>\n<meta name=\"twitter:label1\" content=\"Est. reading time\" \/>\n\t<meta name=\"twitter:data1\" content=\"2 minutes\" \/>\n<script type=\"application\/ld+json\" class=\"yoast-schema-graph\">{\"@context\":\"https:\/\/schema.org\",\"@graph\":[{\"@type\":\"WebPage\",\"@id\":\"https:\/\/idateart.com\/kunst-startups-it-beratung\/\",\"url\":\"https:\/\/idateart.com\/kunst-startups-it-beratung\/\",\"name\":\"Ihr Start in die Kunstbranche? Wir beraten Sie! - I date art.\",\"isPartOf\":{\"@id\":\"https:\/\/idateart.com\/#website\"},\"primaryImageOfPage\":{\"@id\":\"https:\/\/idateart.com\/kunst-startups-it-beratung\/#primaryimage\"},\"image\":{\"@id\":\"https:\/\/idateart.com\/kunst-startups-it-beratung\/#primaryimage\"},\"thumbnailUrl\":\"https:\/\/idateart.com\/wp-content\/uploads\/2022\/07\/bulletin-board-g25e3b5340_1920-1024x482.jpg\",\"datePublished\":\"2018-03-29T17:32:30+00:00\",\"dateModified\":\"2022-07-23T14:39:06+00:00\",\"breadcrumb\":{\"@id\":\"https:\/\/idateart.com\/kunst-startups-it-beratung\/#breadcrumb\"},\"inLanguage\":\"en-US\",\"potentialAction\":[{\"@type\":\"ReadAction\",\"target\":[\"https:\/\/idateart.com\/kunst-startups-it-beratung\/\"]}]},{\"@type\":\"ImageObject\",\"inLanguage\":\"en-US\",\"@id\":\"https:\/\/idateart.com\/kunst-startups-it-beratung\/#primaryimage\",\"url\":\"https:\/\/idateart.com\/wp-content\/uploads\/2022\/07\/bulletin-board-g25e3b5340_1920-1024x482.jpg\",\"contentUrl\":\"https:\/\/idateart.com\/wp-content\/uploads\/2022\/07\/bulletin-board-g25e3b5340_1920-1024x482.jpg\"},{\"@type\":\"BreadcrumbList\",\"@id\":\"https:\/\/idateart.com\/kunst-startups-it-beratung\/#breadcrumb\",\"itemListElement\":[{\"@type\":\"ListItem\",\"position\":1,\"name\":\"Home\",\"item\":\"https:\/\/idateart.com\/\"},{\"@type\":\"ListItem\",\"position\":2,\"name\":\"Ihr Start in die Kunstbranche? Wir beraten Sie!\"}]},{\"@type\":\"WebSite\",\"@id\":\"https:\/\/idateart.com\/#website\",\"url\":\"https:\/\/idateart.com\/\",\"name\":\"I date art.\",\"description\":\"ART CONSULTING \",\"publisher\":{\"@id\":\"https:\/\/idateart.com\/#organization\"},\"potentialAction\":[{\"@type\":\"SearchAction\",\"target\":{\"@type\":\"EntryPoint\",\"urlTemplate\":\"https:\/\/idateart.com\/?s={search_term_string}\"},\"query-input\":{\"@type\":\"PropertyValueSpecification\",\"valueRequired\":true,\"valueName\":\"search_term_string\"}}],\"inLanguage\":\"en-US\"},{\"@type\":\"Organization\",\"@id\":\"https:\/\/idateart.com\/#organization\",\"name\":\"I date art.\",\"url\":\"https:\/\/idateart.com\/\",\"logo\":{\"@type\":\"ImageObject\",\"inLanguage\":\"en-US\",\"@id\":\"https:\/\/idateart.com\/#\/schema\/logo\/image\/\",\"url\":\"https:\/\/idateart.com\/wp-content\/uploads\/2022\/07\/cropped-IMG_0565-1.jpg\",\"contentUrl\":\"https:\/\/idateart.com\/wp-content\/uploads\/2022\/07\/cropped-IMG_0565-1.jpg\",\"width\":2048,\"height\":594,\"caption\":\"I date art.\"},\"image\":{\"@id\":\"https:\/\/idateart.com\/#\/schema\/logo\/image\/\"},\"sameAs\":[\"https:\/\/www.facebook.com\/i.date.art.artconsulting\/\",\"http:\/\/i.date.art\",\"https:\/\/www.linkedin.com\/in\/dr-franziska-ida-neumann-978810134\/\"]}]}<\/script>\n<!-- \/ Yoast SEO plugin. -->","yoast_head_json":{"title":"Ihr Start in die Kunstbranche? Wir beraten Sie! - I date art.","robots":{"index":"index","follow":"follow","max-snippet":"max-snippet:-1","max-image-preview":"max-image-preview:large","max-video-preview":"max-video-preview:-1"},"canonical":"https:\/\/idateart.com\/en\/kunst-startups-it-beratung\/","og_locale":"en_US","og_type":"article","og_title":"Ihr Start in die Kunstbranche? Wir beraten Sie! - I date art.","og_description":"Gute Ideen brauchen Unterst\u00fctzung und manchmal auch einen Blick von au\u00dfen. Wie arbeitsintensiv der Launch eines neuen Unternehmens ist, wissen wir von I date art.\u00ae nur zu gut. Deshalb m\u00f6chten wir unser Wissen teilen. Gef\u00e4llt Ihnen das Konzept und der Webauftritt von I date art.\u00ae? Gerne begleiten wir Sie von der ersten Skizze bis zum [&hellip;]","og_url":"https:\/\/idateart.com\/en\/kunst-startups-it-beratung\/","og_site_name":"I date art.","article_publisher":"https:\/\/www.facebook.com\/i.date.art.artconsulting\/","article_modified_time":"2022-07-23T14:39:06+00:00","og_image":[{"url":"https:\/\/idateart.com\/wp-content\/uploads\/2022\/07\/bulletin-board-g25e3b5340_1920-1024x482.jpg","type":"","width":"","height":""}],"twitter_card":"summary_large_image","twitter_misc":{"Est. reading time":"2 minutes"},"schema":{"@context":"https:\/\/schema.org","@graph":[{"@type":"WebPage","@id":"https:\/\/idateart.com\/kunst-startups-it-beratung\/","url":"https:\/\/idateart.com\/kunst-startups-it-beratung\/","name":"Ihr Start in die Kunstbranche? Wir beraten Sie! - I date art.","isPartOf":{"@id":"https:\/\/idateart.com\/#website"},"primaryImageOfPage":{"@id":"https:\/\/idateart.com\/kunst-startups-it-beratung\/#primaryimage"},"image":{"@id":"https:\/\/idateart.com\/kunst-startups-it-beratung\/#primaryimage"},"thumbnailUrl":"https:\/\/idateart.com\/wp-content\/uploads\/2022\/07\/bulletin-board-g25e3b5340_1920-1024x482.jpg","datePublished":"2018-03-29T17:32:30+00:00","dateModified":"2022-07-23T14:39:06+00:00","breadcrumb":{"@id":"https:\/\/idateart.com\/kunst-startups-it-beratung\/#breadcrumb"},"inLanguage":"en-US","potentialAction":[{"@type":"ReadAction","target":["https:\/\/idateart.com\/kunst-startups-it-beratung\/"]}]},{"@type":"ImageObject","inLanguage":"en-US","@id":"https:\/\/idateart.com\/kunst-startups-it-beratung\/#primaryimage","url":"https:\/\/idateart.com\/wp-content\/uploads\/2022\/07\/bulletin-board-g25e3b5340_1920-1024x482.jpg","contentUrl":"https:\/\/idateart.com\/wp-content\/uploads\/2022\/07\/bulletin-board-g25e3b5340_1920-1024x482.jpg"},{"@type":"BreadcrumbList","@id":"https:\/\/idateart.com\/kunst-startups-it-beratung\/#breadcrumb","itemListElement":[{"@type":"ListItem","position":1,"name":"Home","item":"https:\/\/idateart.com\/"},{"@type":"ListItem","position":2,"name":"Ihr Start in die Kunstbranche? Wir beraten Sie!"}]},{"@type":"WebSite","@id":"https:\/\/idateart.com\/#website","url":"https:\/\/idateart.com\/","name":"I date art.","description":"ART CONSULTING ","publisher":{"@id":"https:\/\/idateart.com\/#organization"},"potentialAction":[{"@type":"SearchAction","target":{"@type":"EntryPoint","urlTemplate":"https:\/\/idateart.com\/?s={search_term_string}"},"query-input":{"@type":"PropertyValueSpecification","valueRequired":true,"valueName":"search_term_string"}}],"inLanguage":"en-US"},{"@type":"Organization","@id":"https:\/\/idateart.com\/#organization","name":"I date art.","url":"https:\/\/idateart.com\/","logo":{"@type":"ImageObject","inLanguage":"en-US","@id":"https:\/\/idateart.com\/#\/schema\/logo\/image\/","url":"https:\/\/idateart.com\/wp-content\/uploads\/2022\/07\/cropped-IMG_0565-1.jpg","contentUrl":"https:\/\/idateart.com\/wp-content\/uploads\/2022\/07\/cropped-IMG_0565-1.jpg","width":2048,"height":594,"caption":"I date art."},"image":{"@id":"https:\/\/idateart.com\/#\/schema\/logo\/image\/"},"sameAs":["https:\/\/www.facebook.com\/i.date.art.artconsulting\/","http:\/\/i.date.art","https:\/\/www.linkedin.com\/in\/dr-franziska-ida-neumann-978810134\/"]}]}},"jetpack_sharing_enabled":true,"jetpack_shortlink":"https:\/\/wp.me\/P9Efie-a6","_links":{"self":[{"href":"https:\/\/idateart.com\/en\/wp-json\/wp\/v2\/pages\/626","targetHints":{"allow":["GET"]}}],"collection":[{"href":"https:\/\/idateart.com\/en\/wp-json\/wp\/v2\/pages"}],"about":[{"href":"https:\/\/idateart.com\/en\/wp-json\/wp\/v2\/types\/page"}],"author":[{"embeddable":true,"href":"https:\/\/idateart.com\/en\/wp-json\/wp\/v2\/users\/1"}],"replies":[{"embeddable":true,"href":"https:\/\/idateart.com\/en\/wp-json\/wp\/v2\/comments?post=626"}],"version-history":[{"count":27,"href":"https:\/\/idateart.com\/en\/wp-json\/wp\/v2\/pages\/626\/revisions"}],"predecessor-version":[{"id":1649,"href":"https:\/\/idateart.com\/en\/wp-json\/wp\/v2\/pages\/626\/revisions\/1649"}],"wp:attachment":[{"href":"https:\/\/idateart.com\/en\/wp-json\/wp\/v2\/media?parent=626"}],"curies":[{"name":"wp","href":"https:\/\/api.w.org\/{rel}","templated":true}]}}