{"id":680,"date":"2018-05-11T13:29:36","date_gmt":"2018-05-11T11:29:36","guid":{"rendered":"https:\/\/idateart.com\/?page_id=680"},"modified":"2022-07-23T17:22:02","modified_gmt":"2022-07-23T15:22:02","slug":"pr-wording","status":"publish","type":"page","link":"https:\/\/idateart.com\/en\/pr-wording\/","title":{"rendered":"Art PR, Text Design &amp; Wording"},"content":{"rendered":"<div data-elementor-type=\"wp-page\" data-elementor-id=\"680\" class=\"elementor elementor-680\">\n\t\t\t\t\t\t\t\t\t<section class=\"elementor-section elementor-top-section elementor-element elementor-element-df8618f elementor-section-boxed elementor-section-height-default elementor-section-height-default\" data-id=\"df8618f\" data-element_type=\"section\">\n\t\t\t\t\t\t<div class=\"elementor-container elementor-column-gap-default\">\n\t\t\t\t\t<div class=\"elementor-column elementor-col-100 elementor-top-column elementor-element elementor-element-60d9981\" data-id=\"60d9981\" data-element_type=\"column\">\n\t\t\t<div class=\"elementor-widget-wrap elementor-element-populated\">\n\t\t\t\t\t\t\t\t<div class=\"elementor-element elementor-element-f8ab9ee elementor-widget elementor-widget-text-editor\" data-id=\"f8ab9ee\" data-element_type=\"widget\" data-widget_type=\"text-editor.default\">\n\t\t\t\t<div class=\"elementor-widget-container\">\n\t\t\t<style>\/*! elementor - v3.10.2 - 29-01-2023 *\/\n.elementor-widget-text-editor.elementor-drop-cap-view-stacked .elementor-drop-cap{background-color:#818a91;color:#fff}.elementor-widget-text-editor.elementor-drop-cap-view-framed .elementor-drop-cap{color:#818a91;border:3px solid;background-color:transparent}.elementor-widget-text-editor:not(.elementor-drop-cap-view-default) .elementor-drop-cap{margin-top:8px}.elementor-widget-text-editor:not(.elementor-drop-cap-view-default) .elementor-drop-cap-letter{width:1em;height:1em}.elementor-widget-text-editor .elementor-drop-cap{float:left;text-align:center;line-height:1;font-size:50px}.elementor-widget-text-editor .elementor-drop-cap-letter{display:inline-block}<\/style>\t\t\t\t<p><strong>\"If the words are wrongly chosen, what is meant is not what is said,\" says Confucius.<\/strong><\/p><p>Bilder sind f\u00fcr das Image und den Aufbau einer Marke unerl\u00e4sslich. Ebenso unerl\u00e4sslich ist es, die richtigen Worte zu finden, um der Aussage Kraft zu verleihen, auf den Punkt zu kommen und neugierig zu machen.<\/p><p>Copywriting is an art in itself. The conversion rate, i.e. the number of clicks that opens an email, can be increased from 5% to 30% simply by foruming email subject lines correctly for newsletters or promotional or informational emails.<\/p><p>Ebenso will eine Pressemitteilung f\u00fcr eine Vernissage oder ein Kunstprojekt informativ und zielf\u00fchrend geschrieben sein, die wichtigsten Kriterien und Informationen herausstellend.<\/p><p>We write website texts, press releases, book contributions, advertising texts, cover letters, and much more for you. This service is not limited to the field of art.<\/p><p>Wir lieben gute Formulierungen! Unsere Liste von Publikationen wie u.a. Sachb\u00fccher, Kolumnen, Websitetexte, Beitr\u00e4ge f\u00fcr Ausstellungskataloge ist lang. Formulierungen, die wie eine herzliche Umarmung, eine knackige Notiz oder eine gelungene Motivation sind, sprechen an. Sprechen Sie wiederum uns gern an, zusammen planen und realisieren wir Ihr Textprojekt!<\/p>\t\t\t\t\t\t<\/div>\n\t\t\t\t<\/div>\n\t\t\t\t\t<\/div>\n\t\t<\/div>\n\t\t\t\t\t\t\t<\/div>\n\t\t<\/section>\n\t\t\t\t\t\t\t<\/div>","protected":false},"excerpt":{"rendered":"<p>&#8222;Wenn die Worte falsch gew\u00e4hlt sind, ist das Gemeinte nicht das Gesagte&#8220;, sagt Konfuzius. Bilder sind f\u00fcr das Image und den Aufbau einer Marke unerl\u00e4sslich. Ebenso unerl\u00e4sslich ist es, die richtigen Worte zu finden, um der Aussage Kraft zu verleihen, auf den Punkt zu kommen und neugierig zu machen. Das Schreiben von Texten ist eine [&hellip;]<\/p>","protected":false},"author":1,"featured_media":0,"parent":0,"menu_order":0,"comment_status":"closed","ping_status":"closed","template":"","meta":{"jetpack_post_was_ever_published":false,"footnotes":""},"class_list":["post-680","page","type-page","status-publish","hentry"],"yoast_head":"<!-- This site is optimized with the Yoast SEO plugin v24.9 - https:\/\/yoast.com\/wordpress\/plugins\/seo\/ -->\n<title>Kunst PR, Texte &amp; Wording - I date art.<\/title>\n<meta name=\"description\" content=\"PR, Texte schreiben, wording, Pressemitteilungen, schreiben, Anschreiben, Formulierung, Kunst, Kunstprojekt, Katalogbeitrag, Essay\" \/>\n<meta name=\"robots\" content=\"index, follow, max-snippet:-1, max-image-preview:large, max-video-preview:-1\" \/>\n<link rel=\"canonical\" href=\"https:\/\/idateart.com\/en\/pr-wording\/\" \/>\n<meta property=\"og:locale\" content=\"en_US\" \/>\n<meta property=\"og:type\" content=\"article\" \/>\n<meta property=\"og:title\" content=\"Kunst PR, Texte &amp; Wording - I date art.\" \/>\n<meta property=\"og:description\" content=\"PR, Texte schreiben, wording, Pressemitteilungen, schreiben, Anschreiben, Formulierung, Kunst, Kunstprojekt, Katalogbeitrag, Essay\" \/>\n<meta property=\"og:url\" content=\"https:\/\/idateart.com\/en\/pr-wording\/\" \/>\n<meta property=\"og:site_name\" content=\"I date art.\" \/>\n<meta property=\"article:publisher\" content=\"https:\/\/www.facebook.com\/i.date.art.artconsulting\/\" \/>\n<meta property=\"article:modified_time\" content=\"2022-07-23T15:22:02+00:00\" \/>\n<meta name=\"twitter:card\" content=\"summary_large_image\" \/>\n<meta name=\"twitter:label1\" content=\"Est. reading time\" \/>\n\t<meta name=\"twitter:data1\" content=\"2 minutes\" \/>\n<script type=\"application\/ld+json\" class=\"yoast-schema-graph\">{\"@context\":\"https:\/\/schema.org\",\"@graph\":[{\"@type\":\"WebPage\",\"@id\":\"https:\/\/idateart.com\/de_de\/pr-wording\/\",\"url\":\"https:\/\/idateart.com\/de_de\/pr-wording\/\",\"name\":\"Kunst PR, Texte & Wording - I date art.\",\"isPartOf\":{\"@id\":\"https:\/\/idateart.com\/#website\"},\"datePublished\":\"2018-05-11T11:29:36+00:00\",\"dateModified\":\"2022-07-23T15:22:02+00:00\",\"description\":\"PR, Texte schreiben, wording, Pressemitteilungen, schreiben, Anschreiben, Formulierung, Kunst, Kunstprojekt, Katalogbeitrag, Essay\",\"breadcrumb\":{\"@id\":\"https:\/\/idateart.com\/de_de\/pr-wording\/#breadcrumb\"},\"inLanguage\":\"en-US\",\"potentialAction\":[{\"@type\":\"ReadAction\",\"target\":[\"https:\/\/idateart.com\/de_de\/pr-wording\/\"]}]},{\"@type\":\"BreadcrumbList\",\"@id\":\"https:\/\/idateart.com\/de_de\/pr-wording\/#breadcrumb\",\"itemListElement\":[{\"@type\":\"ListItem\",\"position\":1,\"name\":\"Home\",\"item\":\"https:\/\/idateart.com\/\"},{\"@type\":\"ListItem\",\"position\":2,\"name\":\"Kunst PR, Texte &#038; Wording\"}]},{\"@type\":\"WebSite\",\"@id\":\"https:\/\/idateart.com\/#website\",\"url\":\"https:\/\/idateart.com\/\",\"name\":\"I date art.\",\"description\":\"ART CONSULTING \",\"publisher\":{\"@id\":\"https:\/\/idateart.com\/#organization\"},\"potentialAction\":[{\"@type\":\"SearchAction\",\"target\":{\"@type\":\"EntryPoint\",\"urlTemplate\":\"https:\/\/idateart.com\/?s={search_term_string}\"},\"query-input\":{\"@type\":\"PropertyValueSpecification\",\"valueRequired\":true,\"valueName\":\"search_term_string\"}}],\"inLanguage\":\"en-US\"},{\"@type\":\"Organization\",\"@id\":\"https:\/\/idateart.com\/#organization\",\"name\":\"I date art.\",\"url\":\"https:\/\/idateart.com\/\",\"logo\":{\"@type\":\"ImageObject\",\"inLanguage\":\"en-US\",\"@id\":\"https:\/\/idateart.com\/#\/schema\/logo\/image\/\",\"url\":\"https:\/\/idateart.com\/wp-content\/uploads\/2022\/07\/cropped-IMG_0565-1.jpg\",\"contentUrl\":\"https:\/\/idateart.com\/wp-content\/uploads\/2022\/07\/cropped-IMG_0565-1.jpg\",\"width\":2048,\"height\":594,\"caption\":\"I date art.\"},\"image\":{\"@id\":\"https:\/\/idateart.com\/#\/schema\/logo\/image\/\"},\"sameAs\":[\"https:\/\/www.facebook.com\/i.date.art.artconsulting\/\",\"http:\/\/i.date.art\",\"https:\/\/www.linkedin.com\/in\/dr-franziska-ida-neumann-978810134\/\"]}]}<\/script>\n<!-- \/ Yoast SEO plugin. -->","yoast_head_json":{"title":"Kunst PR, Texte & Wording - I date art.","description":"PR, Texte schreiben, wording, Pressemitteilungen, schreiben, Anschreiben, Formulierung, Kunst, Kunstprojekt, Katalogbeitrag, Essay","robots":{"index":"index","follow":"follow","max-snippet":"max-snippet:-1","max-image-preview":"max-image-preview:large","max-video-preview":"max-video-preview:-1"},"canonical":"https:\/\/idateart.com\/en\/pr-wording\/","og_locale":"en_US","og_type":"article","og_title":"Kunst PR, Texte & Wording - I date art.","og_description":"PR, Texte schreiben, wording, Pressemitteilungen, schreiben, Anschreiben, Formulierung, Kunst, Kunstprojekt, Katalogbeitrag, Essay","og_url":"https:\/\/idateart.com\/en\/pr-wording\/","og_site_name":"I date art.","article_publisher":"https:\/\/www.facebook.com\/i.date.art.artconsulting\/","article_modified_time":"2022-07-23T15:22:02+00:00","twitter_card":"summary_large_image","twitter_misc":{"Est. reading time":"2 minutes"},"schema":{"@context":"https:\/\/schema.org","@graph":[{"@type":"WebPage","@id":"https:\/\/idateart.com\/de_de\/pr-wording\/","url":"https:\/\/idateart.com\/de_de\/pr-wording\/","name":"Kunst PR, Texte & Wording - I date art.","isPartOf":{"@id":"https:\/\/idateart.com\/#website"},"datePublished":"2018-05-11T11:29:36+00:00","dateModified":"2022-07-23T15:22:02+00:00","description":"PR, Texte schreiben, wording, Pressemitteilungen, schreiben, Anschreiben, Formulierung, Kunst, Kunstprojekt, Katalogbeitrag, Essay","breadcrumb":{"@id":"https:\/\/idateart.com\/de_de\/pr-wording\/#breadcrumb"},"inLanguage":"en-US","potentialAction":[{"@type":"ReadAction","target":["https:\/\/idateart.com\/de_de\/pr-wording\/"]}]},{"@type":"BreadcrumbList","@id":"https:\/\/idateart.com\/de_de\/pr-wording\/#breadcrumb","itemListElement":[{"@type":"ListItem","position":1,"name":"Home","item":"https:\/\/idateart.com\/"},{"@type":"ListItem","position":2,"name":"Kunst PR, Texte &#038; Wording"}]},{"@type":"WebSite","@id":"https:\/\/idateart.com\/#website","url":"https:\/\/idateart.com\/","name":"I date art.","description":"ART CONSULTING ","publisher":{"@id":"https:\/\/idateart.com\/#organization"},"potentialAction":[{"@type":"SearchAction","target":{"@type":"EntryPoint","urlTemplate":"https:\/\/idateart.com\/?s={search_term_string}"},"query-input":{"@type":"PropertyValueSpecification","valueRequired":true,"valueName":"search_term_string"}}],"inLanguage":"en-US"},{"@type":"Organization","@id":"https:\/\/idateart.com\/#organization","name":"I date art.","url":"https:\/\/idateart.com\/","logo":{"@type":"ImageObject","inLanguage":"en-US","@id":"https:\/\/idateart.com\/#\/schema\/logo\/image\/","url":"https:\/\/idateart.com\/wp-content\/uploads\/2022\/07\/cropped-IMG_0565-1.jpg","contentUrl":"https:\/\/idateart.com\/wp-content\/uploads\/2022\/07\/cropped-IMG_0565-1.jpg","width":2048,"height":594,"caption":"I date art."},"image":{"@id":"https:\/\/idateart.com\/#\/schema\/logo\/image\/"},"sameAs":["https:\/\/www.facebook.com\/i.date.art.artconsulting\/","http:\/\/i.date.art","https:\/\/www.linkedin.com\/in\/dr-franziska-ida-neumann-978810134\/"]}]}},"jetpack_sharing_enabled":true,"jetpack_shortlink":"https:\/\/wp.me\/P9Efie-aY","_links":{"self":[{"href":"https:\/\/idateart.com\/en\/wp-json\/wp\/v2\/pages\/680","targetHints":{"allow":["GET"]}}],"collection":[{"href":"https:\/\/idateart.com\/en\/wp-json\/wp\/v2\/pages"}],"about":[{"href":"https:\/\/idateart.com\/en\/wp-json\/wp\/v2\/types\/page"}],"author":[{"embeddable":true,"href":"https:\/\/idateart.com\/en\/wp-json\/wp\/v2\/users\/1"}],"replies":[{"embeddable":true,"href":"https:\/\/idateart.com\/en\/wp-json\/wp\/v2\/comments?post=680"}],"version-history":[{"count":62,"href":"https:\/\/idateart.com\/en\/wp-json\/wp\/v2\/pages\/680\/revisions"}],"predecessor-version":[{"id":1663,"href":"https:\/\/idateart.com\/en\/wp-json\/wp\/v2\/pages\/680\/revisions\/1663"}],"wp:attachment":[{"href":"https:\/\/idateart.com\/en\/wp-json\/wp\/v2\/media?parent=680"}],"curies":[{"name":"wp","href":"https:\/\/api.w.org\/{rel}","templated":true}]}}