{"id":704,"date":"2018-07-27T09:53:21","date_gmt":"2018-07-27T07:53:21","guid":{"rendered":"https:\/\/idateart.com\/?page_id=704"},"modified":"2025-07-02T19:26:50","modified_gmt":"2025-07-02T17:26:50","slug":"datenschutz","status":"publish","type":"page","link":"https:\/\/idateart.com\/en\/datenschutz\/","title":{"rendered":"Privacy"},"content":{"rendered":"<div data-elementor-type=\"wp-page\" data-elementor-id=\"704\" class=\"elementor elementor-704\">\n\t\t\t\t\t\t\t\t\t<section class=\"elementor-section elementor-top-section elementor-element elementor-element-1712756f elementor-section-boxed elementor-section-height-default elementor-section-height-default\" data-id=\"1712756f\" data-element_type=\"section\">\n\t\t\t\t\t\t<div class=\"elementor-container elementor-column-gap-default\">\n\t\t\t\t\t<div class=\"elementor-column elementor-col-100 elementor-top-column elementor-element elementor-element-2fcd5e5e\" data-id=\"2fcd5e5e\" data-element_type=\"column\">\n\t\t\t<div class=\"elementor-widget-wrap elementor-element-populated\">\n\t\t\t\t\t\t\t\t<div class=\"elementor-element elementor-element-74a51e33 elementor-widget elementor-widget-text-editor\" data-id=\"74a51e33\" data-element_type=\"widget\" data-widget_type=\"text-editor.default\">\n\t\t\t\t<div class=\"elementor-widget-container\">\n\t\t\t<style>\/*! elementor - v3.10.2 - 29-01-2023 *\/\n.elementor-widget-text-editor.elementor-drop-cap-view-stacked .elementor-drop-cap{background-color:#818a91;color:#fff}.elementor-widget-text-editor.elementor-drop-cap-view-framed .elementor-drop-cap{color:#818a91;border:3px solid;background-color:transparent}.elementor-widget-text-editor:not(.elementor-drop-cap-view-default) .elementor-drop-cap{margin-top:8px}.elementor-widget-text-editor:not(.elementor-drop-cap-view-default) .elementor-drop-cap-letter{width:1em;height:1em}.elementor-widget-text-editor .elementor-drop-cap{float:left;text-align:center;line-height:1;font-size:50px}.elementor-widget-text-editor .elementor-drop-cap-letter{display:inline-block}<\/style>\t\t\t\t<p style=\"text-align: justify;\">\u00a0Hiermit geben wir Ihnen einen \u00dcberblick \u00fcber unseren Umgang mit Ihren personenbezogenen Daten und \u00fcber Ihre Rechte aus dem Datenschutzrecht. Wir erheben, speichern und verarbeiten auf dieser Internetseite so wenig personenbezogene Daten wie m\u00f6glich. F\u00fcr Internetseiten auf die www.idateart.com durch Links verweist, gelten die dortigen Datenschutzbestimmungen.<\/p><h4 style=\"text-align: left;\">1.\u00a0\u00a0\u00a0 Wer ist f\u00fcr die Datenverarbeitung auf dieser Website verantwortlich?<\/h4><p style=\"text-align: justify;\">I date art.<sup>\u00ae<\/sup> Art Consulting<\/p><p style=\"text-align: justify;\">Franziska Ida Neumann, PhD<\/p><p style=\"text-align: justify;\">Schl\u00fcterstr. 80<\/p><p style=\"text-align: justify;\">10625 Berlin<\/p><p style=\"text-align: justify;\">E-Mail: ida@idateart.com<\/p><p style=\"text-align: justify;\">If you have any questions about this website, please contact us.<\/p><h4 style=\"text-align: left;\">2.\u00a0\u00a0\u00a0 In welchem Umfang werden Ihre personenbezogenen Daten verarbeitet?<\/h4><p style=\"text-align: justify;\">Your personal data will only be used insofar as we need them to provide this website and its contents. In most cases, your personal data will only be processed with your consent. An exception applies in those cases where it is not possible to obtain your consent in advance and the processing of your data is permitted by legal regulations.<\/p><h4 style=\"text-align: left;\">3.\u00a0\u00a0\u00a0 Auf welcher rechtlichen Grundlage verarbeiten wir Ihre Daten?<\/h4><p style=\"text-align: justify;\">Art. 6 Abs. 1 S. 1 lit. a DSGVO<\/p><h4 style=\"text-align: left;\">4.\u00a0\u00a0\u00a0 Wie lange werden Ihre personenbezogenen Daten gespeichert?<\/h4><p style=\"text-align: justify;\">Your personal data will be deleted as soon as the purpose of storage ceases to apply.<\/p><h4 style=\"text-align: left;\">5.\u00a0\u00a0\u00a0 Welche personenbezogenen Daten werden durch uns auf dieser Internetseite verarbeitet?<\/h4><p style=\"text-align: justify;\">When you access this website, you transmit certain information as a result of the system. This can make you identifiable. This includes, among other things:<\/p><ul style=\"text-align: justify;\"><li>The IP address assigned by your provider;<\/li><li>The type of operating system you are using (e.g. Windows or MacOS);<\/li><li>The type of browser you are using (e.g. Chrome or Firefox);<\/li><li>The date and time of access;<\/li><li>Internet service provider of the user;<\/li><li>Website from which the user's system accesses this website.<\/li><\/ul><p style=\"text-align: justify;\">The processing of this data is necessary to access this website and to display it on your terminal device or browser.<\/p><p style=\"text-align: justify;\">Your data will not be passed on to third parties, for example for commercial purposes.<\/p><p style=\"text-align: justify;\">The legal basis for this data processing results from Art. 6 para. 1 p. 1 lit. f DSGVO.<\/p><h4 style=\"text-align: left;\">6.\u00a0\u00a0\u00a0 Was sollten Sie \u00fcber die Kontaktaufnahme per E-Mail wissen?<\/h4><p style=\"text-align: justify;\">Wenn Sie uns per E-Mail kontaktieren, werden Ihre personenbezogenen Daten aus der E-Mail, sowie Ihre E-Mailadresse von uns verarbeitet und gespeichert. Wir nutzen diese Angaben um Ihre Anfragen zu bearbeiten. Ihre E-Mailadresse und alle weiteren personenbezogenen Daten werden durch die I date art.<sup>\u00ae<\/sup> Art Consulting nicht an Dritte weitergegeben.\u00a0 Ihre Daten werden von uns sp\u00e4testens 12 Monate nach dem letzten Kontakt gel\u00f6scht.<\/p><h4 style=\"text-align: left;\">7.\u00a0\u00a0\u00a0 Cookies<\/h4><p style=\"text-align: justify;\">www.idateart.com verwendet Cookies. Hierbei handelt es sich um kleine Textdateien, die im Internetbrowser bzw. vom Internetbrowser auf Ihrem Computersystem gespeichert werden. Rufen Sie eine Internetseite auf, so kann ein Cookie auf Ihrem Betriebssystem gespeichert werden. Durch dieses Cookie wird es erm\u00f6glicht, Ihren Browser beim erneuten Aufrufen der Internetseite eindeutig zu identifizieren.<\/p><p style=\"text-align: justify;\">We use cookies to make our website more user-friendly. Some elements of this website require that your calling browser can be identified even after changing the website.<\/p><p style=\"text-align: justify;\">The legal basis for processing your personal data using cookies lies in Art. 6 (1) p. 1 lit. f DSGVO.<\/p><p style=\"text-align: justify;\">You have control over the use of cookies. You can disable or restrict the transfer of cookies. Cookies that have already been stored can be deleted at any time.<\/p><h4 style=\"text-align: left;\">8.\u00a0\u00a0\u00a0 Facebook, LinkedIn &amp; Instagram auf dieser Website?<\/h4><p style=\"text-align: justify;\">The website links pictograms of Facebook, LinkedIn &amp; Instagram. Through these links, no personal data on your part will be processed or forwarded to Facebook, LinkedIn or Instagram.<\/p><h4 style=\"text-align: left;\">9.\u00a0\u00a0\u00a0 Welche Rechte haben Sie als Betroffener?<\/h4><p style=\"text-align: justify;\">According to DSGVO you have the following rights towards us:<\/p><p style=\"text-align: justify;\">You have the right to information according to Art. 15 DSGVO, the right to rectification Art. 16 DSGVO, the right to erasure (\"right to be forgotten\") according to Art. 17 DSGVO, the right to restriction of processing (blocking) Art. 18 DSGVO and a right to data transfer according to Art. 19 DSGVO. In addition, you have a right of objection under Art. 21 DSGVO, as well as a right of appeal to the supervisory authorities under Art. 77 DSGVO in conjunction with. \u00a7 19 BDSG.<\/p><p style=\"text-align: justify;\">With regard to the right to information and the right to deletion, the restrictions of \u00a7\u00a7 34 and 35 BDSG apply.<\/p><p style=\"text-align: justify;\">Stand August 20<\/p>\t\t\t\t\t\t<\/div>\n\t\t\t\t<\/div>\n\t\t\t\t\t<\/div>\n\t\t<\/div>\n\t\t\t\t\t\t\t<\/div>\n\t\t<\/section>\n\t\t\t\t\t\t\t<\/div>","protected":false},"excerpt":{"rendered":"<p>\u00a0Hiermit geben wir Ihnen einen \u00dcberblick \u00fcber unseren Umgang mit Ihren personenbezogenen Daten und \u00fcber Ihre Rechte aus dem Datenschutzrecht. Wir erheben, speichern und verarbeiten auf dieser Internetseite so wenig personenbezogene Daten wie m\u00f6glich. F\u00fcr Internetseiten auf die www.idateart.com durch Links verweist, gelten die dortigen Datenschutzbestimmungen. 1.\u00a0\u00a0\u00a0 Wer ist f\u00fcr die Datenverarbeitung auf dieser Website [&hellip;]<\/p>","protected":false},"author":1,"featured_media":0,"parent":0,"menu_order":0,"comment_status":"closed","ping_status":"closed","template":"","meta":{"jetpack_post_was_ever_published":false,"footnotes":""},"class_list":["post-704","page","type-page","status-publish","hentry"],"yoast_head":"<!-- This site is optimized with the Yoast SEO plugin v24.9 - https:\/\/yoast.com\/wordpress\/plugins\/seo\/ -->\n<title>Datenschutz - I date art.<\/title>\n<meta name=\"robots\" content=\"index, follow, max-snippet:-1, max-image-preview:large, max-video-preview:-1\" \/>\n<link rel=\"canonical\" href=\"https:\/\/idateart.com\/en\/datenschutz\/\" \/>\n<meta property=\"og:locale\" content=\"en_US\" \/>\n<meta property=\"og:type\" content=\"article\" \/>\n<meta property=\"og:title\" content=\"Datenschutz - I date art.\" \/>\n<meta property=\"og:description\" content=\"\u00a0Hiermit geben wir Ihnen einen \u00dcberblick \u00fcber unseren Umgang mit Ihren personenbezogenen Daten und \u00fcber Ihre Rechte aus dem Datenschutzrecht. Wir erheben, speichern und verarbeiten auf dieser Internetseite so wenig personenbezogene Daten wie m\u00f6glich. F\u00fcr Internetseiten auf die www.idateart.com durch Links verweist, gelten die dortigen Datenschutzbestimmungen. 1.\u00a0\u00a0\u00a0 Wer ist f\u00fcr die Datenverarbeitung auf dieser Website [&hellip;]\" \/>\n<meta property=\"og:url\" content=\"https:\/\/idateart.com\/en\/datenschutz\/\" \/>\n<meta property=\"og:site_name\" content=\"I date art.\" \/>\n<meta property=\"article:publisher\" content=\"https:\/\/www.facebook.com\/i.date.art.artconsulting\/\" \/>\n<meta property=\"article:modified_time\" content=\"2025-07-02T17:26:50+00:00\" \/>\n<meta name=\"twitter:card\" content=\"summary_large_image\" \/>\n<script type=\"application\/ld+json\" class=\"yoast-schema-graph\">{\"@context\":\"https:\/\/schema.org\",\"@graph\":[{\"@type\":\"WebPage\",\"@id\":\"https:\/\/idateart.com\/datenschutz\/\",\"url\":\"https:\/\/idateart.com\/datenschutz\/\",\"name\":\"Datenschutz - I date art.\",\"isPartOf\":{\"@id\":\"https:\/\/idateart.com\/#website\"},\"datePublished\":\"2018-07-27T07:53:21+00:00\",\"dateModified\":\"2025-07-02T17:26:50+00:00\",\"breadcrumb\":{\"@id\":\"https:\/\/idateart.com\/datenschutz\/#breadcrumb\"},\"inLanguage\":\"en-US\",\"potentialAction\":[{\"@type\":\"ReadAction\",\"target\":[\"https:\/\/idateart.com\/datenschutz\/\"]}]},{\"@type\":\"BreadcrumbList\",\"@id\":\"https:\/\/idateart.com\/datenschutz\/#breadcrumb\",\"itemListElement\":[{\"@type\":\"ListItem\",\"position\":1,\"name\":\"Home\",\"item\":\"https:\/\/idateart.com\/\"},{\"@type\":\"ListItem\",\"position\":2,\"name\":\"Datenschutz\"}]},{\"@type\":\"WebSite\",\"@id\":\"https:\/\/idateart.com\/#website\",\"url\":\"https:\/\/idateart.com\/\",\"name\":\"I date art.\",\"description\":\"ART CONSULTING \",\"publisher\":{\"@id\":\"https:\/\/idateart.com\/#organization\"},\"potentialAction\":[{\"@type\":\"SearchAction\",\"target\":{\"@type\":\"EntryPoint\",\"urlTemplate\":\"https:\/\/idateart.com\/?s={search_term_string}\"},\"query-input\":{\"@type\":\"PropertyValueSpecification\",\"valueRequired\":true,\"valueName\":\"search_term_string\"}}],\"inLanguage\":\"en-US\"},{\"@type\":\"Organization\",\"@id\":\"https:\/\/idateart.com\/#organization\",\"name\":\"I date art.\",\"url\":\"https:\/\/idateart.com\/\",\"logo\":{\"@type\":\"ImageObject\",\"inLanguage\":\"en-US\",\"@id\":\"https:\/\/idateart.com\/#\/schema\/logo\/image\/\",\"url\":\"https:\/\/idateart.com\/wp-content\/uploads\/2022\/07\/cropped-IMG_0565-1.jpg\",\"contentUrl\":\"https:\/\/idateart.com\/wp-content\/uploads\/2022\/07\/cropped-IMG_0565-1.jpg\",\"width\":2048,\"height\":594,\"caption\":\"I date art.\"},\"image\":{\"@id\":\"https:\/\/idateart.com\/#\/schema\/logo\/image\/\"},\"sameAs\":[\"https:\/\/www.facebook.com\/i.date.art.artconsulting\/\",\"http:\/\/i.date.art\",\"https:\/\/www.linkedin.com\/in\/dr-franziska-ida-neumann-978810134\/\"]}]}<\/script>\n<!-- \/ Yoast SEO plugin. -->","yoast_head_json":{"title":"Datenschutz - I date art.","robots":{"index":"index","follow":"follow","max-snippet":"max-snippet:-1","max-image-preview":"max-image-preview:large","max-video-preview":"max-video-preview:-1"},"canonical":"https:\/\/idateart.com\/en\/datenschutz\/","og_locale":"en_US","og_type":"article","og_title":"Datenschutz - I date art.","og_description":"\u00a0Hiermit geben wir Ihnen einen \u00dcberblick \u00fcber unseren Umgang mit Ihren personenbezogenen Daten und \u00fcber Ihre Rechte aus dem Datenschutzrecht. Wir erheben, speichern und verarbeiten auf dieser Internetseite so wenig personenbezogene Daten wie m\u00f6glich. F\u00fcr Internetseiten auf die www.idateart.com durch Links verweist, gelten die dortigen Datenschutzbestimmungen. 1.\u00a0\u00a0\u00a0 Wer ist f\u00fcr die Datenverarbeitung auf dieser Website [&hellip;]","og_url":"https:\/\/idateart.com\/en\/datenschutz\/","og_site_name":"I date art.","article_publisher":"https:\/\/www.facebook.com\/i.date.art.artconsulting\/","article_modified_time":"2025-07-02T17:26:50+00:00","twitter_card":"summary_large_image","schema":{"@context":"https:\/\/schema.org","@graph":[{"@type":"WebPage","@id":"https:\/\/idateart.com\/datenschutz\/","url":"https:\/\/idateart.com\/datenschutz\/","name":"Datenschutz - I date art.","isPartOf":{"@id":"https:\/\/idateart.com\/#website"},"datePublished":"2018-07-27T07:53:21+00:00","dateModified":"2025-07-02T17:26:50+00:00","breadcrumb":{"@id":"https:\/\/idateart.com\/datenschutz\/#breadcrumb"},"inLanguage":"en-US","potentialAction":[{"@type":"ReadAction","target":["https:\/\/idateart.com\/datenschutz\/"]}]},{"@type":"BreadcrumbList","@id":"https:\/\/idateart.com\/datenschutz\/#breadcrumb","itemListElement":[{"@type":"ListItem","position":1,"name":"Home","item":"https:\/\/idateart.com\/"},{"@type":"ListItem","position":2,"name":"Datenschutz"}]},{"@type":"WebSite","@id":"https:\/\/idateart.com\/#website","url":"https:\/\/idateart.com\/","name":"I date art.","description":"ART CONSULTING ","publisher":{"@id":"https:\/\/idateart.com\/#organization"},"potentialAction":[{"@type":"SearchAction","target":{"@type":"EntryPoint","urlTemplate":"https:\/\/idateart.com\/?s={search_term_string}"},"query-input":{"@type":"PropertyValueSpecification","valueRequired":true,"valueName":"search_term_string"}}],"inLanguage":"en-US"},{"@type":"Organization","@id":"https:\/\/idateart.com\/#organization","name":"I date art.","url":"https:\/\/idateart.com\/","logo":{"@type":"ImageObject","inLanguage":"en-US","@id":"https:\/\/idateart.com\/#\/schema\/logo\/image\/","url":"https:\/\/idateart.com\/wp-content\/uploads\/2022\/07\/cropped-IMG_0565-1.jpg","contentUrl":"https:\/\/idateart.com\/wp-content\/uploads\/2022\/07\/cropped-IMG_0565-1.jpg","width":2048,"height":594,"caption":"I date art."},"image":{"@id":"https:\/\/idateart.com\/#\/schema\/logo\/image\/"},"sameAs":["https:\/\/www.facebook.com\/i.date.art.artconsulting\/","http:\/\/i.date.art","https:\/\/www.linkedin.com\/in\/dr-franziska-ida-neumann-978810134\/"]}]}},"jetpack_sharing_enabled":true,"jetpack_shortlink":"https:\/\/wp.me\/P9Efie-bm","_links":{"self":[{"href":"https:\/\/idateart.com\/en\/wp-json\/wp\/v2\/pages\/704","targetHints":{"allow":["GET"]}}],"collection":[{"href":"https:\/\/idateart.com\/en\/wp-json\/wp\/v2\/pages"}],"about":[{"href":"https:\/\/idateart.com\/en\/wp-json\/wp\/v2\/types\/page"}],"author":[{"embeddable":true,"href":"https:\/\/idateart.com\/en\/wp-json\/wp\/v2\/users\/1"}],"replies":[{"embeddable":true,"href":"https:\/\/idateart.com\/en\/wp-json\/wp\/v2\/comments?post=704"}],"version-history":[{"count":23,"href":"https:\/\/idateart.com\/en\/wp-json\/wp\/v2\/pages\/704\/revisions"}],"predecessor-version":[{"id":1739,"href":"https:\/\/idateart.com\/en\/wp-json\/wp\/v2\/pages\/704\/revisions\/1739"}],"wp:attachment":[{"href":"https:\/\/idateart.com\/en\/wp-json\/wp\/v2\/media?parent=704"}],"curies":[{"name":"wp","href":"https:\/\/api.w.org\/{rel}","templated":true}]}}