{"id":99,"date":"2018-02-11T13:08:58","date_gmt":"2018-02-11T12:08:58","guid":{"rendered":"http:\/\/idateart.com\/?page_id=99"},"modified":"2022-07-23T15:30:01","modified_gmt":"2022-07-23T13:30:01","slug":"vortraege-lehre","status":"publish","type":"page","link":"https:\/\/idateart.com\/en\/vortraege-lehre\/","title":{"rendered":"Congresses, Lectures &amp; Teaching"},"content":{"rendered":"<div data-elementor-type=\"wp-page\" data-elementor-id=\"99\" class=\"elementor elementor-99\">\n\t\t\t\t\t\t\t\t\t<section class=\"elementor-section elementor-top-section elementor-element elementor-element-6b419d81 elementor-section-boxed elementor-section-height-default elementor-section-height-default\" data-id=\"6b419d81\" data-element_type=\"section\">\n\t\t\t\t\t\t<div class=\"elementor-container elementor-column-gap-default\">\n\t\t\t\t\t<div class=\"elementor-column elementor-col-100 elementor-top-column elementor-element elementor-element-6c47522d\" data-id=\"6c47522d\" data-element_type=\"column\">\n\t\t\t<div class=\"elementor-widget-wrap elementor-element-populated\">\n\t\t\t\t\t\t\t\t<div class=\"elementor-element elementor-element-35998df3 elementor-widget elementor-widget-text-editor\" data-id=\"35998df3\" data-element_type=\"widget\" data-widget_type=\"text-editor.default\">\n\t\t\t\t<div class=\"elementor-widget-container\">\n\t\t\t<style>\/*! elementor - v3.10.2 - 29-01-2023 *\/\n.elementor-widget-text-editor.elementor-drop-cap-view-stacked .elementor-drop-cap{background-color:#818a91;color:#fff}.elementor-widget-text-editor.elementor-drop-cap-view-framed .elementor-drop-cap{color:#818a91;border:3px solid;background-color:transparent}.elementor-widget-text-editor:not(.elementor-drop-cap-view-default) .elementor-drop-cap{margin-top:8px}.elementor-widget-text-editor:not(.elementor-drop-cap-view-default) .elementor-drop-cap-letter{width:1em;height:1em}.elementor-widget-text-editor .elementor-drop-cap{float:left;text-align:center;line-height:1;font-size:50px}.elementor-widget-text-editor .elementor-drop-cap-letter{display:inline-block}<\/style>\t\t\t\t<p style=\"text-align: left;\">The scope of services of I date art.\u00ae includes, in addition to consulting and appraisal activities, the offer to conduct seminars, university courses and workshops thematically related to the art market.  The events are offered in German and English and take place worldwide.<\/p><p style=\"text-align: left;\"><strong>For Universities &amp; Graduates:<\/strong><\/p><p style=\"text-align: left;\">Together with the Caspar David Friedrich Institute in Greifswald and other educational institutions, I date art.\u00ae offers the following seminars<\/p><ul><li style=\"text-align: left;\"><h5><strong>Money &amp; Art. Working in the art sector<\/strong><\/h5><\/li><li><h5><strong>My house, my car, my art collection. Art collecting as an expression of prestige and contemporary patronage<\/strong><\/h5><\/li><li><h5><strong>The piece is sold! US$450 Millions in 19 minutes. The International Art Market<\/strong><\/h5><\/li><li><h5><strong>The artist as an entrepreneur<\/strong><\/h5><\/li><li><h5><strong>Political Germany in the mirror of Contemporary Art. The artist as a critical contemporary witness?<\/strong><\/h5><\/li><li><h5><strong>Blue Gold. Color pigments as the origin of artistic expression<\/strong><\/h5><\/li><\/ul><p style=\"text-align: left;\">The employment opportunities after studying art history and fine arts are diverse and by no means limited to a career in the museum. The free economy and especially the art market offer young graduates a variety of entry-level opportunities, also in combination with subjects such as law and business administration. The event introduces interested students to various professional fields such as art logistics, art appraiser\/expert, art insurance, gallery owner, collection assistance, curator, asset management and shows that exciting entry fields are also possible in the financial world.<\/p><p style=\"text-align: left;\"><strong>For Society: <\/strong><\/p><p style=\"text-align: left;\">What is the current market value of the Mona Lisa? Why should art be interesting as an investment object for my portfolio? Why do 275 executive jets land in Maastricht, Netherlands once a year and how is this connected to art? These questions could be discussed in the course of lectures with topics like art trade and fairs, methods and recognition of falsifications, authenticity, creation index, difference between referee and expert, art as asset class\/ investment\/ financial object\/ prestige good, contemporary and modern art. The lectures can be arranged academically or casually, to deepen or refresh acquired knowledge. In either case they can be an enrichment for interdisciplinary approaches or inspiring discussions, both in a public and in a private environment.<\/p><p style=\"text-align: left;\"><strong>For companies &amp; Start-Ups: <\/strong><\/p><p style=\"text-align: left;\">Innovation through interdisciplinary approaches. I date art. offers workshops for members of the art market and companies of other branches, who wish to broaden their professional horizons or want to derive insights from the art specific mechanisms for their corporate structure. These workshops can be arranged as a teambuilding event or as a seminar on management level to set a change of perspectives.<\/p><p style=\"text-align: left;\">The time frame and the focus of the workshops, seminars and lectures will be jointly agreed upon the requirements of the customer and discussed in advance. This leaves enough space for the individual orientation, to precisely convey knowledge and recent approaches.<\/p>\t\t\t\t\t\t<\/div>\n\t\t\t\t<\/div>\n\t\t\t\t\t<\/div>\n\t\t<\/div>\n\t\t\t\t\t\t\t<\/div>\n\t\t<\/section>\n\t\t\t\t\t\t\t<\/div>","protected":false},"excerpt":{"rendered":"<p>Der Leistungsumfang von I date art.\u00ae umfasst neben der Berater- und Gutachtert\u00e4tigkeit auch das Angebot, thematisch an den Kunstmarkt angelehnte Seminare, universit\u00e4re Lehrveranstaltungen und Workshops durchzuf\u00fchren.\u00a0 Die Veranstaltungen werden in Deutsch und Englisch angeboten und finden weltweit statt. F\u00fcr Hochschulen &amp; Absolventen: Zusammen mit dem Caspar-David-Friedrich-Institut in Greifswald und anderen Bildungsinstitutionen bietet I date art.\u00ae [&hellip;]<\/p>","protected":false},"author":1,"featured_media":0,"parent":0,"menu_order":0,"comment_status":"closed","ping_status":"closed","template":"","meta":{"jetpack_post_was_ever_published":false,"footnotes":""},"class_list":["post-99","page","type-page","status-publish","hentry"],"yoast_head":"<!-- This site is optimized with the Yoast SEO plugin v24.9 - https:\/\/yoast.com\/wordpress\/plugins\/seo\/ -->\n<title>Kongresse, Vortr\u00e4ge &amp; Lehre - I date art.<\/title>\n<meta name=\"robots\" content=\"index, follow, max-snippet:-1, max-image-preview:large, max-video-preview:-1\" \/>\n<link rel=\"canonical\" href=\"https:\/\/idateart.com\/en\/vortraege-lehre\/\" \/>\n<meta property=\"og:locale\" content=\"en_US\" \/>\n<meta property=\"og:type\" content=\"article\" \/>\n<meta property=\"og:title\" content=\"Kongresse, Vortr\u00e4ge &amp; Lehre - I date art.\" \/>\n<meta property=\"og:description\" content=\"Der Leistungsumfang von I date art.\u00ae umfasst neben der Berater- und Gutachtert\u00e4tigkeit auch das Angebot, thematisch an den Kunstmarkt angelehnte Seminare, universit\u00e4re Lehrveranstaltungen und Workshops durchzuf\u00fchren.\u00a0 Die Veranstaltungen werden in Deutsch und Englisch angeboten und finden weltweit statt. F\u00fcr Hochschulen &amp; Absolventen: Zusammen mit dem Caspar-David-Friedrich-Institut in Greifswald und anderen Bildungsinstitutionen bietet I date art.\u00ae [&hellip;]\" \/>\n<meta property=\"og:url\" content=\"https:\/\/idateart.com\/en\/vortraege-lehre\/\" \/>\n<meta property=\"og:site_name\" content=\"I date art.\" \/>\n<meta property=\"article:publisher\" content=\"https:\/\/www.facebook.com\/i.date.art.artconsulting\/\" \/>\n<meta property=\"article:modified_time\" content=\"2022-07-23T13:30:01+00:00\" \/>\n<meta name=\"twitter:card\" content=\"summary_large_image\" \/>\n<meta name=\"twitter:label1\" content=\"Est. reading time\" \/>\n\t<meta name=\"twitter:data1\" content=\"3 minutes\" \/>\n<script type=\"application\/ld+json\" class=\"yoast-schema-graph\">{\"@context\":\"https:\/\/schema.org\",\"@graph\":[{\"@type\":\"WebPage\",\"@id\":\"https:\/\/idateart.com\/vortraege-lehre\/\",\"url\":\"https:\/\/idateart.com\/vortraege-lehre\/\",\"name\":\"Kongresse, Vortr\u00e4ge & Lehre - I date art.\",\"isPartOf\":{\"@id\":\"https:\/\/idateart.com\/#website\"},\"datePublished\":\"2018-02-11T12:08:58+00:00\",\"dateModified\":\"2022-07-23T13:30:01+00:00\",\"breadcrumb\":{\"@id\":\"https:\/\/idateart.com\/vortraege-lehre\/#breadcrumb\"},\"inLanguage\":\"en-US\",\"potentialAction\":[{\"@type\":\"ReadAction\",\"target\":[\"https:\/\/idateart.com\/vortraege-lehre\/\"]}]},{\"@type\":\"BreadcrumbList\",\"@id\":\"https:\/\/idateart.com\/vortraege-lehre\/#breadcrumb\",\"itemListElement\":[{\"@type\":\"ListItem\",\"position\":1,\"name\":\"Home\",\"item\":\"https:\/\/idateart.com\/\"},{\"@type\":\"ListItem\",\"position\":2,\"name\":\"Kongresse, Vortr\u00e4ge &#038; Lehre\"}]},{\"@type\":\"WebSite\",\"@id\":\"https:\/\/idateart.com\/#website\",\"url\":\"https:\/\/idateart.com\/\",\"name\":\"I date art.\",\"description\":\"ART CONSULTING \",\"publisher\":{\"@id\":\"https:\/\/idateart.com\/#organization\"},\"potentialAction\":[{\"@type\":\"SearchAction\",\"target\":{\"@type\":\"EntryPoint\",\"urlTemplate\":\"https:\/\/idateart.com\/?s={search_term_string}\"},\"query-input\":{\"@type\":\"PropertyValueSpecification\",\"valueRequired\":true,\"valueName\":\"search_term_string\"}}],\"inLanguage\":\"en-US\"},{\"@type\":\"Organization\",\"@id\":\"https:\/\/idateart.com\/#organization\",\"name\":\"I date art.\",\"url\":\"https:\/\/idateart.com\/\",\"logo\":{\"@type\":\"ImageObject\",\"inLanguage\":\"en-US\",\"@id\":\"https:\/\/idateart.com\/#\/schema\/logo\/image\/\",\"url\":\"https:\/\/idateart.com\/wp-content\/uploads\/2022\/07\/cropped-IMG_0565-1.jpg\",\"contentUrl\":\"https:\/\/idateart.com\/wp-content\/uploads\/2022\/07\/cropped-IMG_0565-1.jpg\",\"width\":2048,\"height\":594,\"caption\":\"I date art.\"},\"image\":{\"@id\":\"https:\/\/idateart.com\/#\/schema\/logo\/image\/\"},\"sameAs\":[\"https:\/\/www.facebook.com\/i.date.art.artconsulting\/\",\"http:\/\/i.date.art\",\"https:\/\/www.linkedin.com\/in\/dr-franziska-ida-neumann-978810134\/\"]}]}<\/script>\n<!-- \/ Yoast SEO plugin. -->","yoast_head_json":{"title":"Kongresse, Vortr\u00e4ge & Lehre - I date art.","robots":{"index":"index","follow":"follow","max-snippet":"max-snippet:-1","max-image-preview":"max-image-preview:large","max-video-preview":"max-video-preview:-1"},"canonical":"https:\/\/idateart.com\/en\/vortraege-lehre\/","og_locale":"en_US","og_type":"article","og_title":"Kongresse, Vortr\u00e4ge & Lehre - I date art.","og_description":"Der Leistungsumfang von I date art.\u00ae umfasst neben der Berater- und Gutachtert\u00e4tigkeit auch das Angebot, thematisch an den Kunstmarkt angelehnte Seminare, universit\u00e4re Lehrveranstaltungen und Workshops durchzuf\u00fchren.\u00a0 Die Veranstaltungen werden in Deutsch und Englisch angeboten und finden weltweit statt. F\u00fcr Hochschulen &amp; Absolventen: Zusammen mit dem Caspar-David-Friedrich-Institut in Greifswald und anderen Bildungsinstitutionen bietet I date art.\u00ae [&hellip;]","og_url":"https:\/\/idateart.com\/en\/vortraege-lehre\/","og_site_name":"I date art.","article_publisher":"https:\/\/www.facebook.com\/i.date.art.artconsulting\/","article_modified_time":"2022-07-23T13:30:01+00:00","twitter_card":"summary_large_image","twitter_misc":{"Est. reading time":"3 minutes"},"schema":{"@context":"https:\/\/schema.org","@graph":[{"@type":"WebPage","@id":"https:\/\/idateart.com\/vortraege-lehre\/","url":"https:\/\/idateart.com\/vortraege-lehre\/","name":"Kongresse, Vortr\u00e4ge & Lehre - I date art.","isPartOf":{"@id":"https:\/\/idateart.com\/#website"},"datePublished":"2018-02-11T12:08:58+00:00","dateModified":"2022-07-23T13:30:01+00:00","breadcrumb":{"@id":"https:\/\/idateart.com\/vortraege-lehre\/#breadcrumb"},"inLanguage":"en-US","potentialAction":[{"@type":"ReadAction","target":["https:\/\/idateart.com\/vortraege-lehre\/"]}]},{"@type":"BreadcrumbList","@id":"https:\/\/idateart.com\/vortraege-lehre\/#breadcrumb","itemListElement":[{"@type":"ListItem","position":1,"name":"Home","item":"https:\/\/idateart.com\/"},{"@type":"ListItem","position":2,"name":"Kongresse, Vortr\u00e4ge &#038; Lehre"}]},{"@type":"WebSite","@id":"https:\/\/idateart.com\/#website","url":"https:\/\/idateart.com\/","name":"I date art.","description":"ART CONSULTING ","publisher":{"@id":"https:\/\/idateart.com\/#organization"},"potentialAction":[{"@type":"SearchAction","target":{"@type":"EntryPoint","urlTemplate":"https:\/\/idateart.com\/?s={search_term_string}"},"query-input":{"@type":"PropertyValueSpecification","valueRequired":true,"valueName":"search_term_string"}}],"inLanguage":"en-US"},{"@type":"Organization","@id":"https:\/\/idateart.com\/#organization","name":"I date art.","url":"https:\/\/idateart.com\/","logo":{"@type":"ImageObject","inLanguage":"en-US","@id":"https:\/\/idateart.com\/#\/schema\/logo\/image\/","url":"https:\/\/idateart.com\/wp-content\/uploads\/2022\/07\/cropped-IMG_0565-1.jpg","contentUrl":"https:\/\/idateart.com\/wp-content\/uploads\/2022\/07\/cropped-IMG_0565-1.jpg","width":2048,"height":594,"caption":"I date art."},"image":{"@id":"https:\/\/idateart.com\/#\/schema\/logo\/image\/"},"sameAs":["https:\/\/www.facebook.com\/i.date.art.artconsulting\/","http:\/\/i.date.art","https:\/\/www.linkedin.com\/in\/dr-franziska-ida-neumann-978810134\/"]}]}},"jetpack_sharing_enabled":true,"jetpack_shortlink":"https:\/\/wp.me\/P9Efie-1B","_links":{"self":[{"href":"https:\/\/idateart.com\/en\/wp-json\/wp\/v2\/pages\/99","targetHints":{"allow":["GET"]}}],"collection":[{"href":"https:\/\/idateart.com\/en\/wp-json\/wp\/v2\/pages"}],"about":[{"href":"https:\/\/idateart.com\/en\/wp-json\/wp\/v2\/types\/page"}],"author":[{"embeddable":true,"href":"https:\/\/idateart.com\/en\/wp-json\/wp\/v2\/users\/1"}],"replies":[{"embeddable":true,"href":"https:\/\/idateart.com\/en\/wp-json\/wp\/v2\/comments?post=99"}],"version-history":[{"count":18,"href":"https:\/\/idateart.com\/en\/wp-json\/wp\/v2\/pages\/99\/revisions"}],"predecessor-version":[{"id":1595,"href":"https:\/\/idateart.com\/en\/wp-json\/wp\/v2\/pages\/99\/revisions\/1595"}],"wp:attachment":[{"href":"https:\/\/idateart.com\/en\/wp-json\/wp\/v2\/media?parent=99"}],"curies":[{"name":"wp","href":"https:\/\/api.w.org\/{rel}","templated":true}]}}